{"id":10,"date":"2022-01-10T15:20:43","date_gmt":"2022-01-10T14:20:43","guid":{"rendered":"https:\/\/max-leven-zentrum.de\/150synagoge\/?page_id=10"},"modified":"2023-03-24T15:04:21","modified_gmt":"2023-03-24T14:04:21","slug":"gestalte-deine-website-mit-bloecken","status":"publish","type":"page","link":"https:\/\/max-leven-zentrum.de\/150synagoge\/","title":{"rendered":"150 Jahre Solinger Synagoge"},"content":{"rendered":"\n<figure class=\"wp-block-image alignright size-large is-resized\"><a href=\"https:\/\/max-leven-zentrum.de\/150synagoge\/wp-content\/uploads\/2022\/02\/Einladung_Titel.jpg\"><img loading=\"lazy\" decoding=\"async\" src=\"https:\/\/max-leven-zentrum.de\/150synagoge\/wp-content\/uploads\/2022\/02\/Einladung_Titel-508x1024.jpg\" alt=\"\" class=\"wp-image-126\" width=\"254\" height=\"512\" srcset=\"https:\/\/max-leven-zentrum.de\/150synagoge\/wp-content\/uploads\/2022\/02\/Einladung_Titel-508x1024.jpg 508w, https:\/\/max-leven-zentrum.de\/150synagoge\/wp-content\/uploads\/2022\/02\/Einladung_Titel-149x300.jpg 149w, https:\/\/max-leven-zentrum.de\/150synagoge\/wp-content\/uploads\/2022\/02\/Einladung_Titel-768x1547.jpg 768w, https:\/\/max-leven-zentrum.de\/150synagoge\/wp-content\/uploads\/2022\/02\/Einladung_Titel-762x1536.jpg 762w, https:\/\/max-leven-zentrum.de\/150synagoge\/wp-content\/uploads\/2022\/02\/Einladung_Titel-1017x2048.jpg 1017w, https:\/\/max-leven-zentrum.de\/150synagoge\/wp-content\/uploads\/2022\/02\/Einladung_Titel.jpg 1231w\" sizes=\"auto, (max-width: 254px) 100vw, 254px\" \/><\/a><\/figure>\n\n\n\n<p>Am <strong>8. M\u00e4rz 1872<\/strong> weihte die <a rel=\"noreferrer noopener\" href=\"https:\/\/juedischer-friedhof-solingen.de\/geschichte-der-juedischen-gemeinde\/\" target=\"_blank\">j\u00fcdische Gemeinde Solingens<\/a> ihre neu gebaute Synagoge ein. Es war ein Fest f\u00fcr die gesamte Stadt und ihre Bev\u00f6lkerung. Nach einem von der alten Synagoge ausgehenden Festumzug versammelten sich der Vorstand und die Repr\u00e4sentanten der Gemeinde, die Honoratioren der Stadt und zahlreiche prominente G\u00e4ste zur Schl\u00fcssel\u00fcbergabe vor dem Gotteshaus an der Malteserstra\u00dfe. Aus der Festpredigt des Rabbiners Dr. Schwarz zitierte das <a rel=\"noreferrer noopener\" href=\"https:\/\/zeitpunkt.nrw\/ulbbn\/periodical\/zoom\/8057687\" target=\"_blank\">Solinger Kreis-Intelligenzblatt<\/a>: <em>\u201eda\u00df in dem seit Jahrhunderten wegen seiner productiven Th\u00e4tigkeit ber\u00fchmten Solingen nie ein besserer Stahl geschmiedet worden sei, als der der br\u00fcderlichen Liebe unter allen Confessionen; das sei die beste Waffe gegen den Fanatismus.\u201c<\/em>  Der neoromanische Kuppelbau wurde f\u00fcr mehr als 60 Jahre zum Mittelpunkt des j\u00fcdischen Gemeindelebens. Er bot 90 bis 100 M\u00e4nnern sowie 60 Frauen Platz, zudem umfasste er einen Wohnraum f\u00fcr den Gemeindelehrer.<\/p>\n\n\n\n<p>Die \u201eMachtergreifung\u201c der Nationalsozialisten beendete 1933 die friedliche Koexistenz der Religionen. Juden wurden zu Staatsfeinden erkl\u00e4rt und sukzessive aus der NS-Gesellschaft ausgeschlossen.<\/p>\n\n\n\n<p>In der Pogromnacht vom <strong>9. auf den 10. November 1938<\/strong> war die Synagoge gegen Mitternacht das Ziel eines 20-30 Mann starken SA-Trupps unter der F\u00fchrung von Obersturmbannf\u00fchrer Alex Katerndahl. Das Gotteshaus wurde <a rel=\"noreferrer noopener\" href=\"https:\/\/max-leven-zentrum.de\/closedbutopen-novemberpogrom\/1076\/\" target=\"_blank\">gepl\u00fcndert und in Brand gesteckt<\/a>. Die Polizei schritt nicht ein, die Feuerwehr sch\u00fctzte lediglich die benachbarten H\u00e4user vor dem \u00dcbergreifen der Flammen. Die Stadt Solingen lie\u00df die Ruine abrei\u00dfen, legte der Gemeinde die daf\u00fcr entstandenen Kosten auf und zwang sie schlie\u00dflich zur \u00dcbertragung des Gel\u00e4ndes. 1943\/44 errichtete sie einen Hochbunker auf dem Grundst\u00fcck.<\/p>\n\n\n\n<p>Am Samstag, <strong>12. M\u00e4rz 2022<\/strong> beging die Stadt Solingen <a href=\"https:\/\/max-leven-zentrum.de\/150synagoge\/festakt\/\" data-type=\"page\" data-id=\"232\">mit einem Festakt<\/a> den <strong>150. Jahrestag der Einweihung der Solinger Synagoge<\/strong>. <\/p>\n\n\n\n<figure class=\"wp-block-image alignright size-medium\"><img loading=\"lazy\" decoding=\"async\" width=\"200\" height=\"300\" src=\"https:\/\/max-leven-zentrum.de\/150synagoge\/wp-content\/uploads\/2022\/03\/IDT_8918-200x300.jpg\" alt=\"\" class=\"wp-image-201\" srcset=\"https:\/\/max-leven-zentrum.de\/150synagoge\/wp-content\/uploads\/2022\/03\/IDT_8918-200x300.jpg 200w, https:\/\/max-leven-zentrum.de\/150synagoge\/wp-content\/uploads\/2022\/03\/IDT_8918-683x1024.jpg 683w, https:\/\/max-leven-zentrum.de\/150synagoge\/wp-content\/uploads\/2022\/03\/IDT_8918-768x1152.jpg 768w, https:\/\/max-leven-zentrum.de\/150synagoge\/wp-content\/uploads\/2022\/03\/IDT_8918-1024x1536.jpg 1024w, https:\/\/max-leven-zentrum.de\/150synagoge\/wp-content\/uploads\/2022\/03\/IDT_8918-1365x2048.jpg 1365w, https:\/\/max-leven-zentrum.de\/150synagoge\/wp-content\/uploads\/2022\/03\/IDT_8918-scaled.jpg 1707w\" sizes=\"auto, (max-width: 200px) 100vw, 200px\" \/><figcaption class=\"wp-element-caption\">Skulptur der Fensterrose am Bunker. Foto: Daniela Tobias<\/figcaption><\/figure>\n\n\n\n<p>Zun\u00e4chst wurde am Bunker Malteserstra\u00dfe die von dem Solinger K\u00fcnstler Michael Bauer-Brandes entworfene Fensterrose durch Oberb\u00fcrgermeister Tim Kurzbach und Rabbiner Chaim Kornblum eingeweiht. Sie soll die Geschichte des Ortes wieder sichtbar machen, die lange Zeit durch Beton und Efeu verdeckt wurde. Der im Durchmesser vier Meter breite Entwurf greift die Gestalt der originalen Fensterrose der Synagoge auf und abstrahiert deren Form durch Ringe aus geschichteten Cortenstahl-Winkeln. Die innenliegenden sechs Davidsterne aus Edelstahl stehen sinnbildlich f\u00fcr das j\u00fcdische Leben, das hier sein Zentrum hatte. Gerade weil die Rheinische Landeszeitung am 11. November 1938 meinte triumphieren zu k\u00f6nnen, dass der \u201eprovozierende\u201c Davidstern nun nicht mehr \u00fcber Solingen leuchte, ist ein solches Zeichen der Erinnerung und Mahnung heute umso wichtiger.<\/p>\n\n\n\n<p>Bei dem sich anschlie\u00dfenden Festakt f\u00fcr geladene G\u00e4ste in der evangelischen Stadtkirche am Fronhof sprach Abraham Lehrer, Vizepr\u00e4sident des Zentralrats der Juden in Deutschland, Mitbegr\u00fcnder des Vereins \u201e1700 Jahre j\u00fcdisches Leben in Deutschland\u201c und Vorstandsmitglied der Synagogen-Gemeinde K\u00f6ln, als Gastredner. Anwesend waren auch Nachfahr:innen der Familien Coppel und Feist sowie Vertreter:innen der J\u00fcdischen Kultusgemeinde Wuppertal.<\/p>\n\n\n\n<p>Am Sonntag, <strong>13. M\u00e4rz 2022<\/strong> wurden die <a rel=\"noreferrer noopener\" href=\"https:\/\/stolpersteine-solingen.de\/stolpersteinverlegung-fuer-familie-feist\/1523\" target=\"_blank\">Stolpersteine der Familien Siegfried und Albert Feist<\/a> in Anwesenheit von Angeh\u00f6rigen zun\u00e4chst an der Katternberger Stra\u00dfe 37 und anschlie\u00dfend an der K\u00f6lner Stra\u00dfe 18 verlegt.<\/p>\n\n\n\n<p>Am <strong>17. Juni 2022<\/strong> startete die <strong>Workshop-Reihe<\/strong> <a href=\"https:\/\/max-leven-zentrum.de\/150synagoge\/heimatwerkstatt\/\" data-type=\"page\" data-id=\"308\">\u201eHeimatwerkstatt Synagoge Solingen \u2013 Bunker Malteserstra\u00dfe\u201c<\/a>. Zusammen mit interessierten Solingerinnen und Solingern wurde der Blick auf die j\u00fcdische Geschichte, Orte der Erinnerung und heutiges j\u00fcdisches Leben geworfen werden. In einer gemeinsamen Kreativwerkstatt wurden anschlie\u00dfend Ideen f\u00fcr die Gestaltung des Bunkers an der Malteserstra\u00dfe als Erinnerungsort am Standort der ehemaligem Synagoge entwickelt und in einer Abschlussveranstaltung am <strong>14. November 2022<\/strong> pr\u00e4sentiert.<\/p>\n","protected":false},"excerpt":{"rendered":"<p>Am 8. M\u00e4rz 1872 weihte die j\u00fcdische Gemeinde Solingens ihre neu gebaute Synagoge ein. Es war ein Fest f\u00fcr die<\/p>\n","protected":false},"author":2,"featured_media":0,"parent":0,"menu_order":0,"comment_status":"closed","ping_status":"closed","template":"","meta":{"colormag_page_layout":"default_layout","footnotes":""},"class_list":["post-10","page","type-page","status-publish","hentry"],"_links":{"self":[{"href":"https:\/\/max-leven-zentrum.de\/150synagoge\/wp-json\/wp\/v2\/pages\/10","targetHints":{"allow":["GET"]}}],"collection":[{"href":"https:\/\/max-leven-zentrum.de\/150synagoge\/wp-json\/wp\/v2\/pages"}],"about":[{"href":"https:\/\/max-leven-zentrum.de\/150synagoge\/wp-json\/wp\/v2\/types\/page"}],"author":[{"embeddable":true,"href":"https:\/\/max-leven-zentrum.de\/150synagoge\/wp-json\/wp\/v2\/users\/2"}],"replies":[{"embeddable":true,"href":"https:\/\/max-leven-zentrum.de\/150synagoge\/wp-json\/wp\/v2\/comments?post=10"}],"version-history":[{"count":29,"href":"https:\/\/max-leven-zentrum.de\/150synagoge\/wp-json\/wp\/v2\/pages\/10\/revisions"}],"predecessor-version":[{"id":510,"href":"https:\/\/max-leven-zentrum.de\/150synagoge\/wp-json\/wp\/v2\/pages\/10\/revisions\/510"}],"wp:attachment":[{"href":"https:\/\/max-leven-zentrum.de\/150synagoge\/wp-json\/wp\/v2\/media?parent=10"}],"curies":[{"name":"wp","href":"https:\/\/api.w.org\/{rel}","templated":true}]}}