{"id":11,"date":"2022-01-10T15:20:43","date_gmt":"2022-01-10T14:20:43","guid":{"rendered":"https:\/\/max-leven-zentrum.de\/150synagoge\/?page_id=11"},"modified":"2025-05-16T15:18:07","modified_gmt":"2025-05-16T13:18:07","slug":"zeitleiste","status":"publish","type":"page","link":"https:\/\/max-leven-zentrum.de\/150synagoge\/zeitleiste\/","title":{"rendered":"Zeitleiste"},"content":{"rendered":"\n<p>Nachdem das Haus der alten Synagoge am S\u00fcdwall, das Michel David und Coppel Samuel 1787 gekauft hatten, zu klein geworden war, beschloss die <a rel=\"noreferrer noopener\" href=\"https:\/\/juedischer-friedhof-solingen.de\/geschichte-der-juedischen-gemeinde\/\" target=\"_blank\">j\u00fcdische Gemeinde<\/a> 1861 den Neubau einer gr\u00f6\u00dferen repr\u00e4sentativen Synagoge. Die hier gezeigte Zeitleiste gibt Ihnen einen kompakten \u00dcberblick \u00fcber die Geschichte der Synagogegemeinde. Einen tieferen Einblick in das Selbstverst\u00e4ndnis und die Wahrnehmung in der Stadtgesellschaft bieten <a href=\"https:\/\/max-leven-zentrum.de\/150synagoge\/die-gemeinde\/\" data-type=\"page\" data-id=\"12\">ausgew\u00e4hlte Stimmen<\/a> von Gemeindemitgliedern und Au\u00dfenstehenden.<\/p>\n\n\n\n<ul class=\"wp-block-list\">\n<li><strong>1854 <\/strong>Konstituierung der Synagogengemeinde Solingen<\/li>\n\n\n\n<li><strong>1861 <\/strong>Ankauf des Grundst\u00fccks an der Malteserstra\u00dfe<\/li>\n\n\n\n<li><strong>1870 <\/strong>Baugenehmigung und Baubeginn der neuen Synagoge<\/li>\n\n\n\n<li><strong>8. M\u00e4rz 1872<\/strong> Einweihung der neuen Synagoge mit einem Festzug, Festgottesdienst und Ball<\/li>\n\n\n\n<li><strong>1884 <\/strong>Anstellung von Max Joseph als Vorbeter und Lehrer<\/li>\n\n\n\n<li><strong>1906 <\/strong>Anstellung von <a rel=\"noreferrer noopener\" href=\"https:\/\/max-leven-zentrum.de\/closedbutopen-helene-sternsdorff\/1098\/\" target=\"_blank\">Helene Sternsdorff<\/a> f\u00fcr das Harmonium<\/li>\n\n\n\n<li><strong>1914-1918<\/strong> Acht Mitglieder der Synagogengemeinde fallen im Ersten Weltkrieg<\/li>\n\n\n\n<li><strong>1933 <\/strong>Lehrer Max Joseph stirbt nach 49 Jahren im Dienst der Gemeinde<\/li>\n\n\n\n<li><strong>28. M\u00e4rz 1938<\/strong> Die Synagogengemeinde wird zum Verein degradiert<\/li>\n\n\n\n<li><strong>10. November 1938<\/strong> Die Synagoge wird in der <a rel=\"noreferrer noopener\" href=\"https:\/\/max-leven-zentrum.de\/closedbutopen-novemberpogrom\/1076\/\" target=\"_blank\">Pogromnacht<\/a> gepl\u00fcndert und in Brand gesteckt<\/li>\n\n\n\n<li><strong>18. Januar 1939<\/strong> Beendigung des Abrisses<\/li>\n\n\n\n<li><strong>1. September 1939<\/strong> Die Stadt Solingen \u00fcbernimmt das Grundst\u00fcck zum Preis der Abrisskosten<\/li>\n\n\n\n<li><strong>30. Oktober 1941<\/strong> L\u00f6schung der Synagogengemeinde aus dem Vereinsregister<\/li>\n\n\n\n<li><strong>4. August 1942<\/strong> Tod des letzten Vorsitzenden der Synagogengemeinde <a rel=\"noreferrer noopener\" href=\"https:\/\/max-leven-zentrum.de\/closedbutopen-dr-alexander-coppel\/1082\/\" target=\"_blank\">Dr. Alexander Coppel<\/a> in Theresienstadt<\/li>\n\n\n\n<li><strong>1943\/44<\/strong> Bau des Hochbunkers auf dem Grundst\u00fcck der abgerissenen Synagoge<\/li>\n\n\n\n<li><strong>1946 <\/strong>Neugr\u00fcndung der J\u00fcdischen Kultusgemeinde Wuppertal <\/li>\n\n\n\n<li><strong>1979 <\/strong>Anbringung einer <a rel=\"noreferrer noopener\" href=\"https:\/\/max-leven-zentrum.de\/closedbutopen-gedenken-nach-1945\/3697\/\" target=\"_blank\">Gedenktafel<\/a> an den Bunker<\/li>\n\n\n\n<li><strong>1996 <\/strong>Er\u00f6ffnung einer Dauerausstellung der AG Bunker\/Synagoge im Gymnasium Schwertstra\u00dfe<\/li>\n\n\n\n<li><strong>2. Dezember 2002<\/strong> Einweihung der neuen Synagoge der J\u00fcdischen Kultusgemeinde Wuppertal in Wuppertal-Barmen<\/li>\n\n\n\n<li><strong>2021 <\/strong>Erwerb des Bunkers durch die Stadt Solingen<\/li>\n\n\n\n<li><strong>12. M\u00e4rz 2022 <\/strong><a href=\"https:\/\/max-leven-zentrum.de\/150synagoge\/festakt\/\" data-type=\"page\" data-id=\"232\">Festakt<\/a> zum Jubil\u00e4um des 150. Jahrestags der Einweihung und Start des Prozesses zur Neugestaltung des Ortes<\/li>\n<\/ul>\n\n\n\n<figure class=\"wp-block-gallery has-nested-images columns-default is-cropped wp-block-gallery-1 is-layout-flex wp-block-gallery-is-layout-flex\">\n<figure class=\"wp-block-image size-large\"><img loading=\"lazy\" decoding=\"async\" width=\"773\" height=\"1024\" data-id=\"144\" src=\"https:\/\/max-leven-zentrum.de\/150synagoge\/wp-content\/uploads\/2022\/02\/RS-20004-773x1024.jpg\" alt=\"\" class=\"wp-image-144\" srcset=\"https:\/\/max-leven-zentrum.de\/150synagoge\/wp-content\/uploads\/2022\/02\/RS-20004-773x1024.jpg 773w, https:\/\/max-leven-zentrum.de\/150synagoge\/wp-content\/uploads\/2022\/02\/RS-20004-226x300.jpg 226w, https:\/\/max-leven-zentrum.de\/150synagoge\/wp-content\/uploads\/2022\/02\/RS-20004-768x1018.jpg 768w, https:\/\/max-leven-zentrum.de\/150synagoge\/wp-content\/uploads\/2022\/02\/RS-20004-1159x1536.jpg 1159w, https:\/\/max-leven-zentrum.de\/150synagoge\/wp-content\/uploads\/2022\/02\/RS-20004-1545x2048.jpg 1545w, https:\/\/max-leven-zentrum.de\/150synagoge\/wp-content\/uploads\/2022\/02\/RS-20004-scaled.jpg 1932w\" sizes=\"auto, (max-width: 773px) 100vw, 773px\" \/><figcaption class=\"wp-element-caption\">Alte Synagoge am S\u00fcdwall (Ufergarten). Quelle: Stadtarchiv Solingen RS 20004<\/figcaption><\/figure>\n\n\n\n<figure class=\"wp-block-image size-large\"><img loading=\"lazy\" decoding=\"async\" width=\"1794\" height=\"2560\" data-id=\"30\" src=\"https:\/\/max-leven-zentrum.de\/150synagoge\/wp-content\/uploads\/2022\/01\/RS-15816-scaled.jpg\" alt=\"\" class=\"wp-image-30\" srcset=\"https:\/\/max-leven-zentrum.de\/150synagoge\/wp-content\/uploads\/2022\/01\/RS-15816-scaled.jpg 1794w, https:\/\/max-leven-zentrum.de\/150synagoge\/wp-content\/uploads\/2022\/01\/RS-15816-210x300.jpg 210w, https:\/\/max-leven-zentrum.de\/150synagoge\/wp-content\/uploads\/2022\/01\/RS-15816-717x1024.jpg 717w, https:\/\/max-leven-zentrum.de\/150synagoge\/wp-content\/uploads\/2022\/01\/RS-15816-768x1096.jpg 768w, https:\/\/max-leven-zentrum.de\/150synagoge\/wp-content\/uploads\/2022\/01\/RS-15816-1076x1536.jpg 1076w, https:\/\/max-leven-zentrum.de\/150synagoge\/wp-content\/uploads\/2022\/01\/RS-15816-1435x2048.jpg 1435w\" sizes=\"auto, (max-width: 1794px) 100vw, 1794px\" \/><figcaption class=\"wp-element-caption\">Neue Synagoge an der Malteserstra\u00dfe. Quelle: Stadtarchiv Solingen RS 15816<\/figcaption><\/figure>\n<\/figure>\n\n\n\n<figure class=\"wp-block-image aligncenter size-full\"><img loading=\"lazy\" decoding=\"async\" width=\"553\" height=\"988\" src=\"https:\/\/max-leven-zentrum.de\/150synagoge\/wp-content\/uploads\/2022\/02\/SKIB18720310.jpg\" alt=\"\" class=\"wp-image-148\" srcset=\"https:\/\/max-leven-zentrum.de\/150synagoge\/wp-content\/uploads\/2022\/02\/SKIB18720310.jpg 553w, https:\/\/max-leven-zentrum.de\/150synagoge\/wp-content\/uploads\/2022\/02\/SKIB18720310-168x300.jpg 168w\" sizes=\"auto, (max-width: 553px) 100vw, 553px\" \/><figcaption class=\"wp-element-caption\">Das Solinger Kreis-Intelligenzblatt berichtete am 10. M\u00e4rz 1872 \u00fcber die feierliche Einweihung der Synagoge, Quelle: Stadtarchiv Solingen<\/figcaption><\/figure>\n\n\n\n<figure class=\"wp-block-image size-large\"><img loading=\"lazy\" decoding=\"async\" width=\"1024\" height=\"688\" src=\"https:\/\/max-leven-zentrum.de\/150synagoge\/wp-content\/uploads\/2025\/05\/Bella_8989-1024x688.jpg\" alt=\"\" class=\"wp-image-615\" srcset=\"https:\/\/max-leven-zentrum.de\/150synagoge\/wp-content\/uploads\/2025\/05\/Bella_8989-1024x688.jpg 1024w, https:\/\/max-leven-zentrum.de\/150synagoge\/wp-content\/uploads\/2025\/05\/Bella_8989-300x202.jpg 300w, https:\/\/max-leven-zentrum.de\/150synagoge\/wp-content\/uploads\/2025\/05\/Bella_8989-768x516.jpg 768w, https:\/\/max-leven-zentrum.de\/150synagoge\/wp-content\/uploads\/2025\/05\/Bella_8989-1536x1032.jpg 1536w, https:\/\/max-leven-zentrum.de\/150synagoge\/wp-content\/uploads\/2025\/05\/Bella_8989-2048x1376.jpg 2048w\" sizes=\"auto, (max-width: 1024px) 100vw, 1024px\" \/><figcaption class=\"wp-element-caption\">1935 feierten die Kinder der j\u00fcdischen Gemeinde mit dem Kantor Jakob Okunski noch das Purim-Fest. Quelle: Bella Tabak Altura<\/figcaption><\/figure>\n","protected":false},"excerpt":{"rendered":"<p>Nachdem das Haus der alten Synagoge am S\u00fcdwall, das Michel David und Coppel Samuel 1787 gekauft hatten, zu klein geworden<\/p>\n","protected":false},"author":2,"featured_media":0,"parent":0,"menu_order":0,"comment_status":"closed","ping_status":"closed","template":"","meta":{"colormag_page_layout":"default_layout","footnotes":""},"class_list":["post-11","page","type-page","status-publish","hentry"],"_links":{"self":[{"href":"https:\/\/max-leven-zentrum.de\/150synagoge\/wp-json\/wp\/v2\/pages\/11","targetHints":{"allow":["GET"]}}],"collection":[{"href":"https:\/\/max-leven-zentrum.de\/150synagoge\/wp-json\/wp\/v2\/pages"}],"about":[{"href":"https:\/\/max-leven-zentrum.de\/150synagoge\/wp-json\/wp\/v2\/types\/page"}],"author":[{"embeddable":true,"href":"https:\/\/max-leven-zentrum.de\/150synagoge\/wp-json\/wp\/v2\/users\/2"}],"replies":[{"embeddable":true,"href":"https:\/\/max-leven-zentrum.de\/150synagoge\/wp-json\/wp\/v2\/comments?post=11"}],"version-history":[{"count":21,"href":"https:\/\/max-leven-zentrum.de\/150synagoge\/wp-json\/wp\/v2\/pages\/11\/revisions"}],"predecessor-version":[{"id":616,"href":"https:\/\/max-leven-zentrum.de\/150synagoge\/wp-json\/wp\/v2\/pages\/11\/revisions\/616"}],"wp:attachment":[{"href":"https:\/\/max-leven-zentrum.de\/150synagoge\/wp-json\/wp\/v2\/media?parent=11"}],"curies":[{"name":"wp","href":"https:\/\/api.w.org\/{rel}","templated":true}]}}