{"id":164,"date":"2022-02-25T16:05:03","date_gmt":"2022-02-25T15:05:03","guid":{"rendered":"https:\/\/max-leven-zentrum.de\/150synagoge\/?page_id=164"},"modified":"2023-04-19T09:50:24","modified_gmt":"2023-04-19T07:50:24","slug":"familie-coppel-und-die-synagogengemeinde","status":"publish","type":"page","link":"https:\/\/max-leven-zentrum.de\/150synagoge\/familie-coppel-und-die-synagogengemeinde\/","title":{"rendered":"Die Familie Coppel"},"content":{"rendered":"\n<figure class=\"wp-block-image alignright size-medium\"><img loading=\"lazy\" decoding=\"async\" width=\"300\" height=\"209\" src=\"https:\/\/max-leven-zentrum.de\/150synagoge\/wp-content\/uploads\/2022\/02\/Foto-Ellen-Johanna-und-Dorothea-Seligmann-e1620496665410-967x675-1-500x349-1-300x209.jpeg\" alt=\"\" class=\"wp-image-168\" srcset=\"https:\/\/max-leven-zentrum.de\/150synagoge\/wp-content\/uploads\/2022\/02\/Foto-Ellen-Johanna-und-Dorothea-Seligmann-e1620496665410-967x675-1-500x349-1-300x209.jpeg 300w, https:\/\/max-leven-zentrum.de\/150synagoge\/wp-content\/uploads\/2022\/02\/Foto-Ellen-Johanna-und-Dorothea-Seligmann-e1620496665410-967x675-1-500x349-1-392x272.jpeg 392w, https:\/\/max-leven-zentrum.de\/150synagoge\/wp-content\/uploads\/2022\/02\/Foto-Ellen-Johanna-und-Dorothea-Seligmann-e1620496665410-967x675-1-500x349-1-130x90.jpeg 130w, https:\/\/max-leven-zentrum.de\/150synagoge\/wp-content\/uploads\/2022\/02\/Foto-Ellen-Johanna-und-Dorothea-Seligmann-e1620496665410-967x675-1-500x349-1.jpeg 500w\" sizes=\"auto, (max-width: 300px) 100vw, 300px\" \/><figcaption class=\"wp-element-caption\">Ellen, Johanna und Dorothea Seligmann. Foto: Andrea Rey-Suter<\/figcaption><\/figure>\n\n\n\n<p>Andrea Rey-Suter, Urenkelin von Johanna Seligmann-Coppel, drehte im Sommer 2021 mit dem Filmemacher Helmut Wimmer eine Dokumentation auf den Spuren ihrer Vorfahren. Die Reise f\u00fchrte sie unter anderem nach Solingen, in die Geburtsstadt ihrer Urgro\u00dfmutter. Mit Unterst\u00fctzung des Stadtarchivs Solingen und weiteren in der Geschichtsvermittlung aktiven Menschen, besuchte Andrea Rey-Suter hier die Orte, an denen die <a rel=\"noreferrer noopener\" href=\"https:\/\/max-leven-zentrum.de\/2021JLID\/die-familie-coppel\/\" target=\"_blank\">Familie Coppel<\/a> lebte und wirkte.<\/p>\n\n\n\n<p>Der Film  gibt einzigartige Einblicke in das Leben der Tochter des Solinger Ehrenb\u00fcrgers und Gro\u00dfindustriellen Gustav Coppel und Ehefrau des Continental-Fabrikdirektors Siegmund Seligmann. In ihren letzten Lebensjahren musste Johanna Seligmann als J\u00fcdin die katastrophalen Auswirkungen der NS-Herrschaft aus dem Schweizer Exil verfolgen. Voller Sorge um ihre in Deutschland zur\u00fcckgebliebene Familie unternahm Johanna Seligmann-Coppel 1943 einen verzweifelten Versuch, ihre Enkelinnen zu retten.<\/p>\n\n\n\n<figure class=\"wp-block-image alignright size-medium is-resized\"><a href=\"https:\/\/villa-seligmann.de\/\" target=\"_blank\" rel=\"noopener\"><img loading=\"lazy\" decoding=\"async\" src=\"https:\/\/max-leven-zentrum.de\/150synagoge\/wp-content\/uploads\/2022\/03\/logo_villa-seligmann_10jahre-300x300.png\" alt=\"\" class=\"wp-image-198\" width=\"150\" height=\"150\" srcset=\"https:\/\/max-leven-zentrum.de\/150synagoge\/wp-content\/uploads\/2022\/03\/logo_villa-seligmann_10jahre-300x300.png 300w, https:\/\/max-leven-zentrum.de\/150synagoge\/wp-content\/uploads\/2022\/03\/logo_villa-seligmann_10jahre-150x150.png 150w, https:\/\/max-leven-zentrum.de\/150synagoge\/wp-content\/uploads\/2022\/03\/logo_villa-seligmann_10jahre.png 750w\" sizes=\"auto, (max-width: 150px) 100vw, 150px\" \/><\/a><\/figure>\n\n\n\n<p>Der Film feierte im Herbst 2022 in Hannover in der Villa Seligmann Premiere. Das repr\u00e4sentative Geb\u00e4ude lie\u00dfen Geheimkommerzienrat Siegmund Seligmann und seine Frau Johanna zu Beginn des 20. Jahrhunderts als Wohnhaus errichten. Ende 2006 erwarb die&nbsp;<a href=\"https:\/\/villa-seligmann.de\/organisation\/\">Siegmund Seligmann Stiftung<\/a>&nbsp;die Villa.&nbsp;Seit 2012 betreibt die Stiftung dort eine Forschungs- und Begegnungsst\u00e4tte, die sich der sakralen j\u00fcdischen Musik widmet.<\/p>\n\n\n\n<p>Hier sehen Sie einen Ausschnitt des Films, der die enge Verbindung der Familie Coppel zur Synagogengemeinde Solingen aufzeigt.<\/p>\n\n\n\n<iframe loading=\"lazy\" src=\"https:\/\/player.vimeo.com\/video\/819001977?h=9577fe24b7&amp;color=bf6418&amp;title=0&amp;byline=0&amp;portrait=0\" width=\"100%\" height=\"500px\" frameborder=\"0\" allow=\"autoplay; fullscreen; picture-in-picture\" allowfullscreen=\"\"><\/iframe>\n\n\n\n<figure class=\"wp-block-image size-large\"><img loading=\"lazy\" decoding=\"async\" width=\"1024\" height=\"683\" src=\"https:\/\/max-leven-zentrum.de\/150synagoge\/wp-content\/uploads\/2022\/02\/js_5271-1024x683.jpg\" alt=\"\" class=\"wp-image-174\" srcset=\"https:\/\/max-leven-zentrum.de\/150synagoge\/wp-content\/uploads\/2022\/02\/js_5271-1024x683.jpg 1024w, https:\/\/max-leven-zentrum.de\/150synagoge\/wp-content\/uploads\/2022\/02\/js_5271-300x200.jpg 300w, https:\/\/max-leven-zentrum.de\/150synagoge\/wp-content\/uploads\/2022\/02\/js_5271-768x512.jpg 768w, https:\/\/max-leven-zentrum.de\/150synagoge\/wp-content\/uploads\/2022\/02\/js_5271-1536x1024.jpg 1536w, https:\/\/max-leven-zentrum.de\/150synagoge\/wp-content\/uploads\/2022\/02\/js_5271-2048x1365.jpg 2048w\" sizes=\"auto, (max-width: 1024px) 100vw, 1024px\" \/><figcaption class=\"wp-element-caption\">Andrea Rey-Suter mit ihrem Sohn am Familiengrab der Coppels. Foto: Daniela Tobias<\/figcaption><\/figure>\n","protected":false},"excerpt":{"rendered":"<p>Andrea Rey-Suter, Urenkelin von Johanna Seligmann-Coppel, drehte im Sommer 2021 mit dem Filmemacher Helmut Wimmer eine Dokumentation auf den Spuren<\/p>\n","protected":false},"author":2,"featured_media":0,"parent":0,"menu_order":0,"comment_status":"closed","ping_status":"closed","template":"","meta":{"colormag_page_layout":"default_layout","footnotes":""},"class_list":["post-164","page","type-page","status-publish","hentry"],"_links":{"self":[{"href":"https:\/\/max-leven-zentrum.de\/150synagoge\/wp-json\/wp\/v2\/pages\/164","targetHints":{"allow":["GET"]}}],"collection":[{"href":"https:\/\/max-leven-zentrum.de\/150synagoge\/wp-json\/wp\/v2\/pages"}],"about":[{"href":"https:\/\/max-leven-zentrum.de\/150synagoge\/wp-json\/wp\/v2\/types\/page"}],"author":[{"embeddable":true,"href":"https:\/\/max-leven-zentrum.de\/150synagoge\/wp-json\/wp\/v2\/users\/2"}],"replies":[{"embeddable":true,"href":"https:\/\/max-leven-zentrum.de\/150synagoge\/wp-json\/wp\/v2\/comments?post=164"}],"version-history":[{"count":29,"href":"https:\/\/max-leven-zentrum.de\/150synagoge\/wp-json\/wp\/v2\/pages\/164\/revisions"}],"predecessor-version":[{"id":542,"href":"https:\/\/max-leven-zentrum.de\/150synagoge\/wp-json\/wp\/v2\/pages\/164\/revisions\/542"}],"wp:attachment":[{"href":"https:\/\/max-leven-zentrum.de\/150synagoge\/wp-json\/wp\/v2\/media?parent=164"}],"curies":[{"name":"wp","href":"https:\/\/api.w.org\/{rel}","templated":true}]}}