{"id":232,"date":"2022-03-13T21:56:57","date_gmt":"2022-03-13T20:56:57","guid":{"rendered":"https:\/\/max-leven-zentrum.de\/150synagoge\/?page_id=232"},"modified":"2023-03-24T15:04:55","modified_gmt":"2023-03-24T14:04:55","slug":"festakt","status":"publish","type":"page","link":"https:\/\/max-leven-zentrum.de\/150synagoge\/festakt\/","title":{"rendered":"Festakt"},"content":{"rendered":"\n<p><strong>Pressespiegel<\/strong><\/p>\n\n\n\n<ul class=\"wp-block-list\">\n<li><a rel=\"noreferrer noopener\" href=\"https:\/\/rp-online.de\/nrw\/staedte\/solingen\/juedisches-leben-in-solingen-mahnendes-gedenken-vor-ehemaliger-synagoge_aid-67102197\" target=\"_blank\">Mahnendes Gedenken an j\u00fcdisches Leben in Solingen<\/a> (Rheinische Morgenpost\/epd, 13.03.2022)<\/li>\n\n\n\n<li><a rel=\"noreferrer noopener\" href=\"https:\/\/www.solinger-tageblatt.de\/solingen\/fensterrose-macht-juedisches-leben-sichtbar-91407359.html\" target=\"_blank\">Fensterrose macht j\u00fcdisches Leben wieder sichtbar in Solingen<\/a> (Solinger Tageblatt, 13.03.2022)<\/li>\n\n\n\n<li><a rel=\"noreferrer noopener\" href=\"https:\/\/www.juedische-allgemeine.de\/unsere-woche\/allen-stuermen-zum-trotz\/\" target=\"_blank\">\u201eAllen St\u00fcrmen zum Trotz\u201c<\/a> (J\u00fcdische Allgemeine, 13.03.2022)<\/li>\n\n\n\n<li><a rel=\"noreferrer noopener\" href=\"https:\/\/solingenmagazin.de\/der-davidstern-leuchtet-wieder-ueber-solingen\/\" target=\"_blank\">\u201eDer Davidstern leuchtet wieder \u00fcber Solingen\u201c<\/a> (SolingenMagazin, 15.03.2022)<\/li>\n\n\n\n<li><a href=\"https:\/\/www.juedische-allgemeine.de\/unsere-woche\/zeichen-der-erinnerung\/\" target=\"_blank\" rel=\"noreferrer noopener\">Zeichen der Erinnerung<\/a> (J\u00fcdische Allgemeine, 17.03.2022)<\/li>\n<\/ul>\n\n\n\n<h3 class=\"wp-block-heading\">Programm, 12. M\u00e4rz 2022<\/h3>\n\n\n\n<figure class=\"wp-block-gallery has-nested-images columns-default is-cropped wp-block-gallery-1 is-layout-flex wp-block-gallery-is-layout-flex\">\n<figure class=\"wp-block-image size-large\"><a href=\"https:\/\/max-leven-zentrum.de\/150synagoge\/wp-content\/uploads\/2022\/03\/Festakt_8952.jpg\"><img loading=\"lazy\" decoding=\"async\" width=\"682\" height=\"1024\" data-id=\"239\" src=\"https:\/\/max-leven-zentrum.de\/150synagoge\/wp-content\/uploads\/2022\/03\/Festakt_8952-682x1024.jpg\" alt=\"\" class=\"wp-image-239\" srcset=\"https:\/\/max-leven-zentrum.de\/150synagoge\/wp-content\/uploads\/2022\/03\/Festakt_8952-682x1024.jpg 682w, https:\/\/max-leven-zentrum.de\/150synagoge\/wp-content\/uploads\/2022\/03\/Festakt_8952-200x300.jpg 200w, https:\/\/max-leven-zentrum.de\/150synagoge\/wp-content\/uploads\/2022\/03\/Festakt_8952-768x1152.jpg 768w, https:\/\/max-leven-zentrum.de\/150synagoge\/wp-content\/uploads\/2022\/03\/Festakt_8952.jpg 933w\" sizes=\"auto, (max-width: 682px) 100vw, 682px\" \/><\/a><figcaption class=\"wp-element-caption\">Annette Maye<\/figcaption><\/figure>\n\n\n\n<figure class=\"wp-block-image size-large\"><a href=\"https:\/\/max-leven-zentrum.de\/150synagoge\/wp-content\/uploads\/2022\/03\/Festakt_8946.jpg\"><img loading=\"lazy\" decoding=\"async\" width=\"682\" height=\"1024\" data-id=\"240\" src=\"https:\/\/max-leven-zentrum.de\/150synagoge\/wp-content\/uploads\/2022\/03\/Festakt_8946-682x1024.jpg\" alt=\"\" class=\"wp-image-240\" srcset=\"https:\/\/max-leven-zentrum.de\/150synagoge\/wp-content\/uploads\/2022\/03\/Festakt_8946-682x1024.jpg 682w, https:\/\/max-leven-zentrum.de\/150synagoge\/wp-content\/uploads\/2022\/03\/Festakt_8946-200x300.jpg 200w, https:\/\/max-leven-zentrum.de\/150synagoge\/wp-content\/uploads\/2022\/03\/Festakt_8946-768x1152.jpg 768w, https:\/\/max-leven-zentrum.de\/150synagoge\/wp-content\/uploads\/2022\/03\/Festakt_8946.jpg 933w\" sizes=\"auto, (max-width: 682px) 100vw, 682px\" \/><\/a><figcaption class=\"wp-element-caption\">Die Fensterrose<\/figcaption><\/figure>\n\n\n\n<figure class=\"wp-block-image size-large\"><a href=\"https:\/\/max-leven-zentrum.de\/150synagoge\/wp-content\/uploads\/2022\/03\/Festakt_8957.jpg\"><img loading=\"lazy\" decoding=\"async\" width=\"682\" height=\"1024\" data-id=\"241\" src=\"https:\/\/max-leven-zentrum.de\/150synagoge\/wp-content\/uploads\/2022\/03\/Festakt_8957-682x1024.jpg\" alt=\"\" class=\"wp-image-241\" srcset=\"https:\/\/max-leven-zentrum.de\/150synagoge\/wp-content\/uploads\/2022\/03\/Festakt_8957-682x1024.jpg 682w, https:\/\/max-leven-zentrum.de\/150synagoge\/wp-content\/uploads\/2022\/03\/Festakt_8957-200x300.jpg 200w, https:\/\/max-leven-zentrum.de\/150synagoge\/wp-content\/uploads\/2022\/03\/Festakt_8957-768x1152.jpg 768w, https:\/\/max-leven-zentrum.de\/150synagoge\/wp-content\/uploads\/2022\/03\/Festakt_8957.jpg 933w\" sizes=\"auto, (max-width: 682px) 100vw, 682px\" \/><\/a><figcaption class=\"wp-element-caption\">OB Tim Kurzbach<\/figcaption><\/figure>\n<\/figure>\n\n\n\n<hr class=\"wp-block-separator has-alpha-channel-opacity\"\/>\n\n\n\n<h4 class=\"wp-block-heading\"><strong>Einweihung der Fensterrose<\/strong><\/h4>\n\n\n\n<p>19:45 Uhr \u2013 Bunker Malteserstra\u00dfe<\/p>\n\n\n\n<ul class=\"wp-block-list\">\n<li>Musikalischer Auftakt (Annette Maye) mit Lichtinszenierung<\/li>\n\n\n\n<li>Oberb\u00fcrgermeister Tim-O. Kurzbach, Begr\u00fc\u00dfung und Ansprache<\/li>\n\n\n\n<li>Rabbiner Chaim Kornblum, Gru\u00dfwort<\/li>\n\n\n\n<li>Gang zur evangelischen Stadtkirche am Fronhof<\/li>\n<\/ul>\n\n\n\n<figure class=\"wp-block-image size-large\"><img loading=\"lazy\" decoding=\"async\" width=\"1024\" height=\"768\" src=\"https:\/\/max-leven-zentrum.de\/150synagoge\/wp-content\/uploads\/2022\/03\/IMAG1967-1024x768.jpg\" alt=\"\" class=\"wp-image-242\" srcset=\"https:\/\/max-leven-zentrum.de\/150synagoge\/wp-content\/uploads\/2022\/03\/IMAG1967-1024x768.jpg 1024w, https:\/\/max-leven-zentrum.de\/150synagoge\/wp-content\/uploads\/2022\/03\/IMAG1967-300x225.jpg 300w, https:\/\/max-leven-zentrum.de\/150synagoge\/wp-content\/uploads\/2022\/03\/IMAG1967-768x576.jpg 768w, https:\/\/max-leven-zentrum.de\/150synagoge\/wp-content\/uploads\/2022\/03\/IMAG1967-1536x1152.jpg 1536w, https:\/\/max-leven-zentrum.de\/150synagoge\/wp-content\/uploads\/2022\/03\/IMAG1967-2048x1536.jpg 2048w\" sizes=\"auto, (max-width: 1024px) 100vw, 1024px\" \/><\/figure>\n\n\n\n<figure class=\"wp-block-gallery has-nested-images columns-default is-cropped wp-block-gallery-2 is-layout-flex wp-block-gallery-is-layout-flex\">\n<figure class=\"wp-block-image size-large\"><a href=\"https:\/\/max-leven-zentrum.de\/150synagoge\/wp-content\/uploads\/2022\/03\/Festakt_8963.jpg\"><img loading=\"lazy\" decoding=\"async\" width=\"1024\" height=\"682\" data-id=\"244\" src=\"https:\/\/max-leven-zentrum.de\/150synagoge\/wp-content\/uploads\/2022\/03\/Festakt_8963-1024x682.jpg\" alt=\"\" class=\"wp-image-244\" srcset=\"https:\/\/max-leven-zentrum.de\/150synagoge\/wp-content\/uploads\/2022\/03\/Festakt_8963-1024x682.jpg 1024w, https:\/\/max-leven-zentrum.de\/150synagoge\/wp-content\/uploads\/2022\/03\/Festakt_8963-300x200.jpg 300w, https:\/\/max-leven-zentrum.de\/150synagoge\/wp-content\/uploads\/2022\/03\/Festakt_8963-768x512.jpg 768w, https:\/\/max-leven-zentrum.de\/150synagoge\/wp-content\/uploads\/2022\/03\/Festakt_8963.jpg 1400w\" sizes=\"auto, (max-width: 1024px) 100vw, 1024px\" \/><\/a><figcaption class=\"wp-element-caption\">Rabbiner Chaim Kornblum<\/figcaption><\/figure>\n\n\n\n<figure class=\"wp-block-image size-large\"><a href=\"https:\/\/max-leven-zentrum.de\/150synagoge\/wp-content\/uploads\/2022\/03\/Festakt_8965.jpg\"><img loading=\"lazy\" decoding=\"async\" width=\"1024\" height=\"682\" data-id=\"243\" src=\"https:\/\/max-leven-zentrum.de\/150synagoge\/wp-content\/uploads\/2022\/03\/Festakt_8965-1024x682.jpg\" alt=\"\" class=\"wp-image-243\" srcset=\"https:\/\/max-leven-zentrum.de\/150synagoge\/wp-content\/uploads\/2022\/03\/Festakt_8965-1024x682.jpg 1024w, https:\/\/max-leven-zentrum.de\/150synagoge\/wp-content\/uploads\/2022\/03\/Festakt_8965-300x200.jpg 300w, https:\/\/max-leven-zentrum.de\/150synagoge\/wp-content\/uploads\/2022\/03\/Festakt_8965-768x512.jpg 768w, https:\/\/max-leven-zentrum.de\/150synagoge\/wp-content\/uploads\/2022\/03\/Festakt_8965.jpg 1400w\" sizes=\"auto, (max-width: 1024px) 100vw, 1024px\" \/><\/a><figcaption class=\"wp-element-caption\">Leonid Goldberg, Michael Bauer-Brandes, Tim Kurzbach, Sylvia L\u00f6hrmann, Abraham Lehrer (v. l.)<\/figcaption><\/figure>\n<\/figure>\n\n\n\n<hr class=\"wp-block-separator has-alpha-channel-opacity\"\/>\n\n\n\n<h4 class=\"wp-block-heading\"><strong>Festakt 150 Jahre Synagoge<\/strong><\/h4>\n\n\n\n<p>21:15 Uhr \u2013 B\u00fcrgersaal in der evangelischen Stadtkirche<\/p>\n\n\n\n<iframe loading=\"lazy\" width=\"560\" height=\"360\" src=\"https:\/\/www.youtube-nocookie.com\/embed\/HACDiCUzi_A?start=234\" title=\"YouTube video player\" frameborder=\"0\" allow=\"accelerometer; autoplay; clipboard-write; encrypted-media; gyroscope; picture-in-picture\" allowfullscreen=\"\"><\/iframe>\n\n\n\n<p class=\"has-small-font-size\">Stream des Festaktes im B\u00fcrgersaal<\/p>\n\n\n\n<figure class=\"wp-block-gallery has-nested-images columns-default is-cropped wp-block-gallery-3 is-layout-flex wp-block-gallery-is-layout-flex\">\n<figure class=\"wp-block-image size-large\"><a href=\"https:\/\/max-leven-zentrum.de\/150synagoge\/wp-content\/uploads\/2022\/03\/Festakt_8999.jpg\"><img loading=\"lazy\" decoding=\"async\" width=\"682\" height=\"1024\" data-id=\"246\" src=\"https:\/\/max-leven-zentrum.de\/150synagoge\/wp-content\/uploads\/2022\/03\/Festakt_8999-682x1024.jpg\" alt=\"\" class=\"wp-image-246\" srcset=\"https:\/\/max-leven-zentrum.de\/150synagoge\/wp-content\/uploads\/2022\/03\/Festakt_8999-682x1024.jpg 682w, https:\/\/max-leven-zentrum.de\/150synagoge\/wp-content\/uploads\/2022\/03\/Festakt_8999-200x300.jpg 200w, https:\/\/max-leven-zentrum.de\/150synagoge\/wp-content\/uploads\/2022\/03\/Festakt_8999-768x1152.jpg 768w, https:\/\/max-leven-zentrum.de\/150synagoge\/wp-content\/uploads\/2022\/03\/Festakt_8999.jpg 933w\" sizes=\"auto, (max-width: 682px) 100vw, 682px\" \/><\/a><figcaption class=\"wp-element-caption\">Annette Maye und Roswitha Dasch<\/figcaption><\/figure>\n\n\n\n<figure class=\"wp-block-image size-large\"><a href=\"https:\/\/max-leven-zentrum.de\/150synagoge\/wp-content\/uploads\/2022\/03\/Festakt_8979.jpg\"><img loading=\"lazy\" decoding=\"async\" width=\"1024\" height=\"682\" data-id=\"247\" src=\"https:\/\/max-leven-zentrum.de\/150synagoge\/wp-content\/uploads\/2022\/03\/Festakt_8979-1024x682.jpg\" alt=\"\" class=\"wp-image-247\" srcset=\"https:\/\/max-leven-zentrum.de\/150synagoge\/wp-content\/uploads\/2022\/03\/Festakt_8979-1024x682.jpg 1024w, https:\/\/max-leven-zentrum.de\/150synagoge\/wp-content\/uploads\/2022\/03\/Festakt_8979-300x200.jpg 300w, https:\/\/max-leven-zentrum.de\/150synagoge\/wp-content\/uploads\/2022\/03\/Festakt_8979-768x512.jpg 768w, https:\/\/max-leven-zentrum.de\/150synagoge\/wp-content\/uploads\/2022\/03\/Festakt_8979.jpg 1400w\" sizes=\"auto, (max-width: 1024px) 100vw, 1024px\" \/><\/a><figcaption class=\"wp-element-caption\">Leonid Goldberg und Chaim Kornblum<\/figcaption><\/figure>\n\n\n\n<figure class=\"wp-block-image size-large\"><a href=\"https:\/\/max-leven-zentrum.de\/150synagoge\/wp-content\/uploads\/2022\/03\/Festakt_9020.jpg\"><img loading=\"lazy\" decoding=\"async\" width=\"1024\" height=\"682\" data-id=\"248\" src=\"https:\/\/max-leven-zentrum.de\/150synagoge\/wp-content\/uploads\/2022\/03\/Festakt_9020-1024x682.jpg\" alt=\"\" class=\"wp-image-248\" srcset=\"https:\/\/max-leven-zentrum.de\/150synagoge\/wp-content\/uploads\/2022\/03\/Festakt_9020-1024x682.jpg 1024w, https:\/\/max-leven-zentrum.de\/150synagoge\/wp-content\/uploads\/2022\/03\/Festakt_9020-300x200.jpg 300w, https:\/\/max-leven-zentrum.de\/150synagoge\/wp-content\/uploads\/2022\/03\/Festakt_9020-768x512.jpg 768w, https:\/\/max-leven-zentrum.de\/150synagoge\/wp-content\/uploads\/2022\/03\/Festakt_9020.jpg 1400w\" sizes=\"auto, (max-width: 1024px) 100vw, 1024px\" \/><\/a><figcaption class=\"wp-element-caption\">OB Tim Kurzbach<\/figcaption><\/figure>\n\n\n\n<figure class=\"wp-block-image size-large\"><a href=\"https:\/\/max-leven-zentrum.de\/150synagoge\/wp-content\/uploads\/2022\/03\/Festakt_9010.jpg\"><img loading=\"lazy\" decoding=\"async\" width=\"1024\" height=\"682\" data-id=\"245\" src=\"https:\/\/max-leven-zentrum.de\/150synagoge\/wp-content\/uploads\/2022\/03\/Festakt_9010-1024x682.jpg\" alt=\"\" class=\"wp-image-245\" srcset=\"https:\/\/max-leven-zentrum.de\/150synagoge\/wp-content\/uploads\/2022\/03\/Festakt_9010-1024x682.jpg 1024w, https:\/\/max-leven-zentrum.de\/150synagoge\/wp-content\/uploads\/2022\/03\/Festakt_9010-300x200.jpg 300w, https:\/\/max-leven-zentrum.de\/150synagoge\/wp-content\/uploads\/2022\/03\/Festakt_9010-768x512.jpg 768w, https:\/\/max-leven-zentrum.de\/150synagoge\/wp-content\/uploads\/2022\/03\/Festakt_9010.jpg 1400w\" sizes=\"auto, (max-width: 1024px) 100vw, 1024px\" \/><\/a><figcaption class=\"wp-element-caption\">Festg\u00e4ste im B\u00fcrgersaal<\/figcaption><\/figure>\n\n\n\n<figure class=\"wp-block-image size-large\"><a href=\"https:\/\/max-leven-zentrum.de\/150synagoge\/wp-content\/uploads\/2022\/03\/Festakt_9057.jpg\"><img loading=\"lazy\" decoding=\"async\" width=\"1024\" height=\"682\" data-id=\"251\" src=\"https:\/\/max-leven-zentrum.de\/150synagoge\/wp-content\/uploads\/2022\/03\/Festakt_9057-1024x682.jpg\" alt=\"\" class=\"wp-image-251\" srcset=\"https:\/\/max-leven-zentrum.de\/150synagoge\/wp-content\/uploads\/2022\/03\/Festakt_9057-1024x682.jpg 1024w, https:\/\/max-leven-zentrum.de\/150synagoge\/wp-content\/uploads\/2022\/03\/Festakt_9057-300x200.jpg 300w, https:\/\/max-leven-zentrum.de\/150synagoge\/wp-content\/uploads\/2022\/03\/Festakt_9057-768x512.jpg 768w, https:\/\/max-leven-zentrum.de\/150synagoge\/wp-content\/uploads\/2022\/03\/Festakt_9057.jpg 1400w\" sizes=\"auto, (max-width: 1024px) 100vw, 1024px\" \/><\/a><figcaption class=\"wp-element-caption\">Projektkurs Gymnasium Schwertstra\u00dfe<\/figcaption><\/figure>\n<\/figure>\n\n\n\n<ul class=\"wp-block-list\">\n<li>Musikalischer Beitrag (Annette Maye und Roswitha Dasch)<\/li>\n\n\n\n<li>Oberb\u00fcrgermeister Tim-O. Kurzbach, Rede<\/li>\n\n\n\n<li>Abraham Lehrer, Vizepr\u00e4sident des Zentralrats der Juden, Rede<\/li>\n\n\n\n<li>Sch\u00fclergruppe Gymnasium Schwertstra\u00dfe, Projektbericht (Leitung Nicolas Weber)<\/li>\n\n\n\n<li>Eintrag von Abraham Lehrer und Nachfahren der Familien Coppel und Feist in das Goldene Buch der Stadt Solingen <\/li>\n\n\n\n<li>Oberb\u00fcrgermeister Tim-O. Kurzbach, Schlusswort<\/li>\n\n\n\n<li>Imbiss und Ausklang<\/li>\n<\/ul>\n\n\n\n<figure class=\"wp-block-image size-large\"><img loading=\"lazy\" decoding=\"async\" width=\"1024\" height=\"682\" src=\"https:\/\/max-leven-zentrum.de\/150synagoge\/wp-content\/uploads\/2022\/03\/Festakt_9050-1024x682.jpg\" alt=\"\" class=\"wp-image-250\" srcset=\"https:\/\/max-leven-zentrum.de\/150synagoge\/wp-content\/uploads\/2022\/03\/Festakt_9050-1024x682.jpg 1024w, https:\/\/max-leven-zentrum.de\/150synagoge\/wp-content\/uploads\/2022\/03\/Festakt_9050-300x200.jpg 300w, https:\/\/max-leven-zentrum.de\/150synagoge\/wp-content\/uploads\/2022\/03\/Festakt_9050-768x512.jpg 768w, https:\/\/max-leven-zentrum.de\/150synagoge\/wp-content\/uploads\/2022\/03\/Festakt_9050.jpg 1400w\" sizes=\"auto, (max-width: 1024px) 100vw, 1024px\" \/><figcaption class=\"wp-element-caption\">Werner Koch (Excit3D) \u00fcberreichte einen 3D-Druck der Synagoge und des Thoraschreins an Abraham Lehrer.<\/figcaption><\/figure>\n\n\n\n<figure class=\"wp-block-gallery has-nested-images columns-default is-cropped wp-block-gallery-4 is-layout-flex wp-block-gallery-is-layout-flex\">\n<figure class=\"wp-block-image size-large\"><a href=\"https:\/\/max-leven-zentrum.de\/150synagoge\/wp-content\/uploads\/2022\/03\/Festakt_9102.jpg\"><img loading=\"lazy\" decoding=\"async\" width=\"683\" height=\"1024\" data-id=\"255\" src=\"https:\/\/max-leven-zentrum.de\/150synagoge\/wp-content\/uploads\/2022\/03\/Festakt_9102-683x1024.jpg\" alt=\"\" class=\"wp-image-255\" srcset=\"https:\/\/max-leven-zentrum.de\/150synagoge\/wp-content\/uploads\/2022\/03\/Festakt_9102-683x1024.jpg 683w, https:\/\/max-leven-zentrum.de\/150synagoge\/wp-content\/uploads\/2022\/03\/Festakt_9102-200x300.jpg 200w, https:\/\/max-leven-zentrum.de\/150synagoge\/wp-content\/uploads\/2022\/03\/Festakt_9102-768x1152.jpg 768w, https:\/\/max-leven-zentrum.de\/150synagoge\/wp-content\/uploads\/2022\/03\/Festakt_9102-1024x1536.jpg 1024w, https:\/\/max-leven-zentrum.de\/150synagoge\/wp-content\/uploads\/2022\/03\/Festakt_9102-1365x2048.jpg 1365w, https:\/\/max-leven-zentrum.de\/150synagoge\/wp-content\/uploads\/2022\/03\/Festakt_9102.jpg 1400w\" sizes=\"auto, (max-width: 683px) 100vw, 683px\" \/><\/a><figcaption class=\"wp-element-caption\">Andrea Rey-Suter (Nachfahrin Coppel)<\/figcaption><\/figure>\n\n\n\n<figure class=\"wp-block-image size-large\"><a href=\"https:\/\/max-leven-zentrum.de\/150synagoge\/wp-content\/uploads\/2022\/03\/Festakt_9134.jpg\"><img loading=\"lazy\" decoding=\"async\" width=\"682\" height=\"1024\" data-id=\"253\" src=\"https:\/\/max-leven-zentrum.de\/150synagoge\/wp-content\/uploads\/2022\/03\/Festakt_9134-682x1024.jpg\" alt=\"\" class=\"wp-image-253\" srcset=\"https:\/\/max-leven-zentrum.de\/150synagoge\/wp-content\/uploads\/2022\/03\/Festakt_9134-682x1024.jpg 682w, https:\/\/max-leven-zentrum.de\/150synagoge\/wp-content\/uploads\/2022\/03\/Festakt_9134-200x300.jpg 200w, https:\/\/max-leven-zentrum.de\/150synagoge\/wp-content\/uploads\/2022\/03\/Festakt_9134-768x1152.jpg 768w, https:\/\/max-leven-zentrum.de\/150synagoge\/wp-content\/uploads\/2022\/03\/Festakt_9134.jpg 933w\" sizes=\"auto, (max-width: 682px) 100vw, 682px\" \/><\/a><figcaption class=\"wp-element-caption\">Ausstellung zur Geschichte der Synagoge<\/figcaption><\/figure>\n\n\n\n<figure class=\"wp-block-image size-large\"><a href=\"https:\/\/max-leven-zentrum.de\/150synagoge\/wp-content\/uploads\/2022\/03\/Festakt_9112.jpg\"><img loading=\"lazy\" decoding=\"async\" width=\"683\" height=\"1024\" data-id=\"256\" src=\"https:\/\/max-leven-zentrum.de\/150synagoge\/wp-content\/uploads\/2022\/03\/Festakt_9112-683x1024.jpg\" alt=\"\" class=\"wp-image-256\" srcset=\"https:\/\/max-leven-zentrum.de\/150synagoge\/wp-content\/uploads\/2022\/03\/Festakt_9112-683x1024.jpg 683w, https:\/\/max-leven-zentrum.de\/150synagoge\/wp-content\/uploads\/2022\/03\/Festakt_9112-200x300.jpg 200w, https:\/\/max-leven-zentrum.de\/150synagoge\/wp-content\/uploads\/2022\/03\/Festakt_9112-768x1152.jpg 768w, https:\/\/max-leven-zentrum.de\/150synagoge\/wp-content\/uploads\/2022\/03\/Festakt_9112-1024x1536.jpg 1024w, https:\/\/max-leven-zentrum.de\/150synagoge\/wp-content\/uploads\/2022\/03\/Festakt_9112-1365x2048.jpg 1365w, https:\/\/max-leven-zentrum.de\/150synagoge\/wp-content\/uploads\/2022\/03\/Festakt_9112.jpg 1400w\" sizes=\"auto, (max-width: 683px) 100vw, 683px\" \/><\/a><figcaption class=\"wp-element-caption\">Renata Canelas da Silva (Nachfahrin Feist)<\/figcaption><\/figure>\n\n\n\n<figure class=\"wp-block-image size-large\"><img loading=\"lazy\" decoding=\"async\" width=\"1024\" height=\"682\" data-id=\"254\" src=\"https:\/\/max-leven-zentrum.de\/150synagoge\/wp-content\/uploads\/2022\/03\/Festakt_9095-1024x682.jpg\" alt=\"\" class=\"wp-image-254\" srcset=\"https:\/\/max-leven-zentrum.de\/150synagoge\/wp-content\/uploads\/2022\/03\/Festakt_9095-1024x682.jpg 1024w, https:\/\/max-leven-zentrum.de\/150synagoge\/wp-content\/uploads\/2022\/03\/Festakt_9095-300x200.jpg 300w, https:\/\/max-leven-zentrum.de\/150synagoge\/wp-content\/uploads\/2022\/03\/Festakt_9095-768x512.jpg 768w, https:\/\/max-leven-zentrum.de\/150synagoge\/wp-content\/uploads\/2022\/03\/Festakt_9095.jpg 1400w\" sizes=\"auto, (max-width: 1024px) 100vw, 1024px\" \/><figcaption class=\"wp-element-caption\">Abraham Lehrer<\/figcaption><\/figure>\n<\/figure>\n\n\n\n<p class=\"has-small-font-size\">Fotos: Daniela Tobias<\/p>\n\n\n\n<hr class=\"wp-block-separator has-alpha-channel-opacity\"\/>\n\n\n\n<h3 class=\"wp-block-heading\">Stolpersteinverlegung, 13. M\u00e4rz 2022<\/h3>\n\n\n\n<p>Am Sonntag morgen wurden an der Katternberger Stra\u00dfe 37 und an der K\u00f6lner Stra\u00dfe 18 acht <strong>Stolpersteine f\u00fcr die Familien von Alfred und Siegfried Feist<\/strong> verlegt. Siegfried Feist war der letzte Vorsitzende des Synagogengemeinde Solingen vor deren zwangsweisen Aufl\u00f6sung. An der Verlegung nahmen auch Nachfahren aus Deutschland, Portugal und den USA teil. <a href=\"https:\/\/stolpersteine-solingen.de\/stolpersteinverlegung-fuer-familie-feist\/1523\" target=\"_blank\" rel=\"noreferrer noopener\">Weitere Infos zur Verlegung<\/a>.<\/p>\n\n\n\n<figure class=\"wp-block-image size-large\"><img loading=\"lazy\" decoding=\"async\" width=\"1024\" height=\"768\" src=\"https:\/\/max-leven-zentrum.de\/150synagoge\/wp-content\/uploads\/2022\/03\/Feist_1978-1024x768.jpg\" alt=\"\" class=\"wp-image-270\" srcset=\"https:\/\/max-leven-zentrum.de\/150synagoge\/wp-content\/uploads\/2022\/03\/Feist_1978-1024x768.jpg 1024w, https:\/\/max-leven-zentrum.de\/150synagoge\/wp-content\/uploads\/2022\/03\/Feist_1978-300x225.jpg 300w, https:\/\/max-leven-zentrum.de\/150synagoge\/wp-content\/uploads\/2022\/03\/Feist_1978-768x576.jpg 768w, https:\/\/max-leven-zentrum.de\/150synagoge\/wp-content\/uploads\/2022\/03\/Feist_1978.jpg 1400w\" sizes=\"auto, (max-width: 1024px) 100vw, 1024px\" \/><\/figure>\n\n\n\n<figure class=\"wp-block-gallery has-nested-images columns-default is-cropped wp-block-gallery-5 is-layout-flex wp-block-gallery-is-layout-flex\">\n<figure class=\"wp-block-image size-large\"><a href=\"https:\/\/max-leven-zentrum.de\/150synagoge\/wp-content\/uploads\/2022\/03\/Feist_9155.jpg\"><img loading=\"lazy\" decoding=\"async\" width=\"1024\" height=\"682\" data-id=\"273\" src=\"https:\/\/max-leven-zentrum.de\/150synagoge\/wp-content\/uploads\/2022\/03\/Feist_9155-1024x682.jpg\" alt=\"\" class=\"wp-image-273\" srcset=\"https:\/\/max-leven-zentrum.de\/150synagoge\/wp-content\/uploads\/2022\/03\/Feist_9155-1024x682.jpg 1024w, https:\/\/max-leven-zentrum.de\/150synagoge\/wp-content\/uploads\/2022\/03\/Feist_9155-300x200.jpg 300w, https:\/\/max-leven-zentrum.de\/150synagoge\/wp-content\/uploads\/2022\/03\/Feist_9155-768x512.jpg 768w, https:\/\/max-leven-zentrum.de\/150synagoge\/wp-content\/uploads\/2022\/03\/Feist_9155.jpg 1400w\" sizes=\"auto, (max-width: 1024px) 100vw, 1024px\" \/><\/a><\/figure>\n\n\n\n<figure class=\"wp-block-image size-large\"><a href=\"https:\/\/max-leven-zentrum.de\/150synagoge\/wp-content\/uploads\/2022\/03\/Feist_9160.jpg\"><img loading=\"lazy\" decoding=\"async\" width=\"1024\" height=\"682\" data-id=\"271\" src=\"https:\/\/max-leven-zentrum.de\/150synagoge\/wp-content\/uploads\/2022\/03\/Feist_9160-1024x682.jpg\" alt=\"\" class=\"wp-image-271\" srcset=\"https:\/\/max-leven-zentrum.de\/150synagoge\/wp-content\/uploads\/2022\/03\/Feist_9160-1024x682.jpg 1024w, https:\/\/max-leven-zentrum.de\/150synagoge\/wp-content\/uploads\/2022\/03\/Feist_9160-300x200.jpg 300w, https:\/\/max-leven-zentrum.de\/150synagoge\/wp-content\/uploads\/2022\/03\/Feist_9160-768x512.jpg 768w, https:\/\/max-leven-zentrum.de\/150synagoge\/wp-content\/uploads\/2022\/03\/Feist_9160.jpg 1400w\" sizes=\"auto, (max-width: 1024px) 100vw, 1024px\" \/><\/a><\/figure>\n\n\n\n<figure class=\"wp-block-image size-large\"><a href=\"https:\/\/max-leven-zentrum.de\/150synagoge\/wp-content\/uploads\/2022\/03\/Feist_9169.jpg\"><img loading=\"lazy\" decoding=\"async\" width=\"1024\" height=\"682\" data-id=\"272\" src=\"https:\/\/max-leven-zentrum.de\/150synagoge\/wp-content\/uploads\/2022\/03\/Feist_9169-1024x682.jpg\" alt=\"\" class=\"wp-image-272\" srcset=\"https:\/\/max-leven-zentrum.de\/150synagoge\/wp-content\/uploads\/2022\/03\/Feist_9169-1024x682.jpg 1024w, https:\/\/max-leven-zentrum.de\/150synagoge\/wp-content\/uploads\/2022\/03\/Feist_9169-300x200.jpg 300w, https:\/\/max-leven-zentrum.de\/150synagoge\/wp-content\/uploads\/2022\/03\/Feist_9169-768x512.jpg 768w, https:\/\/max-leven-zentrum.de\/150synagoge\/wp-content\/uploads\/2022\/03\/Feist_9169.jpg 1400w\" sizes=\"auto, (max-width: 1024px) 100vw, 1024px\" \/><\/a><\/figure>\n<figcaption class=\"blocks-gallery-caption wp-element-caption\">Fotos: Daniela Tobias<\/figcaption><\/figure>\n","protected":false},"excerpt":{"rendered":"<p>Pressespiegel Programm, 12. M\u00e4rz 2022 Einweihung der Fensterrose 19:45 Uhr \u2013 Bunker Malteserstra\u00dfe Festakt 150 Jahre Synagoge 21:15 Uhr \u2013<\/p>\n","protected":false},"author":2,"featured_media":242,"parent":0,"menu_order":0,"comment_status":"closed","ping_status":"closed","template":"","meta":{"colormag_page_layout":"default_layout","footnotes":""},"class_list":["post-232","page","type-page","status-publish","has-post-thumbnail","hentry"],"_links":{"self":[{"href":"https:\/\/max-leven-zentrum.de\/150synagoge\/wp-json\/wp\/v2\/pages\/232","targetHints":{"allow":["GET"]}}],"collection":[{"href":"https:\/\/max-leven-zentrum.de\/150synagoge\/wp-json\/wp\/v2\/pages"}],"about":[{"href":"https:\/\/max-leven-zentrum.de\/150synagoge\/wp-json\/wp\/v2\/types\/page"}],"author":[{"embeddable":true,"href":"https:\/\/max-leven-zentrum.de\/150synagoge\/wp-json\/wp\/v2\/users\/2"}],"replies":[{"embeddable":true,"href":"https:\/\/max-leven-zentrum.de\/150synagoge\/wp-json\/wp\/v2\/comments?post=232"}],"version-history":[{"count":17,"href":"https:\/\/max-leven-zentrum.de\/150synagoge\/wp-json\/wp\/v2\/pages\/232\/revisions"}],"predecessor-version":[{"id":511,"href":"https:\/\/max-leven-zentrum.de\/150synagoge\/wp-json\/wp\/v2\/pages\/232\/revisions\/511"}],"wp:featuredmedia":[{"embeddable":true,"href":"https:\/\/max-leven-zentrum.de\/150synagoge\/wp-json\/wp\/v2\/media\/242"}],"wp:attachment":[{"href":"https:\/\/max-leven-zentrum.de\/150synagoge\/wp-json\/wp\/v2\/media?parent=232"}],"curies":[{"name":"wp","href":"https:\/\/api.w.org\/{rel}","templated":true}]}}