{"id":308,"date":"2022-05-17T11:39:41","date_gmt":"2022-05-17T09:39:41","guid":{"rendered":"https:\/\/max-leven-zentrum.de\/150synagoge\/?page_id=308"},"modified":"2023-03-06T08:40:29","modified_gmt":"2023-03-06T07:40:29","slug":"heimatwerkstatt","status":"publish","type":"page","link":"https:\/\/max-leven-zentrum.de\/150synagoge\/heimatwerkstatt\/","title":{"rendered":"Heimatwerkstatt"},"content":{"rendered":"\n<figure class=\"wp-block-image size-full\"><img loading=\"lazy\" decoding=\"async\" width=\"1024\" height=\"507\" src=\"https:\/\/max-leven-zentrum.de\/150synagoge\/wp-content\/uploads\/2022\/05\/Heimatheader-1.jpg\" alt=\"\" class=\"wp-image-331\" srcset=\"https:\/\/max-leven-zentrum.de\/150synagoge\/wp-content\/uploads\/2022\/05\/Heimatheader-1.jpg 1024w, https:\/\/max-leven-zentrum.de\/150synagoge\/wp-content\/uploads\/2022\/05\/Heimatheader-1-300x149.jpg 300w, https:\/\/max-leven-zentrum.de\/150synagoge\/wp-content\/uploads\/2022\/05\/Heimatheader-1-768x380.jpg 768w\" sizes=\"auto, (max-width: 1024px) 100vw, 1024px\" \/><\/figure>\n\n\n\n<p>Am 12. M\u00e4rz 2022 beging die Stadt Solingen den 150.&nbsp;Jahrestag der Einweihung der Solinger Synagoge mit einem feierlichen <a href=\"https:\/\/max-leven-zentrum.de\/150synagoge\/festakt\/\" data-type=\"page\" data-id=\"232\">Festakt<\/a>, der gleichzeitig den Auftakt der \u201eHeimatwerkstatt Synagoge Solingen \u2013 Bunker Malteserstra\u00dfe\u201c darstellte. <\/p>\n\n\n\n<p>Im Rahmen der vom Land NRW gef\u00f6rderten \u201eHeimatwerkstatt\u201c wurde im Anschluss in einer Workshop-Reihe mit interessierten Solingerinnen und Solingern der Blick auf die j\u00fcdische Geschichte, Orte der Erinnerung und heutiges j\u00fcdisches Leben geworfen. In einer gemeinsamen Kreativwerkstatt wurden anschlie\u00dfend Ideen f\u00fcr die Gestaltung des Bunkers an der Malteserstra\u00dfe als Erinnerungsort am Standort der ehemaligem Synagoge entwickelt.<\/p>\n\n\n\n<p class=\"has-background\" style=\"background-color:#efefef\">\u2013 <a rel=\"noreferrer noopener\" href=\"https:\/\/max-leven-zentrum.de\/150synagoge\/wp-content\/uploads\/2022\/11\/Ergebnisse_Heimatwerkstatt_web.pdf\" target=\"_blank\"><strong>Abschlussbericht Heimatwerkstatt<\/strong><\/a> [pdf-Brosch\u00fcre]<\/p>\n\n\n\n<p>Die Heimatwerkstatt wurde von Roman Holtwick filmisch begleitet und dokumentiert.<\/p>\n\n\n\n<iframe loading=\"lazy\" width=\"784\" height=\"441\" src=\"https:\/\/www.youtube-nocookie.com\/embed\/wiUXsAg8_9A\" title=\"YouTube video player\" frameborder=\"0\" allow=\"accelerometer; autoplay; clipboard-write; encrypted-media; gyroscope; picture-in-picture; web-share\" allowfullscreen=\"\"><\/iframe>\n\n\n\n<p class=\"has-small-font-size\">Musik: Belz (Komponist Alexander Olschanetzky, Arrangement: Duo Doyna) \/ Ausschnitt Gespielt vom Duo Doyna: Annette Maye &#8211; Klarinette Martin Schulte &#8211; Gitarre Das St\u00fcck BELZ stammt aus der CD Driftin` Die CD ist 2021 beim Label JazzHausMusik erschienen. Mix &amp; Mastering: Reinhard Kobialka \/ Topaz Studios, K\u00f6ln (mit freundlicher Genehmigung des Duos Doyna)<\/p>\n\n\n\n<hr class=\"wp-block-separator has-alpha-channel-opacity\"\/>\n\n\n\n<div class=\"wp-block-group is-layout-constrained wp-block-group-is-layout-constrained\">\n<div class=\"wp-block-group is-layout-constrained wp-block-group-is-layout-constrained\">\n<h3 class=\"wp-block-heading\">Abschlussveranstaltung<\/h3>\n\n\n\n<p><strong>Montag, 14. November 2022, 17.30 Uhr<br><strong><a rel=\"noreferrer noopener\" href=\"https:\/\/verfolgte-kuenste.com\/\" target=\"_blank\">Zentrum f\u00fcr verfolgte K\u00fcnste<\/a>, Wuppertaler Str. 160<\/strong><\/strong><\/p>\n\n\n\n<p>In der Abschlussveranstaltung werden in Anwesenheit von Oberb\u00fcrgermeister Tim Kurzbach die Ergebnisse der Heimatwerkstatt vorgestellt und ein Ausblick auf die zuk\u00fcnftige Arbeit der <a rel=\"noreferrer noopener\" href=\"https:\/\/max-leven-zentrum.de\/\" target=\"_blank\">Bildungs- und Gedenkst\u00e4tte Max-Leven-Zentrum Solingen<\/a> im Rahmen einer lokalen \u201eTopographie der Erinnerung\u201c gegeben.<\/p>\n\n\n\n<p>Wir laden Sie herzlich zu der Veranstaltung mit anschlie\u00dfendem Umtrunk ein! Als kleine \u00dcberraschung freuen wir uns Ihnen eine musikalische Premiere aus dem Jahr 1930 pr\u00e4sentieren zu k\u00f6nnen.<\/p>\n\n\n\n<p>Die Teilnahme ist kostenlos. Eine Anmeldung w\u00e4re hilfreich: <a href=\"mailto:max-leven-zentrum@solingen.de\">max-leven-zentrum@solingen.de<\/a><\/p>\n\n\n\n<figure class=\"wp-block-image size-full\"><img loading=\"lazy\" decoding=\"async\" width=\"384\" height=\"131\" src=\"https:\/\/max-leven-zentrum.de\/150synagoge\/wp-content\/uploads\/2022\/05\/Heimat_Logo.png\" alt=\"\" class=\"wp-image-309\" srcset=\"https:\/\/max-leven-zentrum.de\/150synagoge\/wp-content\/uploads\/2022\/05\/Heimat_Logo.png 384w, https:\/\/max-leven-zentrum.de\/150synagoge\/wp-content\/uploads\/2022\/05\/Heimat_Logo-300x102.png 300w\" sizes=\"auto, (max-width: 384px) 100vw, 384px\" \/><\/figure>\n<\/div>\n<\/div>\n\n\n\n<hr class=\"wp-block-separator has-css-opacity\"\/>\n\n\n\n<h3 class=\"wp-block-heading\">Workshop I \u2013 J\u00fcdisches Leben in der Geschichte<\/h3>\n\n\n\n<p><strong>Freitag, 17. Juni 2022, 16-20 Uhr<br><a rel=\"noreferrer noopener\" href=\"https:\/\/verfolgte-kuenste.com\/\" target=\"_blank\">Zentrum f\u00fcr verfolgte K\u00fcnste<\/a>, Wuppertaler Str. 160<\/strong><\/p>\n\n\n\n<p>Der Industrielle <a href=\"https:\/\/max-leven-zentrum.de\/150synagoge\/familie-coppel-und-die-synagogengemeinde\/\" data-type=\"page\" data-id=\"164\">Gustav Coppel<\/a> und der kommunistische Kulturkritiker <a href=\"https:\/\/max-leven-zentrum.de\/max-leven\/\" target=\"_blank\" rel=\"noreferrer noopener\">Max Leven<\/a> geh\u00f6ren zu den bekanntesten j\u00fcdischen Solinger:innen, aber auch \u201eeinfache Leute\u201c wie die Gesch\u00e4ftsfrau Henriette Meyerhoff pr\u00e4gten das Solinger Stadtleben. Es werden exemplarisch Biographien vorgestellt, Literatur und Quellen erl\u00e4utert und Leerstellen in der Forschung aufgezeigt. Gemeinsam soll \u00fcberlegt werden, ob die Formen der bisherigen Pr\u00e4sentation und Erinnerungskultur in der Klingenstadt ausreichen und welche M\u00f6glichkeiten es gibt, das Wissen \u00fcber die j\u00fcdische Geschichte in der Stadtgesellschaft zu verbreitern.<\/p>\n\n\n\n<p>Gleichzeitig werden im Zentrum f\u00fcr verfolgte K\u00fcnste die Ausstellung \u00fcber die <a href=\"https:\/\/max-leven-zentrum.de\/150synagoge\/die-gemeinde\/\">Synagogengemeinde Solingen<\/a> gezeigt, die vom Stadtarchiv anl\u00e4sslich des Festaktes 150 Jahre Solinger Synagoge entwickelt wurde, sowie die Ausstellung \u201eGesichter und Geschichten \u2013 J\u00fcdisches Leben in Deutschland\u201c, die das <a rel=\"noreferrer noopener\" href=\"https:\/\/miqua.blog\/\" target=\"_blank\">MiQua<\/a> (J\u00fcdisches Museum im Arch\u00e4ologischen Quartier K\u00f6ln) als Wanderausstellung zur Verf\u00fcgung stellt.<\/p>\n\n\n\n<p class=\"has-background\" style=\"background-color:#efefef\">\u2013 <strong><a href=\"https:\/\/max-leven-zentrum.de\/150synagoge\/workshop-i-juedische-geschichte\/\" data-type=\"page\" data-id=\"356\">Werkstattbericht \u201eWorkshop I\u201c<\/a><\/strong><\/p>\n\n\n\n<figure class=\"wp-block-gallery has-nested-images columns-default is-cropped wp-block-gallery-1 is-layout-flex wp-block-gallery-is-layout-flex\">\n<figure class=\"wp-block-image size-large\"><img loading=\"lazy\" decoding=\"async\" width=\"1837\" height=\"2560\" data-id=\"67\" src=\"https:\/\/max-leven-zentrum.de\/150synagoge\/wp-content\/uploads\/2022\/01\/RS-20067-scaled.jpg\" alt=\"\" class=\"wp-image-67\" srcset=\"https:\/\/max-leven-zentrum.de\/150synagoge\/wp-content\/uploads\/2022\/01\/RS-20067-scaled.jpg 1837w, https:\/\/max-leven-zentrum.de\/150synagoge\/wp-content\/uploads\/2022\/01\/RS-20067-215x300.jpg 215w, https:\/\/max-leven-zentrum.de\/150synagoge\/wp-content\/uploads\/2022\/01\/RS-20067-735x1024.jpg 735w, https:\/\/max-leven-zentrum.de\/150synagoge\/wp-content\/uploads\/2022\/01\/RS-20067-768x1070.jpg 768w, https:\/\/max-leven-zentrum.de\/150synagoge\/wp-content\/uploads\/2022\/01\/RS-20067-1102x1536.jpg 1102w, https:\/\/max-leven-zentrum.de\/150synagoge\/wp-content\/uploads\/2022\/01\/RS-20067-1470x2048.jpg 1470w\" sizes=\"auto, (max-width: 1837px) 100vw, 1837px\" \/><\/figure>\n\n\n\n<figure class=\"wp-block-image size-large\"><img loading=\"lazy\" decoding=\"async\" width=\"402\" height=\"513\" data-id=\"316\" src=\"https:\/\/max-leven-zentrum.de\/150synagoge\/wp-content\/uploads\/2022\/05\/Feiertag_OA19220930.jpg\" alt=\"\" class=\"wp-image-316\" srcset=\"https:\/\/max-leven-zentrum.de\/150synagoge\/wp-content\/uploads\/2022\/05\/Feiertag_OA19220930.jpg 402w, https:\/\/max-leven-zentrum.de\/150synagoge\/wp-content\/uploads\/2022\/05\/Feiertag_OA19220930-235x300.jpg 235w\" sizes=\"auto, (max-width: 402px) 100vw, 402px\" \/><\/figure>\n\n\n\n<figure class=\"wp-block-image size-large\"><img loading=\"lazy\" decoding=\"async\" width=\"1675\" height=\"2560\" data-id=\"77\" src=\"https:\/\/max-leven-zentrum.de\/150synagoge\/wp-content\/uploads\/2022\/01\/RS-09298-scaled.jpg\" alt=\"\" class=\"wp-image-77\" srcset=\"https:\/\/max-leven-zentrum.de\/150synagoge\/wp-content\/uploads\/2022\/01\/RS-09298-scaled.jpg 1675w, https:\/\/max-leven-zentrum.de\/150synagoge\/wp-content\/uploads\/2022\/01\/RS-09298-196x300.jpg 196w, https:\/\/max-leven-zentrum.de\/150synagoge\/wp-content\/uploads\/2022\/01\/RS-09298-670x1024.jpg 670w, https:\/\/max-leven-zentrum.de\/150synagoge\/wp-content\/uploads\/2022\/01\/RS-09298-768x1174.jpg 768w, https:\/\/max-leven-zentrum.de\/150synagoge\/wp-content\/uploads\/2022\/01\/RS-09298-1005x1536.jpg 1005w, https:\/\/max-leven-zentrum.de\/150synagoge\/wp-content\/uploads\/2022\/01\/RS-09298-1340x2048.jpg 1340w\" sizes=\"auto, (max-width: 1675px) 100vw, 1675px\" \/><\/figure>\n<figcaption class=\"blocks-gallery-caption wp-element-caption\">Links: Gustav Coppel, RS 20067, Mitte: Ohligser Anzeiger vom 30. September 1922, Rechts: Familie Max Leven, RS 9298, Quelle: Stadtarchiv Solingen<\/figcaption><\/figure>\n\n\n\n<hr class=\"wp-block-separator has-css-opacity\"\/>\n\n\n\n<h3 class=\"wp-block-heading\">Workshop II \u2013 J\u00fcdisches Leben heute<\/h3>\n\n\n\n<p><strong><s>Mittwoch, 24. August 2022, 17\u201319.30 Uhr<\/s><\/strong> (musste leider mangels Anmeldungen abgesagt werden.)<br><strong>Bergische Synagoge Wuppertal<\/strong>, <strong>Gemarker Str. 15<\/strong><\/p>\n\n\n\n<p>Im Rahmen einer Exkursion in die Bergische Synagoge besuchen wir das Gotteshaus der J\u00fcdischen Kultusgemeinde Wuppertal, der auch die Solinger J\u00fcdinnen und Juden angeh\u00f6ren. Hier treffen wir uns mit dem Vorsitzenden Leonid Goldberg zum Austausch \u00fcber j\u00fcdisches Leben und j\u00fcdischen Glauben im Bergischen Land. Anschlie\u00dfend besuchen wir das koschere \u201eCaf\u00e9 Negev\u201c. M\u00e4nner und Jungen werden gebeten, eine Kopfbedeckung mitzubringen, es stehen aber auch vor Ort Kippot zur Verf\u00fcgung.<\/p>\n\n\n\n<p>Treffpunkt f\u00fcr die gemeinsame Anfahrt mit Bus und Schwebebahn ist um <strong>15:40 Uhr am Rathaus Solingen<\/strong>, Walter-Scheel-Platz. Die Fahrtkosten mit dem \u00d6PNV werden \u00fcbernommen. Eine individuelle Anreise auf eigene Kosten ist nat\u00fcrlich auch m\u00f6glich.<\/p>\n\n\n\n<p><strong>WICHTIG:<\/strong> Aus Sicherheitsgr\u00fcnden m\u00fcssen sich die Teilnehmenden <strong>bis zum 19. August 2022<\/strong> namentlich angemeldet haben. <a href=\"mailto:max-leven-zentrum@solingen.de\">max-leven-zentrum@solingen.de<\/a><\/p>\n\n\n\n<p class=\"has-background\" style=\"background-color:#efefef\">Bericht vom <strong><a href=\"https:\/\/max-leven-zentrum.de\/150synagoge\/5-kippa-tag-2022\/\" data-type=\"page\" data-id=\"417\">5. Solinger Kippa-Tag<\/a><\/strong> am 23. August 2022<\/p>\n\n\n\n<hr class=\"wp-block-separator has-alpha-channel-opacity\"\/>\n\n\n\n<h3 class=\"wp-block-heading\">Workshop III \u2013 Orte der Erinnerung<\/h3>\n\n\n\n<p><strong>Freitag, 16. September 2022, 15-19 Uhr<br>Treffpunkt <a rel=\"noreferrer noopener\" href=\"https:\/\/juedischer-friedhof-solingen.de\/\" target=\"_blank\">J\u00fcdischer Friedhof<\/a>, Estherweg<\/strong><\/p>\n\n\n\n<p>Daniela Tobias und Armin Schulte f\u00fchren in einem Rundgang durch die Solinger Innenstadt zu verschiedenen Orten der Erinnerung. Vom j\u00fcdischen Friedhof vorbei an Stolpersteinen, Orten der Verfolgung und ehemaliger Wohn- und Gesch\u00e4ftsh\u00e4user gehen wir bis zum Bunker an der Malteserstra\u00dfe, wo bis zur Pogromnacht im November 1938 die Solinger Synagoge stand. Wir schauen nach sichtbaren und weniger sichtbaren Zeichen der Erinnerung und sammeln Eindr\u00fccke f\u00fcr die folgende Ideenwerkstatt.<\/p>\n\n\n\n<p class=\"has-background\" style=\"background-color:#efefef\">\u2013 <strong><a href=\"https:\/\/max-leven-zentrum.de\/150synagoge\/workshop-iii-orte-der-erinnerung\/\" data-type=\"page\" data-id=\"430\">Werkstattbericht \u201eWorkshop III\u201c<\/a><\/strong><\/p>\n\n\n\n<figure class=\"wp-block-gallery has-nested-images columns-default is-cropped wp-block-gallery-2 is-layout-flex wp-block-gallery-is-layout-flex\">\n<figure class=\"wp-block-image size-large\"><img loading=\"lazy\" decoding=\"async\" width=\"683\" height=\"1024\" data-id=\"322\" src=\"https:\/\/max-leven-zentrum.de\/150synagoge\/wp-content\/uploads\/2022\/05\/jf_5234-683x1024.jpg\" alt=\"\" class=\"wp-image-322\" srcset=\"https:\/\/max-leven-zentrum.de\/150synagoge\/wp-content\/uploads\/2022\/05\/jf_5234-683x1024.jpg 683w, https:\/\/max-leven-zentrum.de\/150synagoge\/wp-content\/uploads\/2022\/05\/jf_5234-200x300.jpg 200w, https:\/\/max-leven-zentrum.de\/150synagoge\/wp-content\/uploads\/2022\/05\/jf_5234-768x1152.jpg 768w, https:\/\/max-leven-zentrum.de\/150synagoge\/wp-content\/uploads\/2022\/05\/jf_5234-1024x1536.jpg 1024w, https:\/\/max-leven-zentrum.de\/150synagoge\/wp-content\/uploads\/2022\/05\/jf_5234-1365x2048.jpg 1365w, https:\/\/max-leven-zentrum.de\/150synagoge\/wp-content\/uploads\/2022\/05\/jf_5234-scaled.jpg 1707w\" sizes=\"auto, (max-width: 683px) 100vw, 683px\" \/><\/figure>\n\n\n\n<figure class=\"wp-block-image size-large\"><img loading=\"lazy\" decoding=\"async\" width=\"809\" height=\"1024\" data-id=\"323\" src=\"https:\/\/max-leven-zentrum.de\/150synagoge\/wp-content\/uploads\/2022\/05\/Krauss-5594-809x1024.jpg\" alt=\"\" class=\"wp-image-323\" srcset=\"https:\/\/max-leven-zentrum.de\/150synagoge\/wp-content\/uploads\/2022\/05\/Krauss-5594-809x1024.jpg 809w, https:\/\/max-leven-zentrum.de\/150synagoge\/wp-content\/uploads\/2022\/05\/Krauss-5594-237x300.jpg 237w, https:\/\/max-leven-zentrum.de\/150synagoge\/wp-content\/uploads\/2022\/05\/Krauss-5594-768x972.jpg 768w, https:\/\/max-leven-zentrum.de\/150synagoge\/wp-content\/uploads\/2022\/05\/Krauss-5594-1214x1536.jpg 1214w, https:\/\/max-leven-zentrum.de\/150synagoge\/wp-content\/uploads\/2022\/05\/Krauss-5594-1618x2048.jpg 1618w, https:\/\/max-leven-zentrum.de\/150synagoge\/wp-content\/uploads\/2022\/05\/Krauss-5594-scaled.jpg 2023w\" sizes=\"auto, (max-width: 809px) 100vw, 809px\" \/><\/figure>\n\n\n\n<figure class=\"wp-block-image size-large\"><img loading=\"lazy\" decoding=\"async\" width=\"683\" height=\"1024\" data-id=\"324\" src=\"https:\/\/max-leven-zentrum.de\/150synagoge\/wp-content\/uploads\/2022\/05\/IDT_8918-683x1024.jpg\" alt=\"\" class=\"wp-image-324\" srcset=\"https:\/\/max-leven-zentrum.de\/150synagoge\/wp-content\/uploads\/2022\/05\/IDT_8918-683x1024.jpg 683w, https:\/\/max-leven-zentrum.de\/150synagoge\/wp-content\/uploads\/2022\/05\/IDT_8918-200x300.jpg 200w, https:\/\/max-leven-zentrum.de\/150synagoge\/wp-content\/uploads\/2022\/05\/IDT_8918-768x1152.jpg 768w, https:\/\/max-leven-zentrum.de\/150synagoge\/wp-content\/uploads\/2022\/05\/IDT_8918-1024x1536.jpg 1024w, https:\/\/max-leven-zentrum.de\/150synagoge\/wp-content\/uploads\/2022\/05\/IDT_8918-1365x2048.jpg 1365w, https:\/\/max-leven-zentrum.de\/150synagoge\/wp-content\/uploads\/2022\/05\/IDT_8918-scaled.jpg 1707w\" sizes=\"auto, (max-width: 683px) 100vw, 683px\" \/><\/figure>\n<figcaption class=\"blocks-gallery-caption wp-element-caption\">Links: J\u00fcdischer Friedhof Estherweg, Mitte: Stolpersteine am Hofgarten, Rechts: Bunker Malteserstra\u00dfe mit Fensterrose. Fotos: Daniela Tobias<\/figcaption><\/figure>\n\n\n\n<hr class=\"wp-block-separator has-css-opacity\"\/>\n\n\n\n<h3 class=\"wp-block-heading\">Workshop IV \u2013 Ideenwerkstatt \u201eBunker\/Synagoge\u201c<\/h3>\n\n\n\n<p><strong>Sonntag, 25. September 2022, 11-18 Uhr<br>Aula Gymnasium Schwertstra\u00dfe<\/strong><\/p>\n\n\n\n<p>In kreativer Runde m\u00f6chten wir Ideen zur Zukunft des Bunkers entwickeln. Diese k\u00f6nnen den Bau selber und das umgebende Grundst\u00fcck des Gymnasiums Schwertstra\u00dfe betreffen, aber auch digitale M\u00f6glichkeiten der Vermittlung j\u00fcdischer Geschichte und j\u00fcdischen Lebens. Die Frage, wie sich die verschiedenen Erinnerungsorte der Klingenstadt zu einer \u201eTopographie der Erinnerung\u201c zusammenf\u00fchren lassen, soll ebenso diskutiert werden wie die m\u00f6gliche Entwicklung und Gestaltung des Bunkers im Rahmen des <a rel=\"noreferrer noopener\" href=\"https:\/\/www.solingen.de\/de\/inhalt\/innenstadt\/\" target=\"_blank\">St\u00e4dtebauf\u00f6rderprogramms \u201eCity 2030\u201c<\/a>.<\/p>\n\n\n\n<p class=\"has-background\" style=\"background-color:#efefef\">\u2013 <strong><a href=\"https:\/\/max-leven-zentrum.de\/150synagoge\/workshop-iv-ideenwerkstatt\/\" data-type=\"page\" data-id=\"448\">Werkstattbericht \u201eWorkshop IV \u2013 Ideenwerkstatt\u201c<\/a><\/strong><\/p>\n","protected":false},"excerpt":{"rendered":"<p>Am 12. M\u00e4rz 2022 beging die Stadt Solingen den 150.&nbsp;Jahrestag der Einweihung der Solinger Synagoge mit einem feierlichen Festakt, der<\/p>\n","protected":false},"author":2,"featured_media":331,"parent":0,"menu_order":0,"comment_status":"closed","ping_status":"closed","template":"","meta":{"colormag_page_layout":"default_layout","footnotes":""},"class_list":["post-308","page","type-page","status-publish","has-post-thumbnail","hentry"],"_links":{"self":[{"href":"https:\/\/max-leven-zentrum.de\/150synagoge\/wp-json\/wp\/v2\/pages\/308","targetHints":{"allow":["GET"]}}],"collection":[{"href":"https:\/\/max-leven-zentrum.de\/150synagoge\/wp-json\/wp\/v2\/pages"}],"about":[{"href":"https:\/\/max-leven-zentrum.de\/150synagoge\/wp-json\/wp\/v2\/types\/page"}],"author":[{"embeddable":true,"href":"https:\/\/max-leven-zentrum.de\/150synagoge\/wp-json\/wp\/v2\/users\/2"}],"replies":[{"embeddable":true,"href":"https:\/\/max-leven-zentrum.de\/150synagoge\/wp-json\/wp\/v2\/comments?post=308"}],"version-history":[{"count":47,"href":"https:\/\/max-leven-zentrum.de\/150synagoge\/wp-json\/wp\/v2\/pages\/308\/revisions"}],"predecessor-version":[{"id":507,"href":"https:\/\/max-leven-zentrum.de\/150synagoge\/wp-json\/wp\/v2\/pages\/308\/revisions\/507"}],"wp:featuredmedia":[{"embeddable":true,"href":"https:\/\/max-leven-zentrum.de\/150synagoge\/wp-json\/wp\/v2\/media\/331"}],"wp:attachment":[{"href":"https:\/\/max-leven-zentrum.de\/150synagoge\/wp-json\/wp\/v2\/media?parent=308"}],"curies":[{"name":"wp","href":"https:\/\/api.w.org\/{rel}","templated":true}]}}