{"id":349,"date":"2022-06-17T10:54:01","date_gmt":"2022-06-17T08:54:01","guid":{"rendered":"https:\/\/max-leven-zentrum.de\/150synagoge\/?page_id=349"},"modified":"2024-01-15T15:13:21","modified_gmt":"2024-01-15T14:13:21","slug":"linksammlung","status":"publish","type":"page","link":"https:\/\/max-leven-zentrum.de\/150synagoge\/linksammlung\/","title":{"rendered":"Linksammlung"},"content":{"rendered":"\n<h2 class=\"wp-block-heading\">J\u00fcdische Geschichte in Solingen<\/h2>\n\n\n\n<ul class=\"wp-block-list\">\n<li><a href=\"https:\/\/max-leven-zentrum.de\/\" target=\"_blank\" rel=\"noreferrer noopener\">Max-Leven-Zentrum Solingen<\/a><\/li>\n\n\n\n<li><a rel=\"noreferrer noopener\" href=\"https:\/\/juedischer-friedhof-solingen.de\/\" target=\"_blank\">J\u00fcdischer Friedhof Solingen<\/a> (Alexander-Coppel-Gesamtschule)<\/li>\n\n\n\n<li><a rel=\"noreferrer noopener\" href=\"https:\/\/stolpersteine-solingen.de\/\" target=\"_blank\">Unterst\u00fctzerkreis Stolpersteine<\/a><\/li>\n\n\n\n<li><a href=\"https:\/\/solingen.de\/inhalt\/verzeichnis\/stumblingStones\" target=\"_blank\" rel=\"noreferrer noopener\">Biographien Stolpersteine<\/a> (Stadtarchiv Solingen)<\/li>\n\n\n\n<li><a href=\"https:\/\/solingen.de\/inhalt\/stadtarchiv-novemberpogrom\" target=\"_blank\" rel=\"noreferrer noopener\">Novemberpogrom 1938 in Solingen<\/a> (Stadtarchiv Solingen)<\/li>\n\n\n\n<li><a rel=\"noreferrer noopener\" href=\"https:\/\/synagoge-solingen.de\/\" target=\"_blank\">Virtuelles Modell der Synagoge<\/a> (Excit3D)<\/li>\n\n\n\n<li><a rel=\"noreferrer noopener\" href=\"https:\/\/max-leven-zentrum.de\/2021JLID\/\" target=\"_blank\">Stadtrundg\u00e4nge zur j\u00fcdischen Geschichte<\/a><\/li>\n\n\n\n<li><a href=\"https:\/\/seven-places.org\/category\/solingen\/\" target=\"_blank\" rel=\"noreferrer noopener\">7 places<\/a> (Zentrum f\u00fcr verfolgte K\u00fcnste)<\/li>\n<\/ul>\n\n\n\n<h2 class=\"wp-block-heading\">J\u00fcdische Geschichte und j\u00fcdisches Leben in Deutschland<\/h2>\n\n\n\n<ul class=\"wp-block-list\">\n<li><a rel=\"noreferrer noopener\" href=\"https:\/\/2021jlid.de\/\" target=\"_blank\">#2021JLID J\u00fcdisches Leben in Deutschland<\/a><\/li>\n\n\n\n<li><a rel=\"noreferrer noopener\" href=\"https:\/\/www.bpb.de\/mediathek\/reihen\/504993\/juedisches-leben-in-deutschland\/\" target=\"_blank\">Geschichte der J\u00fcdinnen und Juden in Deutschland<\/a> (Bundeszentrale f\u00fcr politische Bildung)<\/li>\n\n\n\n<li><a rel=\"noreferrer noopener\" href=\"https:\/\/www.igdj-hh.de\/\" target=\"_blank\">Institut f\u00fcr die Geschichte der deutschen Juden<\/a><\/li>\n\n\n\n<li><a href=\"https:\/\/stolpersteine.wdr.de\/web\/de\/\">StolpersteinApp des WDR<\/a><\/li>\n\n\n\n<li><a rel=\"noreferrer noopener\" href=\"https:\/\/www.jewish-places.de\/de\/map\" target=\"_blank\">Jewish places<\/a><\/li>\n<\/ul>\n\n\n\n<h2 class=\"wp-block-heading\">Recherche<\/h2>\n\n\n\n<ul class=\"wp-block-list\">\n<li><a rel=\"noreferrer noopener\" href=\"https:\/\/zeitpunkt.nrw\/\" target=\"_blank\">Zeitungsportal NRW<\/a><\/li>\n\n\n\n<li><a rel=\"noreferrer noopener\" href=\"https:\/\/sammlungen.ub.uni-frankfurt.de\/cm\" target=\"_blank\">Compact Memory<\/a> (Unibibliothek Frankfurt)<\/li>\n\n\n\n<li><a rel=\"noreferrer noopener\" href=\"https:\/\/archive.org\/details\/aufbau\" target=\"_blank\">Aufbau New York<\/a> (Namenssuche: <a rel=\"noreferrer noopener\" href=\"https:\/\/www.calzareth.com\/aufbau\/search.html\" target=\"_blank\">The Aufbau Indexing Project<\/a>)<\/li>\n\n\n\n<li><a rel=\"noreferrer noopener\" href=\"http:\/\/www.steinheim-institut.de\/cgi-bin\/epidat\" target=\"_blank\">Datenbank zur j\u00fcdischen Grabsteinepigraphik<\/a> (Steinheim-Institut)<\/li>\n\n\n\n<li><a rel=\"noreferrer noopener\" href=\"http:\/\/www.alemannia-judaica.de\/\" target=\"_blank\">Alemannia Judaica<\/a><\/li>\n\n\n\n<li><a rel=\"noreferrer noopener\" href=\"https:\/\/www.lbi.org\/collections\/digibaeck\/\" target=\"_blank\">Digital Collections at Leo Baeck Institute<\/a><\/li>\n\n\n\n<li><a rel=\"noreferrer noopener\" href=\"https:\/\/www.bundesarchiv.de\/gedenkbuch\/\" target=\"_blank\">Gedenkbuch des Bundesarchivs<\/a><\/li>\n\n\n\n<li><a href=\"https:\/\/www.gedenkbuch-wuppertal.de\/\" target=\"_blank\" rel=\"noreferrer noopener\">Gedenkbuch Wuppertal<\/a><\/li>\n\n\n\n<li><a rel=\"noreferrer noopener\" href=\"https:\/\/collections.arolsen-archives.org\/de\/search\/\" target=\"_blank\">Arolsen Archives<\/a><\/li>\n\n\n\n<li><a rel=\"noreferrer noopener\" href=\"https:\/\/www.yadvashem.org\/de.html\" target=\"_blank\">Yad Vashem<\/a> (darin: <a rel=\"noreferrer noopener\" href=\"https:\/\/yvng.yadvashem.org\/index.html?language=de\" target=\"_blank\">Shoah Name Database<\/a>)<\/li>\n\n\n\n<li><a rel=\"noreferrer noopener\" href=\"https:\/\/collections.ushmm.org\/search\/\" target=\"_blank\">United States Holocaust Memorial Museum<\/a><\/li>\n\n\n\n<li><a rel=\"noreferrer noopener\" href=\"https:\/\/ressources.memorialdelashoah.org\/\" target=\"_blank\">Memorial de la Shoah<\/a> (Frankreich)<\/li>\n\n\n\n<li><a rel=\"noreferrer noopener\" href=\"https:\/\/www.joodsmonument.nl\/\" target=\"_blank\">Joodsmonument.nl<\/a> (Niederlande)<\/li>\n\n\n\n<li><a rel=\"noreferrer noopener\" href=\"https:\/\/www.holocaust.cz\/de\/main-3\/\" target=\"_blank\">Opferdatenbank Theresienstadt<\/a><\/li>\n\n\n\n<li><a rel=\"noreferrer noopener\" href=\"https:\/\/www.archives.gov.il\/en\/\" target=\"_blank\">Israel State Archives<\/a><\/li>\n\n\n\n<li><a rel=\"noreferrer noopener\" href=\"https:\/\/www.jewishgen.org\/\" target=\"_blank\">Jewishgen.org<\/a><\/li>\n\n\n\n<li><a rel=\"noreferrer noopener\" href=\"https:\/\/www.familysearch.org\/de\/\" target=\"_blank\">Familysearch.org<\/a><\/li>\n<\/ul>\n\n\n\n<h2 class=\"wp-block-heading\">Gedenkst\u00e4tten und Museen<\/h2>\n\n\n\n<ul class=\"wp-block-list\">\n<li><a rel=\"noreferrer noopener\" href=\"https:\/\/www.alte-synagoge-wuppertal.de\/startseite\" target=\"_blank\">Begegnungsst\u00e4tte Alte Synagoge Wuppertal<\/a><\/li>\n\n\n\n<li><a rel=\"noreferrer noopener\" href=\"https:\/\/erinnerungsort.hs-duesseldorf.de\/\" target=\"_blank\">Erinnerungsort Alter Schlachthof D\u00fcsseldorf<\/a><\/li>\n\n\n\n<li><a rel=\"noreferrer noopener\" href=\"https:\/\/www.duesseldorf.de\/mahn-und-gedenkstaette.html\" target=\"_blank\">Mahn- und Gedenkst\u00e4tte D\u00fcsseldorf<\/a><\/li>\n\n\n\n<li><a rel=\"noreferrer noopener\" href=\"https:\/\/www.essen.de\/leben\/kultur_\/alte_synagoge\/alte_synagoge_startseite.de.html\" target=\"_blank\">Alte Synagoge Essen<\/a><\/li>\n\n\n\n<li><a rel=\"noreferrer noopener\" href=\"https:\/\/museenkoeln.de\/ns-dokumentationszentrum\/default.aspx?s=314\" target=\"_blank\">NS Dok K\u00f6ln<\/a><\/li>\n\n\n\n<li><a rel=\"noreferrer noopener\" href=\"https:\/\/miqua.blog\/\" target=\"_blank\">MiQua K\u00f6ln<\/a><\/li>\n\n\n\n<li><a rel=\"noreferrer noopener\" href=\"https:\/\/www.juedischesmuseum.de\/\" target=\"_blank\">J\u00fcdisches Museum Frankfurt<\/a><\/li>\n\n\n\n<li><a rel=\"noreferrer noopener\" href=\"https:\/\/www.jmberlin.de\/\" target=\"_blank\">J\u00fcdisches Museum Berlin<\/a><\/li>\n\n\n\n<li><a rel=\"noreferrer noopener\" href=\"https:\/\/www.ns-gedenkstaetten.de\/nrw\" target=\"_blank\">NS-Gedenkst\u00e4tten und Erinnerungsorte NRW<\/a><\/li>\n\n\n\n<li><a rel=\"noreferrer noopener\" href=\"https:\/\/www.gedenkstaettenforum.de\/\" target=\"_blank\">Gedenkst\u00e4ttenforum<\/a><\/li>\n\n\n\n<li><a rel=\"noreferrer noopener\" href=\"https:\/\/www.memorialmuseums.org\/\" target=\"_blank\">Orte der Erinnerung in Europa<\/a><\/li>\n<\/ul>\n","protected":false},"excerpt":{"rendered":"<p>J\u00fcdische Geschichte in Solingen J\u00fcdische Geschichte und j\u00fcdisches Leben in Deutschland Recherche Gedenkst\u00e4tten und Museen<\/p>\n","protected":false},"author":2,"featured_media":0,"parent":0,"menu_order":0,"comment_status":"closed","ping_status":"closed","template":"","meta":{"colormag_page_layout":"default_layout","footnotes":""},"class_list":["post-349","page","type-page","status-publish","hentry"],"_links":{"self":[{"href":"https:\/\/max-leven-zentrum.de\/150synagoge\/wp-json\/wp\/v2\/pages\/349","targetHints":{"allow":["GET"]}}],"collection":[{"href":"https:\/\/max-leven-zentrum.de\/150synagoge\/wp-json\/wp\/v2\/pages"}],"about":[{"href":"https:\/\/max-leven-zentrum.de\/150synagoge\/wp-json\/wp\/v2\/types\/page"}],"author":[{"embeddable":true,"href":"https:\/\/max-leven-zentrum.de\/150synagoge\/wp-json\/wp\/v2\/users\/2"}],"replies":[{"embeddable":true,"href":"https:\/\/max-leven-zentrum.de\/150synagoge\/wp-json\/wp\/v2\/comments?post=349"}],"version-history":[{"count":6,"href":"https:\/\/max-leven-zentrum.de\/150synagoge\/wp-json\/wp\/v2\/pages\/349\/revisions"}],"predecessor-version":[{"id":607,"href":"https:\/\/max-leven-zentrum.de\/150synagoge\/wp-json\/wp\/v2\/pages\/349\/revisions\/607"}],"wp:attachment":[{"href":"https:\/\/max-leven-zentrum.de\/150synagoge\/wp-json\/wp\/v2\/media?parent=349"}],"curies":[{"name":"wp","href":"https:\/\/api.w.org\/{rel}","templated":true}]}}