{"id":448,"date":"2022-10-11T17:43:07","date_gmt":"2022-10-11T15:43:07","guid":{"rendered":"https:\/\/max-leven-zentrum.de\/150synagoge\/?page_id=448"},"modified":"2022-10-28T16:55:21","modified_gmt":"2022-10-28T14:55:21","slug":"workshop-iv-ideenwerkstatt","status":"publish","type":"page","link":"https:\/\/max-leven-zentrum.de\/150synagoge\/workshop-iv-ideenwerkstatt\/","title":{"rendered":"Workshop IV \u201eIdeenwerkstatt\u201c"},"content":{"rendered":"\n<p>In der Ideenwerkstatt zur Zukunft des Bunkers wurde am 25. September 2022 am Gymnasium Schwertstra\u00dfe dar\u00fcber diskutiert, wie man die Erinnerung an die in der Pogromnacht 1938 zerst\u00f6rte Solinger Synagoge und Informationen \u00fcber ehemaliges und heutiges j\u00fcdisches Leben analog vor Ort und online vermitteln kann, insbesondere den Sch\u00fclerinnen und Sch\u00fclern, die tagt\u00e4glich den Bunker auf ihrem Schulhof vor Augen haben. Der Workshop wurde von Daniela Tobias und Armin Schulte geleitet.<\/p>\n\n\n\n<figure class=\"wp-block-image size-large\"><img loading=\"lazy\" decoding=\"async\" width=\"1024\" height=\"768\" src=\"https:\/\/max-leven-zentrum.de\/150synagoge\/wp-content\/uploads\/2022\/10\/IMAG6868-1024x768.jpg\" alt=\"\" class=\"wp-image-452\" srcset=\"https:\/\/max-leven-zentrum.de\/150synagoge\/wp-content\/uploads\/2022\/10\/IMAG6868-1024x768.jpg 1024w, https:\/\/max-leven-zentrum.de\/150synagoge\/wp-content\/uploads\/2022\/10\/IMAG6868-300x225.jpg 300w, https:\/\/max-leven-zentrum.de\/150synagoge\/wp-content\/uploads\/2022\/10\/IMAG6868-768x576.jpg 768w, https:\/\/max-leven-zentrum.de\/150synagoge\/wp-content\/uploads\/2022\/10\/IMAG6868-1536x1152.jpg 1536w, https:\/\/max-leven-zentrum.de\/150synagoge\/wp-content\/uploads\/2022\/10\/IMAG6868-2048x1536.jpg 2048w\" sizes=\"auto, (max-width: 1024px) 100vw, 1024px\" \/><\/figure>\n\n\n\n<p><strong>Ralf Rogge<\/strong> stellte die <strong>Geschichte der Solinger Bunker<\/strong>, insbesondere des Bunkers an der Malteserstra\u00dfe, vor, der ab 1943 auf dem Gel\u00e4nde der Synagoge errichtet, aber nie fertiggestellt wurde. Er wurde provisorisch in Betrieb genommen, konnte aber mangels Dach keinen Schutz bieten. Die Stadt Solingen erwarb den Bunker 2021 f\u00fcr einen symbolischen Euro vom Bund unter der Ma\u00dfgabe, im Umfeld des Bunkers eine angemessene Erinnerung an die Solinger Synagoge herzustellen. Eine erste Ma\u00dfnahme war die Anbringung der Fensterrose im M\u00e4rz 2022.<\/p>\n\n\n\n<figure class=\"wp-block-gallery has-nested-images columns-default is-cropped wp-block-gallery-1 is-layout-flex wp-block-gallery-is-layout-flex\">\n<figure class=\"wp-block-image size-large\"><img loading=\"lazy\" decoding=\"async\" width=\"1024\" height=\"683\" data-id=\"451\" src=\"https:\/\/max-leven-zentrum.de\/150synagoge\/wp-content\/uploads\/2022\/10\/IDT_1023-1024x683.jpg\" alt=\"\" class=\"wp-image-451\" srcset=\"https:\/\/max-leven-zentrum.de\/150synagoge\/wp-content\/uploads\/2022\/10\/IDT_1023-1024x683.jpg 1024w, https:\/\/max-leven-zentrum.de\/150synagoge\/wp-content\/uploads\/2022\/10\/IDT_1023-300x200.jpg 300w, https:\/\/max-leven-zentrum.de\/150synagoge\/wp-content\/uploads\/2022\/10\/IDT_1023-768x512.jpg 768w, https:\/\/max-leven-zentrum.de\/150synagoge\/wp-content\/uploads\/2022\/10\/IDT_1023-1536x1024.jpg 1536w, https:\/\/max-leven-zentrum.de\/150synagoge\/wp-content\/uploads\/2022\/10\/IDT_1023-2048x1365.jpg 2048w\" sizes=\"auto, (max-width: 1024px) 100vw, 1024px\" \/><\/figure>\n\n\n\n<figure class=\"wp-block-image size-large\"><img loading=\"lazy\" decoding=\"async\" width=\"1024\" height=\"683\" data-id=\"450\" src=\"https:\/\/max-leven-zentrum.de\/150synagoge\/wp-content\/uploads\/2022\/10\/IDT_1029-1024x683.jpg\" alt=\"\" class=\"wp-image-450\" srcset=\"https:\/\/max-leven-zentrum.de\/150synagoge\/wp-content\/uploads\/2022\/10\/IDT_1029-1024x683.jpg 1024w, https:\/\/max-leven-zentrum.de\/150synagoge\/wp-content\/uploads\/2022\/10\/IDT_1029-300x200.jpg 300w, https:\/\/max-leven-zentrum.de\/150synagoge\/wp-content\/uploads\/2022\/10\/IDT_1029-768x512.jpg 768w, https:\/\/max-leven-zentrum.de\/150synagoge\/wp-content\/uploads\/2022\/10\/IDT_1029-1536x1024.jpg 1536w, https:\/\/max-leven-zentrum.de\/150synagoge\/wp-content\/uploads\/2022\/10\/IDT_1029-2048x1365.jpg 2048w\" sizes=\"auto, (max-width: 1024px) 100vw, 1024px\" \/><\/figure>\n<\/figure>\n\n\n\n<p><strong>Werner und Ben Koch<\/strong> von der <strong>Excit3D GmbH<\/strong> konnten wenige Tage vor dem Workshop in Begleitung der Solinger Feuerwehr 360\u00b0-Aufnahmen im Inneren des Bunkers machen sowie eine Drohnenaufnahme \u00fcber dem Bunker. Derzeit ist der Bunker aus Sicherheitsgr\u00fcnden nicht \u00f6ffentlich zug\u00e4nglich, da teilweise Treppengel\u00e4nder fehlen, Abplatzungen von der Betondecke vorkommen und es kein Licht im Bunker gibt. Werner Koch stellte einen ersten <strong>360\u00b0-Rundgang<\/strong> aus den Aufnahmen vor.<\/p>\n\n\n\n<figure class=\"wp-block-gallery has-nested-images columns-default is-cropped wp-block-gallery-2 is-layout-flex wp-block-gallery-is-layout-flex\">\n<figure class=\"wp-block-image size-large\"><img loading=\"lazy\" decoding=\"async\" width=\"1024\" height=\"641\" data-id=\"454\" src=\"https:\/\/max-leven-zentrum.de\/150synagoge\/wp-content\/uploads\/2022\/10\/Screenshot-2022-09-25-181501-1024x641.jpg\" alt=\"\" class=\"wp-image-454\" srcset=\"https:\/\/max-leven-zentrum.de\/150synagoge\/wp-content\/uploads\/2022\/10\/Screenshot-2022-09-25-181501-1024x641.jpg 1024w, https:\/\/max-leven-zentrum.de\/150synagoge\/wp-content\/uploads\/2022\/10\/Screenshot-2022-09-25-181501-300x188.jpg 300w, https:\/\/max-leven-zentrum.de\/150synagoge\/wp-content\/uploads\/2022\/10\/Screenshot-2022-09-25-181501-768x481.jpg 768w, https:\/\/max-leven-zentrum.de\/150synagoge\/wp-content\/uploads\/2022\/10\/Screenshot-2022-09-25-181501.jpg 1295w\" sizes=\"auto, (max-width: 1024px) 100vw, 1024px\" \/><\/figure>\n\n\n\n<figure class=\"wp-block-image size-large\"><img loading=\"lazy\" decoding=\"async\" width=\"1024\" height=\"644\" data-id=\"453\" src=\"https:\/\/max-leven-zentrum.de\/150synagoge\/wp-content\/uploads\/2022\/10\/Screenshot-2022-09-25-182021-1024x644.jpg\" alt=\"\" class=\"wp-image-453\" srcset=\"https:\/\/max-leven-zentrum.de\/150synagoge\/wp-content\/uploads\/2022\/10\/Screenshot-2022-09-25-182021-1024x644.jpg 1024w, https:\/\/max-leven-zentrum.de\/150synagoge\/wp-content\/uploads\/2022\/10\/Screenshot-2022-09-25-182021-300x189.jpg 300w, https:\/\/max-leven-zentrum.de\/150synagoge\/wp-content\/uploads\/2022\/10\/Screenshot-2022-09-25-182021-768x483.jpg 768w, https:\/\/max-leven-zentrum.de\/150synagoge\/wp-content\/uploads\/2022\/10\/Screenshot-2022-09-25-182021.jpg 1293w\" sizes=\"auto, (max-width: 1024px) 100vw, 1024px\" \/><\/figure>\n<\/figure>\n\n\n\n<p><strong>Michael Roden<\/strong> vom <strong>Stadtdienst Integration<\/strong> berichtete, dass die Stadt Solingen am Abend des 19. Dezember 2022 erstmals zusammen mit der j\u00fcdischen Gemeinde \u00f6ffentlich das <strong>Chanukka-Fest<\/strong> feiern wird. Dabei soll am Bunker symbolisch die zweite Kerze des Chanukka-Leuchters entz\u00fcndet werden. Auch die Gedenkveranstaltung zum <strong>9. November<\/strong> findet traditionell am Bunker statt.<\/p>\n\n\n\n<p>Problematisch ist, dass derzeit die <strong>Gedenktafeln <\/strong>wegen des neuen Sicherungszauns nicht zug\u00e4nglich sind. Die <strong>Fensterrose <\/strong>soll eine dauerhafte, bei Bedarf einsetzbare Beleuchtung bekommen.<\/p>\n\n\n\n<figure class=\"wp-block-gallery has-nested-images columns-default is-cropped wp-block-gallery-3 is-layout-flex wp-block-gallery-is-layout-flex\">\n<figure class=\"wp-block-image size-large\"><img loading=\"lazy\" decoding=\"async\" width=\"1707\" height=\"2560\" data-id=\"324\" src=\"https:\/\/max-leven-zentrum.de\/150synagoge\/wp-content\/uploads\/2022\/05\/IDT_8918-scaled.jpg\" alt=\"\" class=\"wp-image-324\" srcset=\"https:\/\/max-leven-zentrum.de\/150synagoge\/wp-content\/uploads\/2022\/05\/IDT_8918-scaled.jpg 1707w, https:\/\/max-leven-zentrum.de\/150synagoge\/wp-content\/uploads\/2022\/05\/IDT_8918-200x300.jpg 200w, https:\/\/max-leven-zentrum.de\/150synagoge\/wp-content\/uploads\/2022\/05\/IDT_8918-683x1024.jpg 683w, https:\/\/max-leven-zentrum.de\/150synagoge\/wp-content\/uploads\/2022\/05\/IDT_8918-768x1152.jpg 768w, https:\/\/max-leven-zentrum.de\/150synagoge\/wp-content\/uploads\/2022\/05\/IDT_8918-1024x1536.jpg 1024w, https:\/\/max-leven-zentrum.de\/150synagoge\/wp-content\/uploads\/2022\/05\/IDT_8918-1365x2048.jpg 1365w\" sizes=\"auto, (max-width: 1707px) 100vw, 1707px\" \/><\/figure>\n\n\n\n<figure class=\"wp-block-image size-large\"><img loading=\"lazy\" decoding=\"async\" width=\"2003\" height=\"2400\" data-id=\"457\" src=\"https:\/\/max-leven-zentrum.de\/150synagoge\/wp-content\/uploads\/2022\/10\/Tafeln_0856.jpg\" alt=\"\" class=\"wp-image-457\" srcset=\"https:\/\/max-leven-zentrum.de\/150synagoge\/wp-content\/uploads\/2022\/10\/Tafeln_0856.jpg 2003w, https:\/\/max-leven-zentrum.de\/150synagoge\/wp-content\/uploads\/2022\/10\/Tafeln_0856-250x300.jpg 250w, https:\/\/max-leven-zentrum.de\/150synagoge\/wp-content\/uploads\/2022\/10\/Tafeln_0856-855x1024.jpg 855w, https:\/\/max-leven-zentrum.de\/150synagoge\/wp-content\/uploads\/2022\/10\/Tafeln_0856-768x920.jpg 768w, https:\/\/max-leven-zentrum.de\/150synagoge\/wp-content\/uploads\/2022\/10\/Tafeln_0856-1282x1536.jpg 1282w, https:\/\/max-leven-zentrum.de\/150synagoge\/wp-content\/uploads\/2022\/10\/Tafeln_0856-1709x2048.jpg 1709w\" sizes=\"auto, (max-width: 2003px) 100vw, 2003px\" \/><\/figure>\n<\/figure>\n\n\n\n<p>Bei einer <strong>Au\u00dfenbegehung <\/strong>erl\u00e4uterten <strong>Armin Schulte<\/strong> und <strong>Daniela Tobias<\/strong> die Baustelle des Gymnasiums Schwertstra\u00dfe. Der neue Anbau wird bis auf wenige Meter an den Bunker heranreichen und der neue Haupteingang zur Schule soll sich zuk\u00fcnftig an der Malteserstra\u00dfe befinden.<\/p>\n\n\n\n<p>Seit die Stadt Eigent\u00fcmerin des Bunkers ist, wurden aus Sicherheitsgr\u00fcnden ein Zaun rund um das Gel\u00e4nde bzw. Fangnetze an der Fassade angebracht. Der obere kleine Schulhof geh\u00f6rt zum Bunkergel\u00e4nde.<\/p>\n\n\n\n<figure class=\"wp-block-gallery has-nested-images columns-default is-cropped wp-block-gallery-4 is-layout-flex wp-block-gallery-is-layout-flex\">\n<figure class=\"wp-block-image size-large\"><img loading=\"lazy\" decoding=\"async\" width=\"1024\" height=\"683\" data-id=\"459\" src=\"https:\/\/max-leven-zentrum.de\/150synagoge\/wp-content\/uploads\/2022\/10\/IDT_1047-1024x683.jpg\" alt=\"\" class=\"wp-image-459\" srcset=\"https:\/\/max-leven-zentrum.de\/150synagoge\/wp-content\/uploads\/2022\/10\/IDT_1047-1024x683.jpg 1024w, https:\/\/max-leven-zentrum.de\/150synagoge\/wp-content\/uploads\/2022\/10\/IDT_1047-300x200.jpg 300w, https:\/\/max-leven-zentrum.de\/150synagoge\/wp-content\/uploads\/2022\/10\/IDT_1047-768x512.jpg 768w, https:\/\/max-leven-zentrum.de\/150synagoge\/wp-content\/uploads\/2022\/10\/IDT_1047-1536x1024.jpg 1536w, https:\/\/max-leven-zentrum.de\/150synagoge\/wp-content\/uploads\/2022\/10\/IDT_1047-2048x1365.jpg 2048w\" sizes=\"auto, (max-width: 1024px) 100vw, 1024px\" \/><\/figure>\n\n\n\n<figure class=\"wp-block-image size-large\"><img loading=\"lazy\" decoding=\"async\" width=\"1024\" height=\"768\" data-id=\"458\" src=\"https:\/\/max-leven-zentrum.de\/150synagoge\/wp-content\/uploads\/2022\/10\/IMAG6860-1024x768.jpg\" alt=\"\" class=\"wp-image-458\" srcset=\"https:\/\/max-leven-zentrum.de\/150synagoge\/wp-content\/uploads\/2022\/10\/IMAG6860-1024x768.jpg 1024w, https:\/\/max-leven-zentrum.de\/150synagoge\/wp-content\/uploads\/2022\/10\/IMAG6860-300x225.jpg 300w, https:\/\/max-leven-zentrum.de\/150synagoge\/wp-content\/uploads\/2022\/10\/IMAG6860-768x576.jpg 768w, https:\/\/max-leven-zentrum.de\/150synagoge\/wp-content\/uploads\/2022\/10\/IMAG6860-1536x1152.jpg 1536w, https:\/\/max-leven-zentrum.de\/150synagoge\/wp-content\/uploads\/2022\/10\/IMAG6860-2048x1536.jpg 2048w\" sizes=\"auto, (max-width: 1024px) 100vw, 1024px\" \/><\/figure>\n<\/figure>\n\n\n\n<p>Lehrer <strong>Nicolas Weber<\/strong> hatte im vergangenen Schuljahr am <strong>Gymnasium Schwertstra\u00dfe<\/strong> einen <strong>Projektkurs <\/strong>in der Oberstufe  geleitet, der sich mit der Geschichte der Synagoge und ihrer Vermittlung besch\u00e4ftigt hatte. Er stellte die Projektergebnisse vor.<\/p>\n\n\n\n<p>Das Credo der Sch\u00fclerinnen und Sch\u00fcler lautete: \u201eWeg von reiner Dokumentation, hin zur Irritation als Mittel zur Auseinandersetzung mit dem Ort.\u201c Wechselnde visuelle Anreize und Informationen zum Geb\u00e4ude und zum j\u00fcdischen Leben m\u00f6chten sie in die drei \u201eSchauk\u00e4sten\u201c am Vorbau des Bunkers setzen, aber auch \u00fcber QR-Codes zu digitalen Angeboten leiten.<\/p>\n\n\n\n<p>Um den Bereich an der Malteserstra\u00dfe barrierefrei zug\u00e4nglich zu machen, m\u00fcsse dringend der Zaun abgebaut werden. Eine einladende Gestaltung mit einer Sitzbank, eine Bepflanzung mit j\u00fcdischen Bez\u00fcgen und die k\u00fcnstlerische Gestaltung mit einer kleinen Skulptur, die zur Auseinandersetzung anregt, waren Ideen f\u00fcr das Gel\u00e4nde neben dem Vorbau.<\/p>\n\n\n\n<figure class=\"wp-block-gallery has-nested-images columns-default is-cropped wp-block-gallery-5 is-layout-flex wp-block-gallery-is-layout-flex\">\n<figure class=\"wp-block-image size-large\"><img loading=\"lazy\" decoding=\"async\" width=\"1024\" height=\"683\" data-id=\"460\" src=\"https:\/\/max-leven-zentrum.de\/150synagoge\/wp-content\/uploads\/2022\/10\/IDT_1065-1024x683.jpg\" alt=\"\" class=\"wp-image-460\" srcset=\"https:\/\/max-leven-zentrum.de\/150synagoge\/wp-content\/uploads\/2022\/10\/IDT_1065-1024x683.jpg 1024w, https:\/\/max-leven-zentrum.de\/150synagoge\/wp-content\/uploads\/2022\/10\/IDT_1065-300x200.jpg 300w, https:\/\/max-leven-zentrum.de\/150synagoge\/wp-content\/uploads\/2022\/10\/IDT_1065-768x512.jpg 768w, https:\/\/max-leven-zentrum.de\/150synagoge\/wp-content\/uploads\/2022\/10\/IDT_1065-1536x1024.jpg 1536w, https:\/\/max-leven-zentrum.de\/150synagoge\/wp-content\/uploads\/2022\/10\/IDT_1065-2048x1365.jpg 2048w\" sizes=\"auto, (max-width: 1024px) 100vw, 1024px\" \/><\/figure>\n<\/figure>\n\n\n\n<p><strong>Micha Thom, Martina Grams-Wilkens<\/strong> und <strong>Damian Grams<\/strong> stellten anschlie\u00dfend ihr <strong>Konzept \u201eHaus der Erinnerung\u201c<\/strong> vor, das ein multimediales Museum mit verschiedenen Sinnesr\u00e4umen im Bunker nebst gl\u00e4sernem Dachcaf\u00e9 vorsieht.<\/p>\n\n\n\n<p>Sie berichteten von fr\u00fcheren gemeinsamen Projekten beim Internationalen Bund (IB) mit Jugendlichen \u00fcber Stolpersteine, Bunker und von einem Austausch mit Holocaust-\u00dcberlebenden in Warschau. Daraus sind verschiedene Buchprojekte entstanden, die in die Konzeption des \u201eHauses der Erinnerung\u201c eingeflossen sind.<\/p>\n\n\n\n<figure class=\"wp-block-gallery has-nested-images columns-default is-cropped wp-block-gallery-6 is-layout-flex wp-block-gallery-is-layout-flex\">\n<figure class=\"wp-block-image size-large\"><img loading=\"lazy\" decoding=\"async\" width=\"1024\" height=\"519\" data-id=\"462\" src=\"https:\/\/max-leven-zentrum.de\/150synagoge\/wp-content\/uploads\/2022\/10\/Museum-1024x519.jpg\" alt=\"\" class=\"wp-image-462\" srcset=\"https:\/\/max-leven-zentrum.de\/150synagoge\/wp-content\/uploads\/2022\/10\/Museum-1024x519.jpg 1024w, https:\/\/max-leven-zentrum.de\/150synagoge\/wp-content\/uploads\/2022\/10\/Museum-300x152.jpg 300w, https:\/\/max-leven-zentrum.de\/150synagoge\/wp-content\/uploads\/2022\/10\/Museum-768x389.jpg 768w, https:\/\/max-leven-zentrum.de\/150synagoge\/wp-content\/uploads\/2022\/10\/Museum.jpg 1280w\" sizes=\"auto, (max-width: 1024px) 100vw, 1024px\" \/><\/figure>\n\n\n\n<figure class=\"wp-block-image size-large\"><img loading=\"lazy\" decoding=\"async\" width=\"1024\" height=\"632\" data-id=\"461\" src=\"https:\/\/max-leven-zentrum.de\/150synagoge\/wp-content\/uploads\/2022\/10\/Synapsen-1024x632.jpg\" alt=\"\" class=\"wp-image-461\" srcset=\"https:\/\/max-leven-zentrum.de\/150synagoge\/wp-content\/uploads\/2022\/10\/Synapsen-1024x632.jpg 1024w, https:\/\/max-leven-zentrum.de\/150synagoge\/wp-content\/uploads\/2022\/10\/Synapsen-300x185.jpg 300w, https:\/\/max-leven-zentrum.de\/150synagoge\/wp-content\/uploads\/2022\/10\/Synapsen-768x474.jpg 768w, https:\/\/max-leven-zentrum.de\/150synagoge\/wp-content\/uploads\/2022\/10\/Synapsen.jpg 1274w\" sizes=\"auto, (max-width: 1024px) 100vw, 1024px\" \/><\/figure>\n<\/figure>\n\n\n\n<p>In der anschlie\u00dfenden <strong>Diskussionsrunde <\/strong>wurden weitere Ideen gesammelt und nach Machbarkeits-Stufen sortiert.<\/p>\n\n\n\n<p><strong>Mit geringem finanziellen und organisatorischen Aufwand umsetzbare Ideen<\/strong><\/p>\n\n\n\n<ul class=\"wp-block-list\"><li>Ver\u00f6ffentlichung der 360\u00b0- und VR-Rundg\u00e4nge (Synagoge + Bunker)<\/li><li>Sicherung der Fassade, so dass der Zaun zumindest an Malteserstra\u00dfe zur\u00fcckgebaut werden kann.<\/li><li>Vorplatz an der Malteserstra\u00dfe ansprechend gestalten, M\u00f6glichkeit zum Verweilen und Ort der Besinnung\/des Gedenkens schaffen <\/li><li>\u201eSchauk\u00e4sten\u201c in Aussparungen am Vorbau Malteserstra\u00dfe f\u00fcr \u201eAusstellungen\u201c nutzbar machen<\/li><li>Infotafeln mit QR-Codes<\/li><li>Umrisse der Synagoge auf transparente Tafel drucken, um Dimension in Durchsicht auf den Bunker sichtbar zu machen.<\/li><li>Didaktisches Konzept implementieren (Schulen + weitere Partner)<\/li><\/ul>\n\n\n\n<p><strong>Nur mit Genehmigungen und gr\u00f6\u00dferem finanziellen Aufwand umsetzbare Ideen<\/strong><\/p>\n\n\n\n<ul class=\"wp-block-list\"><li>Fassade anmalen oder mit \u201eSynapsen\u201c gestalten, Bild der Synagoge \u00fcber komplette Fassade mit Textilbannern sichtbar machen, Sichtbarmachen des Eingangsportals der Synagoge an Bunkerfassade<\/li><li>\u201eSchattenwurf\u201c der Synagoge auf oberem Schulhof markieren<\/li><li>Turm der Synagoge mit Davidstern in Originalgr\u00f6\u00dfe auf dem Dach nachbilden (Ger\u00fcst oder Glaskuppel)<\/li><li>Grundmauern der Synagoge suchen und falls vorhanden freilegen<\/li><li>Info-Pavillon vor dem Bunker zur NS-Geschichte und Geschichte der Verdr\u00e4ngung, eingebunden in Pavillon-Konzept an verschiedenen Orten (\u201eTopographie der Erinnerung\u201c), neben Infos auch sinnliche Wahrnehmung <\/li><\/ul>\n\n\n\n<p><strong>Visionen<\/strong><\/p>\n\n\n\n<ul class=\"wp-block-list\"><li>\u201eGarten Eden\u201c als Dach-Caf\u00e9, Dach des Bunkers sichern und nutzen f\u00fcr sinnlich wahrnehmbare Erinnerungen (z.B. gesprochene Erinnerungen von NS-Opfern), begehbares Dach mit Aussicht, Br\u00fccke zur Schule<\/li><li>Innenausbau des Bunkers (\u201eHaus der Erinnerung\u201c) <\/li><li>Decke in einem Innenraum durchbrechen, um Bunker-Charakter zu durchbrechen<\/li><li>Abrei\u00dfen + Synagoge bauen<\/li><\/ul>\n\n\n\n<figure class=\"wp-block-gallery has-nested-images columns-default is-cropped wp-block-gallery-7 is-layout-flex wp-block-gallery-is-layout-flex\">\n<figure class=\"wp-block-image size-large\"><img loading=\"lazy\" decoding=\"async\" width=\"1024\" height=\"768\" data-id=\"464\" src=\"https:\/\/max-leven-zentrum.de\/150synagoge\/wp-content\/uploads\/2022\/10\/IMAG6879-1024x768.jpg\" alt=\"\" class=\"wp-image-464\" srcset=\"https:\/\/max-leven-zentrum.de\/150synagoge\/wp-content\/uploads\/2022\/10\/IMAG6879-1024x768.jpg 1024w, https:\/\/max-leven-zentrum.de\/150synagoge\/wp-content\/uploads\/2022\/10\/IMAG6879-300x225.jpg 300w, https:\/\/max-leven-zentrum.de\/150synagoge\/wp-content\/uploads\/2022\/10\/IMAG6879-768x576.jpg 768w, https:\/\/max-leven-zentrum.de\/150synagoge\/wp-content\/uploads\/2022\/10\/IMAG6879-1536x1152.jpg 1536w, https:\/\/max-leven-zentrum.de\/150synagoge\/wp-content\/uploads\/2022\/10\/IMAG6879-2048x1536.jpg 2048w\" sizes=\"auto, (max-width: 1024px) 100vw, 1024px\" \/><\/figure>\n\n\n\n<figure class=\"wp-block-image size-large\"><img loading=\"lazy\" decoding=\"async\" width=\"1024\" height=\"768\" data-id=\"463\" src=\"https:\/\/max-leven-zentrum.de\/150synagoge\/wp-content\/uploads\/2022\/10\/IMAG6882-1024x768.jpg\" alt=\"\" class=\"wp-image-463\" srcset=\"https:\/\/max-leven-zentrum.de\/150synagoge\/wp-content\/uploads\/2022\/10\/IMAG6882-1024x768.jpg 1024w, https:\/\/max-leven-zentrum.de\/150synagoge\/wp-content\/uploads\/2022\/10\/IMAG6882-300x225.jpg 300w, https:\/\/max-leven-zentrum.de\/150synagoge\/wp-content\/uploads\/2022\/10\/IMAG6882-768x576.jpg 768w, https:\/\/max-leven-zentrum.de\/150synagoge\/wp-content\/uploads\/2022\/10\/IMAG6882-1536x1152.jpg 1536w, https:\/\/max-leven-zentrum.de\/150synagoge\/wp-content\/uploads\/2022\/10\/IMAG6882-2048x1536.jpg 2048w\" sizes=\"auto, (max-width: 1024px) 100vw, 1024px\" \/><\/figure>\n<\/figure>\n\n\n\n<p>Die Ergebnisse der Heimatwerkstatt und die weiteren Schritte der Umsetzung werden bei der <strong>Abschlussveranstaltung <\/strong>am <strong>14. November 2022 um 17.30 Uhr<\/strong> im Zentrum f\u00fcr verfolgte K\u00fcnste im Beisein von Oberb\u00fcrgermeister Tim Kurzbach vorgestellt. <\/p>\n","protected":false},"excerpt":{"rendered":"<p>In der Ideenwerkstatt zur Zukunft des Bunkers wurde am 25. September 2022 am Gymnasium Schwertstra\u00dfe dar\u00fcber diskutiert, wie man die<\/p>\n","protected":false},"author":2,"featured_media":0,"parent":0,"menu_order":0,"comment_status":"closed","ping_status":"closed","template":"","meta":{"colormag_page_layout":"default_layout","footnotes":""},"class_list":["post-448","page","type-page","status-publish","hentry"],"_links":{"self":[{"href":"https:\/\/max-leven-zentrum.de\/150synagoge\/wp-json\/wp\/v2\/pages\/448","targetHints":{"allow":["GET"]}}],"collection":[{"href":"https:\/\/max-leven-zentrum.de\/150synagoge\/wp-json\/wp\/v2\/pages"}],"about":[{"href":"https:\/\/max-leven-zentrum.de\/150synagoge\/wp-json\/wp\/v2\/types\/page"}],"author":[{"embeddable":true,"href":"https:\/\/max-leven-zentrum.de\/150synagoge\/wp-json\/wp\/v2\/users\/2"}],"replies":[{"embeddable":true,"href":"https:\/\/max-leven-zentrum.de\/150synagoge\/wp-json\/wp\/v2\/comments?post=448"}],"version-history":[{"count":5,"href":"https:\/\/max-leven-zentrum.de\/150synagoge\/wp-json\/wp\/v2\/pages\/448\/revisions"}],"predecessor-version":[{"id":481,"href":"https:\/\/max-leven-zentrum.de\/150synagoge\/wp-json\/wp\/v2\/pages\/448\/revisions\/481"}],"wp:attachment":[{"href":"https:\/\/max-leven-zentrum.de\/150synagoge\/wp-json\/wp\/v2\/media?parent=448"}],"curies":[{"name":"wp","href":"https:\/\/api.w.org\/{rel}","templated":true}]}}