{"id":82,"date":"2022-01-13T18:58:30","date_gmt":"2022-01-13T17:58:30","guid":{"rendered":"https:\/\/max-leven-zentrum.de\/150synagoge\/?page_id=82"},"modified":"2023-03-24T15:27:58","modified_gmt":"2023-03-24T14:27:58","slug":"virtuelles-modell","status":"publish","type":"page","link":"https:\/\/max-leven-zentrum.de\/150synagoge\/virtuelles-modell\/","title":{"rendered":"Virtuelles Modell"},"content":{"rendered":"\n<p>Das Solinger Unternehmen <a rel=\"noreferrer noopener\" href=\"https:\/\/excit3d.de\/\" target=\"_blank\">Excit3D GmbH<\/a> hat ein virtuelles <a rel=\"noreferrer noopener\" href=\"https:\/\/synagoge-solingen.de\/\" target=\"_blank\">3D-Modell<\/a> der Solinger Synagoge erstellt. Auch der Thoraschrein, das Lesepult und die Sitzb\u00e4nke konnten rekonstruiert werden. Als Referenz dienten historische Pl\u00e4ne und Fotos, sowie Hinweise der Zeitzeugin Bella Tabak Altura, die bis zu ihrem siebten Lebensjahr in Solingen lebte und mit ihren Eltern regelm\u00e4\u00dfig die Synagoge besuchte.<\/p>\n\n\n\n<p class=\"has-background\" style=\"background-color:#efefef\">\u2192 zum 360\u00b0-Rundgang \u00fcber den <a href=\"https:\/\/max-leven-zentrum.de\/150synagoge\/360-rundgang-juedischer-friedhof\/\" target=\"_blank\" rel=\"noreferrer noopener\">j\u00fcdischen Friedhof Solingen<\/a><\/p>\n\n\n\n<figure class=\"wp-block-image size-full\"><a href=\"https:\/\/synagoge-solingen.de\/\" target=\"_blank\" rel=\"noopener\"><img loading=\"lazy\" decoding=\"async\" width=\"1000\" height=\"1000\" src=\"https:\/\/max-leven-zentrum.de\/150synagoge\/wp-content\/uploads\/2022\/03\/Synagoge-1-7.png\" alt=\"\" class=\"wp-image-193\" srcset=\"https:\/\/max-leven-zentrum.de\/150synagoge\/wp-content\/uploads\/2022\/03\/Synagoge-1-7.png 1000w, https:\/\/max-leven-zentrum.de\/150synagoge\/wp-content\/uploads\/2022\/03\/Synagoge-1-7-300x300.png 300w, https:\/\/max-leven-zentrum.de\/150synagoge\/wp-content\/uploads\/2022\/03\/Synagoge-1-7-150x150.png 150w, https:\/\/max-leven-zentrum.de\/150synagoge\/wp-content\/uploads\/2022\/03\/Synagoge-1-7-768x768.png 768w\" sizes=\"auto, (max-width: 1000px) 100vw, 1000px\" \/><\/a><\/figure>\n\n\n\n<p>Daniela Tobias (Vorsitzende des Vereins Max-Leven-Zentrum Solingen e.\u2009V.), der Historiker Dr. Horst Sassin (Schriftf\u00fchrer Max-Leven-Zentrum Solingen e.\u2009V.) und der Historiker Armin Schulte (Max-Leven-Zentrum Solingen\/Stadtarchiv) standen w\u00e4hrend des gesamten Entstehungs\u00adprozesses beratend zur Verf\u00fcgung.<\/p>\n\n\n\n<p>In Zukunft soll das Modell in weiteren Details erg\u00e4nzt werden. Auch eine virtuelle Einbettung der Synagoge in ein Gesamtmodell mit der umstehenden Wohn- und Schulbebauung ist angedacht.<\/p>\n\n\n\n<figure class=\"wp-block-image size-large\"><a href=\"https:\/\/synagoge-solingen.de\/\" target=\"_blank\" rel=\"noopener\"><img loading=\"lazy\" decoding=\"async\" width=\"1024\" height=\"571\" src=\"https:\/\/max-leven-zentrum.de\/150synagoge\/wp-content\/uploads\/2022\/03\/snip_20220325095323-1024x571.png\" alt=\"\" class=\"wp-image-299\" srcset=\"https:\/\/max-leven-zentrum.de\/150synagoge\/wp-content\/uploads\/2022\/03\/snip_20220325095323-1024x571.png 1024w, https:\/\/max-leven-zentrum.de\/150synagoge\/wp-content\/uploads\/2022\/03\/snip_20220325095323-300x167.png 300w, https:\/\/max-leven-zentrum.de\/150synagoge\/wp-content\/uploads\/2022\/03\/snip_20220325095323-768x428.png 768w, https:\/\/max-leven-zentrum.de\/150synagoge\/wp-content\/uploads\/2022\/03\/snip_20220325095323-1536x856.png 1536w, https:\/\/max-leven-zentrum.de\/150synagoge\/wp-content\/uploads\/2022\/03\/snip_20220325095323-800x445.png 800w, https:\/\/max-leven-zentrum.de\/150synagoge\/wp-content\/uploads\/2022\/03\/snip_20220325095323.png 1920w\" sizes=\"auto, (max-width: 1024px) 100vw, 1024px\" \/><\/a><\/figure>\n\n\n\n<p>Das 3D-Modell l\u00e4sst sich auf unterschiedliche Weise nutzen.<\/p>\n\n\n\n<ol class=\"wp-block-list\">\n<li><strong>Website-Pr\u00e4sentation<\/strong><br>Eine <a rel=\"noreferrer noopener\" href=\"https:\/\/synagoge-solingen.de\/\" target=\"_blank\">browserbasierte Web-Darstellung<\/a> erm\u00f6glicht den Betrachter:innen einen Flug um das Geb\u00e4ude. Durch Scrollen bzw. Swipen (Smartphone) gelangt man durch das Tor auch in das Innere der Synagoge (Hinweis: die Anwendung funktioniert derzeit nur f\u00fcr Desktop-Bildschirme, aber noch nicht f\u00fcr mobile Ger\u00e4te). Ein 360\u00b0-Rundgang f\u00fcr PC und Smartphones ist in Arbeit.<\/li>\n\n\n\n<li><strong>Augmented Reality<\/strong><br>Das Modell insgesamt oder Teile davon, wie der Thoraschrein, k\u00f6nnen in Aug\u00ad\u00admen\u00adted Reality mit einem Smartphone in 3D auf dem Boden platziert werden. Die virtuelle Synagoge l\u00e4sst sich skalieren und man kann sich um sie herum bewegen. <\/li>\n<\/ol>\n\n\n\n<embed src=\"https:\/\/www.vectary.com\/viewer\/v1\/?model=6fafe432-8290-40fd-840b-fbe991e6d006&amp;env=studio3&amp;turntable=3\" width=\"600\" height=\"500\">\n\n\n\n<p class=\"has-small-font-size\">Modell des Thoraschreins. Quelle: Excit3D GmbH<\/p>\n\n\n\n<ol class=\"wp-block-list\" start=\"3\">\n<li><strong>Virtual Reality<br><\/strong>Mit einem Virtual-Reality-Headset kann die Synagoge au\u00dfen umschritten und von innen begangen werden. Abh\u00e4ngig von der Art des Headsets erfolgt die Fortbewegung durch Teleportierung von Punkt zu Punkt oder durch Gehen im realen Raum. <\/li>\n\n\n\n<li><strong>3D-Druck<br><\/strong>Das virtuelle Geb\u00e4ude oder Einzelteile wie der Thoraschrein k\u00f6nnen in verschiedenen 3D-Druckverfahren in unterschiedlichen Gr\u00f6\u00dfen und Mate\u00adrialien gefertigt werden. Erste Testdrucke wurden durch den 3D-Drucker-Hersteller Formlabs und das US-amerikanische Handelskonsulat unterst\u00fctzt.<\/li>\n\n\n\n<li><strong>Film- bzw. Videoerstellung<\/strong><br>Die virtuelle Synagoge kann f\u00fcr Film- bzw. Videoerstellungen Verwendung finden.<\/li>\n<\/ol>\n\n\n\n<iframe loading=\"lazy\" width=\"100%\" height=\"500px\" src=\"https:\/\/www.youtube-nocookie.com\/embed\/8JENK_PqRF4\" title=\"YouTube video player\" frameborder=\"0\" allow=\"accelerometer; autoplay; clipboard-write; encrypted-media; gyroscope; picture-in-picture\" allowfullscreen=\"\"><\/iframe>\n\n\n\n<p>S\u00e4mtliche Arbeiten an der virtuellen Solinger Synagoge wurden in einem viermo\u00adnatigen Ent\u00adsteh\u00adungsprozess von der EXCIT3D GmbH f\u00fcr schulische Zwecke und als Beitrag zur Erinner\u00adungs\u00adarbeit auf eige\u00adne Kosten durchgef\u00fchrt. An den bis\u00adherigen Arbeiten waren ein App-Entwickler und drei 3D-Artists von EXCIT3D beteiligt.<\/p>\n\n\n\n<p>Ebenfalls in diesem Projekt mitgearbeitet hat ein freier Mitarbeiter von Excit3D, der in Charkiw in der Ukraine lebt und arbeitet. Seit dem 24. Februar 2022 ist der Kon\u00adtakt, trotz aller Bem\u00fch\u00adungen, abgerissen. Wir hoffen inst\u00e4ndig, dass ihm und seiner Familie nichts zugesto\u00dfen ist.<\/p>\n\n\n\n<p><strong>Kontakt<\/strong><\/p>\n\n\n\n<p>EXCIT3D GmbH<br>Gesch\u00e4ftsf\u00fchrer<br>Werner Koch<br>Mankhauser Str. 1<br>42699 Solingen<br>Telefon: +49 (0) 212 26049777<br>E-Mail: <a href=\"mailto:info@excit3d.de\">info@excit3d.de<\/a><\/p>\n\n\n\n<figure class=\"wp-block-image size-full\"><a href=\"https:\/\/excit3d.de\/\" target=\"_blank\" rel=\"noopener\"><img loading=\"lazy\" decoding=\"async\" width=\"300\" height=\"100\" src=\"https:\/\/max-leven-zentrum.de\/150synagoge\/wp-content\/uploads\/2022\/03\/EXCIT3D_green.png\" alt=\"\" class=\"wp-image-206\"\/><\/a><\/figure>\n\n\n\n<figure class=\"wp-block-image size-large\"><img loading=\"lazy\" decoding=\"async\" width=\"1024\" height=\"682\" src=\"https:\/\/max-leven-zentrum.de\/150synagoge\/wp-content\/uploads\/2022\/03\/Festakt_9050-1-1024x682.jpg\" alt=\"\" class=\"wp-image-286\" srcset=\"https:\/\/max-leven-zentrum.de\/150synagoge\/wp-content\/uploads\/2022\/03\/Festakt_9050-1-1024x682.jpg 1024w, https:\/\/max-leven-zentrum.de\/150synagoge\/wp-content\/uploads\/2022\/03\/Festakt_9050-1-300x200.jpg 300w, https:\/\/max-leven-zentrum.de\/150synagoge\/wp-content\/uploads\/2022\/03\/Festakt_9050-1-768x512.jpg 768w, https:\/\/max-leven-zentrum.de\/150synagoge\/wp-content\/uploads\/2022\/03\/Festakt_9050-1.jpg 1400w\" sizes=\"auto, (max-width: 1024px) 100vw, 1024px\" \/><figcaption class=\"wp-element-caption\">Werner Koch \u00fcberreichte beim Festakt zwei 3D-Drucke der Synagoge und des Thoraschreins an Abraham Lehrer, Vizepr\u00e4sident des Zentralrats der Juden. Foto: Daniela Tobias<\/figcaption><\/figure>\n","protected":false},"excerpt":{"rendered":"<p>Das Solinger Unternehmen Excit3D GmbH hat ein virtuelles 3D-Modell der Solinger Synagoge erstellt. Auch der Thoraschrein, das Lesepult und die<\/p>\n","protected":false},"author":2,"featured_media":0,"parent":0,"menu_order":0,"comment_status":"closed","ping_status":"closed","template":"","meta":{"colormag_page_layout":"default_layout","footnotes":""},"class_list":["post-82","page","type-page","status-publish","hentry"],"_links":{"self":[{"href":"https:\/\/max-leven-zentrum.de\/150synagoge\/wp-json\/wp\/v2\/pages\/82","targetHints":{"allow":["GET"]}}],"collection":[{"href":"https:\/\/max-leven-zentrum.de\/150synagoge\/wp-json\/wp\/v2\/pages"}],"about":[{"href":"https:\/\/max-leven-zentrum.de\/150synagoge\/wp-json\/wp\/v2\/types\/page"}],"author":[{"embeddable":true,"href":"https:\/\/max-leven-zentrum.de\/150synagoge\/wp-json\/wp\/v2\/users\/2"}],"replies":[{"embeddable":true,"href":"https:\/\/max-leven-zentrum.de\/150synagoge\/wp-json\/wp\/v2\/comments?post=82"}],"version-history":[{"count":25,"href":"https:\/\/max-leven-zentrum.de\/150synagoge\/wp-json\/wp\/v2\/pages\/82\/revisions"}],"predecessor-version":[{"id":529,"href":"https:\/\/max-leven-zentrum.de\/150synagoge\/wp-json\/wp\/v2\/pages\/82\/revisions\/529"}],"wp:attachment":[{"href":"https:\/\/max-leven-zentrum.de\/150synagoge\/wp-json\/wp\/v2\/media?parent=82"}],"curies":[{"name":"wp","href":"https:\/\/api.w.org\/{rel}","templated":true}]}}