{"id":10,"date":"2021-05-04T12:33:04","date_gmt":"2021-05-04T10:33:04","guid":{"rendered":"https:\/\/max-leven-zentrum.de\/2021JLID\/?page_id=10"},"modified":"2022-11-18T15:52:19","modified_gmt":"2022-11-18T14:52:19","slug":"gestalte-deine-website-mit-bloecken","status":"publish","type":"page","link":"https:\/\/max-leven-zentrum.de\/2021JLID\/","title":{"rendered":"Stadtrundg\u00e4nge zur j\u00fcdischen Geschichte"},"content":{"rendered":"\n<div class=\"wp-block-columns alignwide are-vertically-aligned-center is-style-twentytwentyone-columns-overlap is-layout-flex wp-container-core-columns-is-layout-9d6595d7 wp-block-columns-is-layout-flex\">\n<div class=\"wp-block-column is-layout-flow wp-block-column-is-layout-flow\"><div class=\"wp-block-image\">\n<figure class=\"alignright size-large\"><img loading=\"lazy\" decoding=\"async\" width=\"136\" height=\"145\" src=\"https:\/\/max-leven-zentrum.de\/2021JLID\/wp-content\/uploads\/2021\/05\/BMI_Fz_2018_Office_Farbe_small-1.png\" alt=\"Gef\u00f6rdert durch das Bundesministeriums des Innern, f\u00fcr Bau und Heimat aufgrund eines Beschlusses des Deutschen Bundestages\" class=\"wp-image-200\"\/><\/figure>\n<\/div>\n\n\n<p class=\"has-large-font-size\" style=\"line-height:1.6\">Der Verein <a rel=\"noreferrer noopener\" href=\"https:\/\/max-leven-zentrum.de\" target=\"_blank\">Max-Leven-Zentrum Solingen e. V.<\/a> beleuchtet im Rahmen des Festjahres <a rel=\"noreferrer noopener\" href=\"https:\/\/2021jlid.de\/\" target=\"_blank\">#2021JLID<\/a> die vielf\u00e4ltige Geschichte der Juden und J\u00fcdinnen in der Klingenstadt Solingen seit ihrer ersten Erw\u00e4hnung im Jahr 1568: den Aufstieg der Unternehmerfamilie Coppel, das Wirken j\u00fcdischer \u00c4rztinnen und \u00c4rzte und die Rolle der j\u00fcdischen Kaufleute in Solingen-Ohligs. Im Laufe der Zeit konnten wieder Kontakte zu Nachfahren von Familien gekn\u00fcpft werden, die w\u00e4hrend der NS-Zeit aus ihrer Heimatstadt vertrieben wurden.<\/p>\n\n\n\n<p class=\"has-large-font-size\" style=\"line-height:1.6\">Die <a href=\"https:\/\/max-leven-zentrum.de\/2021JLID\/termine-2\/\" data-type=\"page\" data-id=\"938\">F\u00fchrungen<\/a> werden je nach Entfernung zu Fu\u00df oder f\u00fcr Fahrradgruppen angeboten und durch ein Audiosystem unterst\u00fctzt. Alle Touren werden auf dieser Webseite dokumentiert und neben deutsch auch in <a href=\"https:\/\/max-leven-zentrum.de\/2021JLID\/dee\/stadt-rundgaenge-zur-geschichte-der-juden\/\">einfacher Sprache<\/a> sowie in <a href=\"https:\/\/max-leven-zentrum.de\/2021JLID\/en\/walking-tours-on-jewish-history\/\">englisch<\/a> und <a href=\"https:\/\/max-leven-zentrum.de\/2021JLID\/tr\/yahudi-tarihinin-izinde-kent-turlari\/\">t\u00fcrkisch<\/a> angeboten. <\/p>\n\n\n\n<p class=\"has-large-font-size\" style=\"line-height:1.6\">Individuelle F\u00fchrungen k\u00f6nnen \u00fcber <a href=\"mailto:info@max-leven-zentrum.de\">info@max-leven-zentrum.de<\/a> vereinbart werden.<\/p>\n<\/div>\n<\/div>\n\n\n\n<div class=\"wp-block-columns is-style-default is-layout-flex wp-container-core-columns-is-layout-53642b31 wp-block-columns-is-layout-flex\" style=\"padding-top:0;padding-right:0;padding-bottom:0;padding-left:0\">\n<div class=\"wp-block-column is-layout-flow wp-block-column-is-layout-flow\"><div class=\"wp-block-image is-style-default\">\n<figure class=\"alignright size-full\"><a href=\"https:\/\/max-leven-zentrum.de\" target=\"_blank\" rel=\"noopener\"><img loading=\"lazy\" decoding=\"async\" width=\"400\" height=\"68\" src=\"https:\/\/max-leven-zentrum.de\/2021JLID\/wp-content\/uploads\/2021\/05\/Logo-MLZev-Futura.jpg\" alt=\"Logo Bildungs- und Gedenkst\u00e4tte Max-Leven-Zentrum Solingen e. V.\" class=\"wp-image-45\" srcset=\"https:\/\/max-leven-zentrum.de\/2021JLID\/wp-content\/uploads\/2021\/05\/Logo-MLZev-Futura.jpg 400w, https:\/\/max-leven-zentrum.de\/2021JLID\/wp-content\/uploads\/2021\/05\/Logo-MLZev-Futura-300x51.jpg 300w\" sizes=\"auto, (max-width: 400px) 100vw, 400px\" \/><\/a><\/figure>\n<\/div><\/div>\n\n\n\n<div class=\"wp-block-column is-layout-flow wp-block-column-is-layout-flow\" style=\"flex-basis:40%\">\n<figure class=\"wp-block-image size-medium\"><a href=\"https:\/\/2021jlid.de\/\" target=\"_blank\" rel=\"noopener\"><img loading=\"lazy\" decoding=\"async\" width=\"300\" height=\"56\" src=\"https:\/\/max-leven-zentrum.de\/2021JLID\/wp-content\/uploads\/2021\/05\/2021JLID_quer_rgb-300x56.png\" alt=\"Logo Festjahr 2021 J\u00fcdisches Leben in Deutschland\" class=\"wp-image-44\" srcset=\"https:\/\/max-leven-zentrum.de\/2021JLID\/wp-content\/uploads\/2021\/05\/2021JLID_quer_rgb-300x56.png 300w, https:\/\/max-leven-zentrum.de\/2021JLID\/wp-content\/uploads\/2021\/05\/2021JLID_quer_rgb-1024x191.png 1024w, https:\/\/max-leven-zentrum.de\/2021JLID\/wp-content\/uploads\/2021\/05\/2021JLID_quer_rgb-768x143.png 768w, https:\/\/max-leven-zentrum.de\/2021JLID\/wp-content\/uploads\/2021\/05\/2021JLID_quer_rgb-1536x287.png 1536w, https:\/\/max-leven-zentrum.de\/2021JLID\/wp-content\/uploads\/2021\/05\/2021JLID_quer_rgb-1568x293.png 1568w, https:\/\/max-leven-zentrum.de\/2021JLID\/wp-content\/uploads\/2021\/05\/2021JLID_quer_rgb.png 2047w\" sizes=\"auto, (max-width: 300px) 100vw, 300px\" \/><\/a><\/figure>\n<\/div>\n<\/div>\n\n\n\n<hr class=\"wp-block-separator has-css-opacity\"\/>\n\n\n\n<div class=\"wp-block-columns alignwide are-vertically-aligned-top is-layout-flex wp-container-core-columns-is-layout-9d6595d7 wp-block-columns-is-layout-flex\">\n<div class=\"wp-block-column is-vertically-aligned-top is-layout-flow wp-block-column-is-layout-flow\">\n<figure class=\"wp-block-image size-large\"><img loading=\"lazy\" decoding=\"async\" width=\"1024\" height=\"708\" src=\"https:\/\/max-leven-zentrum.de\/2021JLID\/wp-content\/uploads\/2021\/05\/Davids_Duesseldorfer_FotoStolp_BEA-1024x708.jpg\" alt=\"Postkarte von ca. 1910 mit dem Bekleidungs-Gesch\u00e4ft Gebr. Davids, D\u00fcsseldorfer Str. 40 (rechts). Quelle: Stadtarchiv Solingen, PK 1600\n\" class=\"wp-image-51\" srcset=\"https:\/\/max-leven-zentrum.de\/2021JLID\/wp-content\/uploads\/2021\/05\/Davids_Duesseldorfer_FotoStolp_BEA-1024x708.jpg 1024w, https:\/\/max-leven-zentrum.de\/2021JLID\/wp-content\/uploads\/2021\/05\/Davids_Duesseldorfer_FotoStolp_BEA-300x207.jpg 300w, https:\/\/max-leven-zentrum.de\/2021JLID\/wp-content\/uploads\/2021\/05\/Davids_Duesseldorfer_FotoStolp_BEA-768x531.jpg 768w, https:\/\/max-leven-zentrum.de\/2021JLID\/wp-content\/uploads\/2021\/05\/Davids_Duesseldorfer_FotoStolp_BEA-1536x1062.jpg 1536w, https:\/\/max-leven-zentrum.de\/2021JLID\/wp-content\/uploads\/2021\/05\/Davids_Duesseldorfer_FotoStolp_BEA-1568x1084.jpg 1568w, https:\/\/max-leven-zentrum.de\/2021JLID\/wp-content\/uploads\/2021\/05\/Davids_Duesseldorfer_FotoStolp_BEA.jpg 1954w\" sizes=\"auto, (max-width: 1024px) 100vw, 1024px\" \/><\/figure>\n\n\n\n<h3 class=\"wp-block-heading\"><a href=\"https:\/\/max-leven-zentrum.de\/2021JLID\/juedische-kaufleute-in-ohligs\/\">J\u00fcdische Kaufleute in Ohligs<\/a><\/h3>\n\n\n\n<p class=\"has-small-font-size\"><em>Von Armin Schulte und Daniela Tobias<\/em><\/p>\n\n\n\n<p>Seit Ende des 19. Jahrhunderts waren die j\u00fcdischen H\u00e4ndlerinnen und H\u00e4ndler an der D\u00fcsseldorfer Stra\u00dfe fester Bestandteil des aufstrebenden Ohligser Zentrums. Nach der Macht\u00fcbernahme durch die Nationalsozialisten wurden sie sehr schnell zum Ziel der antisemitischen NS-Propaganda. <\/p>\n\n\n\n<p><a href=\"https:\/\/max-leven-zentrum.de\/2021JLID\/juedische-kaufleute-in-ohligs\/\">Zur Tour<\/a><\/p>\n<\/div>\n\n\n\n<div class=\"wp-block-column is-vertically-aligned-top is-layout-flow wp-block-column-is-layout-flow\">\n<figure class=\"wp-block-image size-large\"><a href=\"https:\/\/max-leven-zentrum.de\/2021JLID\/juedische-aerzte-und-aerztinnen\/\"><img loading=\"lazy\" decoding=\"async\" width=\"1024\" height=\"783\" src=\"https:\/\/max-leven-zentrum.de\/2021JLID\/wp-content\/uploads\/2021\/05\/Rueppel-Kinderstation-web-1024x783.jpg\" alt=\"Foto von Dr. Erna R\u00fcppel am Kinderkrankenbett, wohl Anfang der 1920er Jahre, Quelle: Horst Sassin\" class=\"wp-image-50\" srcset=\"https:\/\/max-leven-zentrum.de\/2021JLID\/wp-content\/uploads\/2021\/05\/Rueppel-Kinderstation-web-1024x783.jpg 1024w, https:\/\/max-leven-zentrum.de\/2021JLID\/wp-content\/uploads\/2021\/05\/Rueppel-Kinderstation-web-300x229.jpg 300w, https:\/\/max-leven-zentrum.de\/2021JLID\/wp-content\/uploads\/2021\/05\/Rueppel-Kinderstation-web-768x587.jpg 768w, https:\/\/max-leven-zentrum.de\/2021JLID\/wp-content\/uploads\/2021\/05\/Rueppel-Kinderstation-web.jpg 1200w\" sizes=\"auto, (max-width: 1024px) 100vw, 1024px\" \/><\/a><\/figure>\n\n\n\n<h3 class=\"wp-block-heading\"><a href=\"https:\/\/max-leven-zentrum.de\/2021JLID\/juedische-aerzte-und-aerztinnen\/\">J\u00fcdische \u00c4rzte und \u00c4rztinnen<\/a><\/h3>\n\n\n\n<p class=\"has-small-font-size\"><em>Von Dr. Horst Sassin<\/em><\/p>\n\n\n\n<p>Die F\u00fchrung erinnert an Dr. Paul Berkenau, Dr. Emil Kronenberg, das Ehepaar Dr. Ida und Dr. Walter Marcus, Dr. Erna R\u00fcppel und Prof. Dr. Eduard Schott. Ihr Schicksal ersch\u00fctterte viele ihrer Patient:innen, aber sie konnten nicht verhindern, dass sie ihre Praxen aufgeben, das Land verlassen oder untertauchen mussten und im Falle von Dr. Kronenberg auch deportiert wurden. Er und Dr. Erna R\u00fcppel kehrten nach Kriegsende zur\u00fcck nach Solingen.<\/p>\n\n\n\n<p><a href=\"https:\/\/max-leven-zentrum.de\/2021JLID\/juedische-aerzte-und-aerztinnen\/\">Zur Tour<\/a><\/p>\n<\/div>\n\n\n\n<div class=\"wp-block-column is-vertically-aligned-top is-layout-flow wp-block-column-is-layout-flow\">\n<figure class=\"wp-block-image size-large\"><a href=\"https:\/\/max-leven-zentrum.de\/2021JLID\/die-familie-coppel\/\"><img loading=\"lazy\" decoding=\"async\" width=\"1024\" height=\"727\" src=\"https:\/\/max-leven-zentrum.de\/2021JLID\/wp-content\/uploads\/2021\/05\/RS-10125-sw-1024x727.jpg\" alt=\"Foto der Br\u00fcder Heinz, Carl Gustav, Alexander und Hermann Coppel anl\u00e4\u00dflich des 100-j\u00e4hrigen Firmenjubil\u00e4ums 1921, Quelle: Stadtarchiv Solingen, RS 10125\" class=\"wp-image-49\" srcset=\"https:\/\/max-leven-zentrum.de\/2021JLID\/wp-content\/uploads\/2021\/05\/RS-10125-sw-1024x727.jpg 1024w, https:\/\/max-leven-zentrum.de\/2021JLID\/wp-content\/uploads\/2021\/05\/RS-10125-sw-300x213.jpg 300w, https:\/\/max-leven-zentrum.de\/2021JLID\/wp-content\/uploads\/2021\/05\/RS-10125-sw-768x546.jpg 768w, https:\/\/max-leven-zentrum.de\/2021JLID\/wp-content\/uploads\/2021\/05\/RS-10125-sw-1536x1091.jpg 1536w, https:\/\/max-leven-zentrum.de\/2021JLID\/wp-content\/uploads\/2021\/05\/RS-10125-sw-2048x1455.jpg 2048w, https:\/\/max-leven-zentrum.de\/2021JLID\/wp-content\/uploads\/2021\/05\/RS-10125-sw-1568x1114.jpg 1568w\" sizes=\"auto, (max-width: 1024px) 100vw, 1024px\" \/><\/a><\/figure>\n\n\n\n<h3 class=\"wp-block-heading\"><a href=\"https:\/\/max-leven-zentrum.de\/2021JLID\/die-familie-coppel\/\">Die Familie Coppel<\/a><\/h3>\n\n\n\n<p class=\"has-small-font-size\"><em>Von Dietmar Gaida<\/em> und Simone Sassin<\/p>\n\n\n\n<p>Der Metzger und Handelsmann Coppel Samuel kam um 1770 aus dem Frankfurter Raum nach Solingen. Sein Sohn Alexander Coppel gr\u00fcndete 1821 das sp\u00e4ter weltweit agierende Stahlwaren-Unternehmen, das bis 1936 im Familienbesitz war. Gustav Coppel wurde 1906 f\u00fcr sein vielf\u00e4ltiges soziales und politisches Engagement zum Ehrenb\u00fcrger Solingens ernannt. Dessen Sohn Dr. Alexander Coppel wurde 1942 nach Theresienstadt deportiert und ermordet.<\/p>\n\n\n\n<p><a href=\"https:\/\/max-leven-zentrum.de\/2021JLID\/die-familie-coppel\/\">Zur Tour<\/a><\/p>\n<\/div>\n<\/div>\n\n\n\n<p><\/p>\n","protected":false},"excerpt":{"rendered":"<p>Der Verein Max-Leven-Zentrum Solingen e. V. beleuchtet im Rahmen des Festjahres #2021JLID die vielf\u00e4ltige Geschichte der Juden und J\u00fcdinnen in der Klingenstadt Solingen seit ihrer ersten Erw\u00e4hnung im Jahr 1568: den Aufstieg der Unternehmerfamilie Coppel, das Wirken j\u00fcdischer \u00c4rztinnen und \u00c4rzte und die Rolle der j\u00fcdischen Kaufleute in Solingen-Ohligs. Im Laufe der Zeit konnten wieder&hellip; <a class=\"more-link\" href=\"https:\/\/max-leven-zentrum.de\/2021JLID\/\"><span class=\"screen-reader-text\">Stadtrundg\u00e4nge zur j\u00fcdischen Geschichte<\/span> weiterlesen<\/a><\/p>\n","protected":false},"author":2,"featured_media":0,"parent":0,"menu_order":0,"comment_status":"closed","ping_status":"closed","template":"","meta":{"footnotes":""},"class_list":["post-10","page","type-page","status-publish","hentry","entry"],"_links":{"self":[{"href":"https:\/\/max-leven-zentrum.de\/2021JLID\/wp-json\/wp\/v2\/pages\/10","targetHints":{"allow":["GET"]}}],"collection":[{"href":"https:\/\/max-leven-zentrum.de\/2021JLID\/wp-json\/wp\/v2\/pages"}],"about":[{"href":"https:\/\/max-leven-zentrum.de\/2021JLID\/wp-json\/wp\/v2\/types\/page"}],"author":[{"embeddable":true,"href":"https:\/\/max-leven-zentrum.de\/2021JLID\/wp-json\/wp\/v2\/users\/2"}],"replies":[{"embeddable":true,"href":"https:\/\/max-leven-zentrum.de\/2021JLID\/wp-json\/wp\/v2\/comments?post=10"}],"version-history":[{"count":79,"href":"https:\/\/max-leven-zentrum.de\/2021JLID\/wp-json\/wp\/v2\/pages\/10\/revisions"}],"predecessor-version":[{"id":1450,"href":"https:\/\/max-leven-zentrum.de\/2021JLID\/wp-json\/wp\/v2\/pages\/10\/revisions\/1450"}],"wp:attachment":[{"href":"https:\/\/max-leven-zentrum.de\/2021JLID\/wp-json\/wp\/v2\/media?parent=10"}],"curies":[{"name":"wp","href":"https:\/\/api.w.org\/{rel}","templated":true}]}}