{"id":308,"date":"2021-06-09T11:10:19","date_gmt":"2021-06-09T09:10:19","guid":{"rendered":"https:\/\/max-leven-zentrum.de\/2021JLID\/?page_id=308"},"modified":"2021-11-10T20:34:17","modified_gmt":"2021-11-10T19:34:17","slug":"walking-tours-on-jewish-history","status":"publish","type":"page","link":"https:\/\/max-leven-zentrum.de\/2021JLID\/en\/walking-tours-on-jewish-history\/","title":{"rendered":"Walking tours on Jewish history"},"content":{"rendered":"\n<div class=\"wp-block-columns alignwide are-vertically-aligned-center is-style-twentytwentyone-columns-overlap is-layout-flex wp-container-core-columns-is-layout-9d6595d7 wp-block-columns-is-layout-flex\">\n<div class=\"wp-block-column is-layout-flow wp-block-column-is-layout-flow\">\n<h2 class=\"wp-block-heading\">Walking tours on Jewish history in Solingen<\/h2>\n\n\n\n<div class=\"wp-block-image\"><figure class=\"alignright size-large\"><img loading=\"lazy\" decoding=\"async\" width=\"136\" height=\"145\" src=\"https:\/\/max-leven-zentrum.de\/2021JLID\/wp-content\/uploads\/2021\/05\/BMI_Fz_2018_Office_Farbe_small-1.png\" alt=\"Funded by the Federal Ministry of the Interior, Building and Community by resolution of the German Bundestag.\" class=\"wp-image-200\"\/><figcaption>Funded by the Federal Ministry of the Interior, Building and Community by resolution of the German Bundestag.<\/figcaption><\/figure><\/div>\n\n\n\n<p class=\"has-large-font-size\" style=\"line-height:1.6\">As part of <a rel=\"noreferrer noopener\" href=\"https:\/\/2021jlid.de\/en\/\" target=\"_blank\">#2021JLID<\/a>, the year of celebration marking 1,700 years of Jewish life in Germany, the association <a rel=\"noreferrer noopener\" href=\"https:\/\/max-leven-zentrum.de\/\" target=\"_blank\">Max-Leven-Zentrum Solingen e. V.<\/a> examines the multi-facetted life and work of Jews in Solingen \u2013 from 1568, when they were first mentioned in the historical records of the \u201cKlingenstadt\u201d (\u201cCity of Blades\u201d), onwards. The tours cover the history of the Coppel industrialist family, the dedication of Jewish doctors and the role of Jewish merchants in the emergent centre of Solingen-Ohligs. In the course of time, it was possible to re-establish contact with a number of descendants from families that had been expelled from their hometown during the Nazi regime.<\/p>\n\n\n\n<p class=\"has-large-font-size\" style=\"line-height:1.6\">Depending on their respective distance, <a href=\"https:\/\/max-leven-zentrum.de\/2021JLID\/en\/category\/dates-en\/\" data-type=\"category\" data-id=\"39\">the tours<\/a> will be offered as walking tours or can be covered by bike (for groups). They will be supported by an audio system. All tours will be documented on this website and are available in <a href=\"https:\/\/max-leven-zentrum.de\/2021JLID\/\">German<\/a>, <a href=\"https:\/\/max-leven-zentrum.de\/2021JLID\/dee\/stadt-rundgaenge-zur-geschichte-der-juden\/\">&#8222;Einfache Sprache&#8220;<\/a> (plain language), English and <a href=\"https:\/\/max-leven-zentrum.de\/2021JLID\/tr\/yahudi-tarihinin-izinde-kent-turlari\/\">Turkish<\/a>.<\/p>\n\n\n\n<p class=\"has-large-font-size\" style=\"line-height:1.6\">Individual tours can be arranged via <a href=\"mailto:info@max-leven-zentrum.de\">info@max-leven-zentrum.de<\/a> or +49 212 5947080.<\/p>\n\n\n\n<p class=\"has-small-font-size\"><em>Translated from German by Miriam Braun, November 2021<\/em><\/p>\n<\/div>\n<\/div>\n\n\n\n<div class=\"wp-block-columns is-layout-flex wp-container-core-columns-is-layout-9d6595d7 wp-block-columns-is-layout-flex\">\n<div class=\"wp-block-column is-layout-flow wp-block-column-is-layout-flow\">\n<figure class=\"wp-block-image size-full\"><a href=\"https:\/\/max-leven-zentrum.de\" target=\"_blank\" rel=\"noopener\"><img loading=\"lazy\" decoding=\"async\" width=\"400\" height=\"68\" src=\"https:\/\/max-leven-zentrum.de\/2021JLID\/wp-content\/uploads\/2021\/05\/Logo-MLZev-Futura.jpg\" alt=\"Logo Bildungs- und Gedenkst\u00e4tte Max-Leven-Zentrum Solingen e. V.\" class=\"wp-image-45\" srcset=\"https:\/\/max-leven-zentrum.de\/2021JLID\/wp-content\/uploads\/2021\/05\/Logo-MLZev-Futura.jpg 400w, https:\/\/max-leven-zentrum.de\/2021JLID\/wp-content\/uploads\/2021\/05\/Logo-MLZev-Futura-300x51.jpg 300w\" sizes=\"auto, (max-width: 400px) 100vw, 400px\" \/><\/a><\/figure>\n<\/div>\n\n\n\n<div class=\"wp-block-column is-layout-flow wp-block-column-is-layout-flow\" style=\"flex-basis:40%\">\n<figure class=\"wp-block-image size-large\"><a href=\"https:\/\/2021jlid.de\/\" target=\"_blank\" rel=\"noopener\"><img loading=\"lazy\" decoding=\"async\" width=\"1024\" height=\"191\" src=\"https:\/\/max-leven-zentrum.de\/2021JLID\/wp-content\/uploads\/2021\/05\/2021JLID_quer_rgb-1024x191.png\" alt=\"Logo Festjahr 2021 J\u00fcdisches Leben in Deutschland\" class=\"wp-image-44\" srcset=\"https:\/\/max-leven-zentrum.de\/2021JLID\/wp-content\/uploads\/2021\/05\/2021JLID_quer_rgb-1024x191.png 1024w, https:\/\/max-leven-zentrum.de\/2021JLID\/wp-content\/uploads\/2021\/05\/2021JLID_quer_rgb-300x56.png 300w, https:\/\/max-leven-zentrum.de\/2021JLID\/wp-content\/uploads\/2021\/05\/2021JLID_quer_rgb-768x143.png 768w, https:\/\/max-leven-zentrum.de\/2021JLID\/wp-content\/uploads\/2021\/05\/2021JLID_quer_rgb-1536x287.png 1536w, https:\/\/max-leven-zentrum.de\/2021JLID\/wp-content\/uploads\/2021\/05\/2021JLID_quer_rgb-1568x293.png 1568w, https:\/\/max-leven-zentrum.de\/2021JLID\/wp-content\/uploads\/2021\/05\/2021JLID_quer_rgb.png 2047w\" sizes=\"auto, (max-width: 1024px) 100vw, 1024px\" \/><\/a><\/figure>\n<\/div>\n<\/div>\n\n\n\n<hr class=\"wp-block-separator\"\/>\n\n\n\n<div class=\"wp-block-columns alignwide are-vertically-aligned-top is-layout-flex wp-container-core-columns-is-layout-9d6595d7 wp-block-columns-is-layout-flex\">\n<div class=\"wp-block-column is-vertically-aligned-top is-layout-flow wp-block-column-is-layout-flow\">\n<figure class=\"wp-block-image size-large\"><a href=\"https:\/\/max-leven-zentrum.de\/2021JLID\/en\/jewish-merchants-in-solingen-ohligs\/\"><img loading=\"lazy\" decoding=\"async\" width=\"1024\" height=\"708\" src=\"https:\/\/max-leven-zentrum.de\/2021JLID\/wp-content\/uploads\/2021\/05\/Davids_Duesseldorfer_FotoStolp_BEA-1024x708.jpg\" alt=\"Postkarte von ca. 1910 mit dem Bekleidungs-Gesch\u00e4ft Gebr. Davids, D\u00fcsseldorfer Str. 40 (rechts). Quelle: Stadtarchiv Solingen, PK 1600\n\" class=\"wp-image-51\" srcset=\"https:\/\/max-leven-zentrum.de\/2021JLID\/wp-content\/uploads\/2021\/05\/Davids_Duesseldorfer_FotoStolp_BEA-1024x708.jpg 1024w, https:\/\/max-leven-zentrum.de\/2021JLID\/wp-content\/uploads\/2021\/05\/Davids_Duesseldorfer_FotoStolp_BEA-300x207.jpg 300w, https:\/\/max-leven-zentrum.de\/2021JLID\/wp-content\/uploads\/2021\/05\/Davids_Duesseldorfer_FotoStolp_BEA-768x531.jpg 768w, https:\/\/max-leven-zentrum.de\/2021JLID\/wp-content\/uploads\/2021\/05\/Davids_Duesseldorfer_FotoStolp_BEA-1536x1062.jpg 1536w, https:\/\/max-leven-zentrum.de\/2021JLID\/wp-content\/uploads\/2021\/05\/Davids_Duesseldorfer_FotoStolp_BEA-1568x1084.jpg 1568w, https:\/\/max-leven-zentrum.de\/2021JLID\/wp-content\/uploads\/2021\/05\/Davids_Duesseldorfer_FotoStolp_BEA.jpg 1954w\" sizes=\"auto, (max-width: 1024px) 100vw, 1024px\" \/><\/a><\/figure>\n\n\n\n<h3 class=\"wp-block-heading\"><a href=\"https:\/\/max-leven-zentrum.de\/2021JLID\/en\/jewish-merchants-in-solingen-ohligs\/\">Jewish Merchants in Solingen-Ohligs<\/a><\/h3>\n\n\n\n<p class=\"has-small-font-size\"><em>by Armin Schulte and Daniela Tobias, translated by Miriam Braun<\/em> <\/p>\n\n\n\n<p>Since the end of the 19th century, Jewish merchants, located along the D\u00fcsseldorfer Stra\u00dfe, formed an inherent part of the emergent centre in Solingen-Ohligs. However, after the National Socialists seized power, they rapidly became the target of antisemitic Nazi propaganda. <\/p>\n\n\n\n<p><a href=\"https:\/\/max-leven-zentrum.de\/2021JLID\/en\/jewish-merchants-in-solingen-ohligs\/\">See tour<\/a><\/p>\n<\/div>\n\n\n\n<div class=\"wp-block-column is-vertically-aligned-top is-layout-flow wp-block-column-is-layout-flow\">\n<figure class=\"wp-block-image size-large\"><a href=\"https:\/\/max-leven-zentrum.de\/2021JLID\/en\/jewish-doctors\/\"><img loading=\"lazy\" decoding=\"async\" width=\"1024\" height=\"783\" src=\"https:\/\/max-leven-zentrum.de\/2021JLID\/wp-content\/uploads\/2021\/05\/Rueppel-Kinderstation-web-1024x783.jpg\" alt=\"Foto von Dr. Erna R\u00fcppel am Kinderkrankenbett, wohl Anfang der 1920er Jahre, Quelle: Horst Sassin\" class=\"wp-image-50\" srcset=\"https:\/\/max-leven-zentrum.de\/2021JLID\/wp-content\/uploads\/2021\/05\/Rueppel-Kinderstation-web-1024x783.jpg 1024w, https:\/\/max-leven-zentrum.de\/2021JLID\/wp-content\/uploads\/2021\/05\/Rueppel-Kinderstation-web-300x229.jpg 300w, https:\/\/max-leven-zentrum.de\/2021JLID\/wp-content\/uploads\/2021\/05\/Rueppel-Kinderstation-web-768x587.jpg 768w, https:\/\/max-leven-zentrum.de\/2021JLID\/wp-content\/uploads\/2021\/05\/Rueppel-Kinderstation-web.jpg 1200w\" sizes=\"auto, (max-width: 1024px) 100vw, 1024px\" \/><\/a><\/figure>\n\n\n\n<h3 class=\"wp-block-heading\"><a href=\"https:\/\/max-leven-zentrum.de\/2021JLID\/en\/jewish-doctors\/\">Jewish Doctors<\/a><\/h3>\n\n\n\n<p class=\"has-small-font-size\"><em>by Dr. Horst Sassin, translated by Miriam Braun<\/em>  <\/p>\n\n\n\n<p>The tour remembers Dr. Paul Berkenau, Dr. Emil Kronenberg, the couple Dr. Ida and Dr. Walter Marcus, Dr. Erna R\u00fcppel and Prof. Dr. Eduard Schott. Their fate agitated and shocked many of their patients, but that could not save the doctors from having to close their medical practices, from having to leave the country or go into hiding or, as was the case with Dr. Kronenberg, from being deported. Dr. Kronenberg and Dr. R\u00fcppel returned to Solingen after the war was over.<\/p>\n\n\n\n<p><a href=\"https:\/\/max-leven-zentrum.de\/2021JLID\/en\/jewish-doctors\/\">See tour<\/a><\/p>\n<\/div>\n\n\n\n<div class=\"wp-block-column is-vertically-aligned-top is-layout-flow wp-block-column-is-layout-flow\">\n<figure class=\"wp-block-image size-large\"><a href=\"https:\/\/max-leven-zentrum.de\/2021JLID\/en\/the-coppel-family\/\"><img loading=\"lazy\" decoding=\"async\" width=\"1024\" height=\"727\" src=\"https:\/\/max-leven-zentrum.de\/2021JLID\/wp-content\/uploads\/2021\/05\/RS-10125-sw-1024x727.jpg\" alt=\"Foto der Br\u00fcder Heinz, Carl Gustav, Alexander und Hermann Coppel anl\u00e4\u00dflich des 100-j\u00e4hrigen Firmenjubil\u00e4ums 1921, Quelle: Stadtarchiv Solingen, RS 10125\" class=\"wp-image-49\" srcset=\"https:\/\/max-leven-zentrum.de\/2021JLID\/wp-content\/uploads\/2021\/05\/RS-10125-sw-1024x727.jpg 1024w, https:\/\/max-leven-zentrum.de\/2021JLID\/wp-content\/uploads\/2021\/05\/RS-10125-sw-300x213.jpg 300w, https:\/\/max-leven-zentrum.de\/2021JLID\/wp-content\/uploads\/2021\/05\/RS-10125-sw-768x546.jpg 768w, https:\/\/max-leven-zentrum.de\/2021JLID\/wp-content\/uploads\/2021\/05\/RS-10125-sw-1536x1091.jpg 1536w, https:\/\/max-leven-zentrum.de\/2021JLID\/wp-content\/uploads\/2021\/05\/RS-10125-sw-2048x1455.jpg 2048w, https:\/\/max-leven-zentrum.de\/2021JLID\/wp-content\/uploads\/2021\/05\/RS-10125-sw-1568x1114.jpg 1568w\" sizes=\"auto, (max-width: 1024px) 100vw, 1024px\" \/><\/a><\/figure>\n\n\n\n<h3 class=\"wp-block-heading\"><a href=\"https:\/\/max-leven-zentrum.de\/2021JLID\/en\/the-coppel-family\/\">The Coppel Family<\/a><\/h3>\n\n\n\n<p class=\"has-small-font-size\"><em>by Dietmar Gaida<\/em> and Simone Sassin<em>, translated by Martina R. Jones<\/em>  <\/p>\n\n\n\n<p>Around 1770, the butcher and tradesman Coppel Samuel moved from the Frankfurt area to Solingen. In 1821, his son Alexander Coppel founded the steel ware company that later operated globally and remained family-owned until 1936. In honour of his diverse social and political commitment, Gustav Coppel became honorary citizen of the city of Solingen in 1906.<\/p>\n\n\n\n<p><a href=\"https:\/\/max-leven-zentrum.de\/2021JLID\/en\/the-coppel-family\/\">See tour<\/a><\/p>\n<\/div>\n<\/div>\n","protected":false},"excerpt":{"rendered":"<p>Walking tours on Jewish history in Solingen As part of #2021JLID, the year of celebration marking 1,700 years of Jewish life in Germany, the association Max-Leven-Zentrum Solingen e. V. examines the multi-facetted life and work of Jews in Solingen \u2013 from 1568, when they were first mentioned in the historical records of the \u201cKlingenstadt\u201d (\u201cCity&hellip; <a class=\"more-link\" href=\"https:\/\/max-leven-zentrum.de\/2021JLID\/en\/walking-tours-on-jewish-history\/\"><span class=\"screen-reader-text\">Walking tours on Jewish history<\/span> weiterlesen<\/a><\/p>\n","protected":false},"author":2,"featured_media":0,"parent":0,"menu_order":0,"comment_status":"closed","ping_status":"closed","template":"","meta":{"footnotes":""},"class_list":["post-308","page","type-page","status-publish","hentry","entry"],"_links":{"self":[{"href":"https:\/\/max-leven-zentrum.de\/2021JLID\/wp-json\/wp\/v2\/pages\/308","targetHints":{"allow":["GET"]}}],"collection":[{"href":"https:\/\/max-leven-zentrum.de\/2021JLID\/wp-json\/wp\/v2\/pages"}],"about":[{"href":"https:\/\/max-leven-zentrum.de\/2021JLID\/wp-json\/wp\/v2\/types\/page"}],"author":[{"embeddable":true,"href":"https:\/\/max-leven-zentrum.de\/2021JLID\/wp-json\/wp\/v2\/users\/2"}],"replies":[{"embeddable":true,"href":"https:\/\/max-leven-zentrum.de\/2021JLID\/wp-json\/wp\/v2\/comments?post=308"}],"version-history":[{"count":29,"href":"https:\/\/max-leven-zentrum.de\/2021JLID\/wp-json\/wp\/v2\/pages\/308\/revisions"}],"predecessor-version":[{"id":1277,"href":"https:\/\/max-leven-zentrum.de\/2021JLID\/wp-json\/wp\/v2\/pages\/308\/revisions\/1277"}],"wp:attachment":[{"href":"https:\/\/max-leven-zentrum.de\/2021JLID\/wp-json\/wp\/v2\/media?parent=308"}],"curies":[{"name":"wp","href":"https:\/\/api.w.org\/{rel}","templated":true}]}}