{"id":938,"date":"2021-09-16T15:05:49","date_gmt":"2021-09-16T13:05:49","guid":{"rendered":"https:\/\/max-leven-zentrum.de\/2021JLID\/?page_id=938"},"modified":"2023-12-06T09:56:58","modified_gmt":"2023-12-06T08:56:58","slug":"termine-2","status":"publish","type":"page","link":"https:\/\/max-leven-zentrum.de\/2021JLID\/termine-2\/","title":{"rendered":"Termine"},"content":{"rendered":"\n<p>\u00d6ffentliche Rundg\u00e4nge werden in der Regel auf deutsch angeboten. Individuelle F\u00fchrungen \u2013 auch in englisch, t\u00fcrkisch oder einfacher Sprache \u2013 k\u00f6nnen unter <a href=\"mailto:info@max-leven-zentrum.de\">info@max-leven-zentrum.de<\/a> oder unter 0212\/5947080 vereinbart werden.<\/p>\n\n\n\n<hr class=\"wp-block-separator has-css-opacity\"\/>\n\n\n\n<p><strong>Freitag, 24. Mai 2024, 16:30 Uhr<\/strong><\/p>\n\n\n\n<h3 class=\"wp-block-heading\">Die Familie Coppel <\/h3>\n\n\n\n<p><em>mit Dietmar Gaida und Simone Sassin<\/em><\/p>\n\n\n\n<p>Der Metzger und Handelsmann Coppel Samuel kam um 1770 aus dem Frankfurter Raum nach Solingen. Sein Sohn Alexander Coppel gr\u00fcndete 1821 das sp\u00e4ter weltweit agierende Stahlwaren-Unternehmen, das bis 1936 im Familienbesitz war. Gustav Coppel wurde 1906 f\u00fcr sein vielf\u00e4ltiges soziales und politisches Engagement zum Ehrenb\u00fcrger Solingens ernannt. Dessen Sohn Dr. Alexander Coppel wurde 1942 nach Theresienstadt deportiert und ermordet.<\/p>\n\n\n\n<p>Die F\u00fchrung erinnert an verschiedene Generationen der<a href=\"https:\/\/max-leven-zentrum.de\/2021JLID\/die-familie-coppel\/\" data-type=\"page\" data-id=\"724\"> Familie Coppel<\/a>. Sie berichtet vom langen Vergessen der Verdienste der Familie und dar\u00fcber wie es durch hartn\u00e4ckiges Engagement gelang, ihr einen Ehrenplatz im Stadtged\u00e4chtnis zur\u00fcckzugeben. Sch\u00fcler und Sch\u00fclerinnen der AG J\u00fcdischer Friedhof der Alexander-Coppel-Gesamtschule unter Leitung von Simone Sassin stellen die Gr\u00e4ber der Familie vor und berichten vom Sch\u00fcleraustausch mit der Partnerschule in Ness Ziona in Israel.<\/p>\n\n\n\n<p class=\"has-yellow-background-color has-background\"><strong>Treffpunkt ist an der Bahnhofstra\u00dfe 11 (Museum Plagiarius an der Ecke zur Alexander-Coppel-Stra\u00dfe)<\/strong>, Endpunkt am j\u00fcdischen Friedhof Estherweg. Die Strecke betr\u00e4gt knapp 4km. Die Teilnahme ist kostenlos. M\u00e4nnliche Besucher m\u00fcssen auf dem j\u00fcdischen Friedhof eine Kopfbedeckung tragen!<\/p>\n\n\n\n<figure class=\"wp-block-image size-large\"><img loading=\"lazy\" decoding=\"async\" width=\"1024\" height=\"683\" src=\"https:\/\/max-leven-zentrum.de\/2021JLID\/wp-content\/uploads\/2021\/08\/jf_5242-1024x683.jpg\" alt=\"\" class=\"wp-image-808\" srcset=\"https:\/\/max-leven-zentrum.de\/2021JLID\/wp-content\/uploads\/2021\/08\/jf_5242-1024x683.jpg 1024w, https:\/\/max-leven-zentrum.de\/2021JLID\/wp-content\/uploads\/2021\/08\/jf_5242-300x200.jpg 300w, https:\/\/max-leven-zentrum.de\/2021JLID\/wp-content\/uploads\/2021\/08\/jf_5242-768x512.jpg 768w, https:\/\/max-leven-zentrum.de\/2021JLID\/wp-content\/uploads\/2021\/08\/jf_5242-1536x1024.jpg 1536w, https:\/\/max-leven-zentrum.de\/2021JLID\/wp-content\/uploads\/2021\/08\/jf_5242-2048x1365.jpg 2048w, https:\/\/max-leven-zentrum.de\/2021JLID\/wp-content\/uploads\/2021\/08\/jf_5242-1568x1045.jpg 1568w\" sizes=\"auto, (max-width: 1024px) 100vw, 1024px\" \/><figcaption class=\"wp-element-caption\">Familiengrab von Gustav Coppel. Foto: Daniela Tobias<\/figcaption><\/figure>\n\n\n\n<hr class=\"wp-block-separator has-alpha-channel-opacity\"\/>\n\n\n\n<p><strong>Freitag, 28. Juni 2024, 16.30 Uhr<\/strong> <\/p>\n\n\n\n<h3 class=\"wp-block-heading\">J\u00fcdische \u00c4rzte und \u00c4rztinnen<\/h3>\n\n\n\n<p><em>mit Horst Sassin<\/em><\/p>\n\n\n\n<p>Die F\u00fchrung erinnert an die <a href=\"https:\/\/max-leven-zentrum.de\/2021JLID\/dee\/juedische-aerzte-und-aerztinnen-2\/\" data-type=\"page\" data-id=\"381\">j\u00fcdischen \u00c4rzte und \u00c4rztinnen<\/a> Dr. Paul Berkenau, Dr. Emil Kronenberg, das Ehepaar Dr. Ida und Dr. Walter Marcus, Dr. Erna R\u00fcppel und Prof. Dr. Eduard Schott. Ihr Schicksal ersch\u00fctterte viele ihrer Patient:innen, aber sie konnten nicht verhindern, dass sie ihre Praxen aufgeben, das Land verlassen oder untertauchen mussten und im Falle von Dr. Kronenberg auch deportiert wurden. Er und Dr. Erna R\u00fcppel kehrten nach Kriegsende zur\u00fcck nach Solingen.<\/p>\n\n\n\n<p class=\"has-yellow-background-color has-background\"><strong>Treffpunkt am Werwolf 20<\/strong>. Die Strecke ist etwa 3km lang. Die Teilnahme ist kostenlos.<\/p>\n\n\n\n<figure class=\"wp-block-image size-large\"><img loading=\"lazy\" decoding=\"async\" width=\"1024\" height=\"783\" src=\"https:\/\/max-leven-zentrum.de\/2021JLID\/wp-content\/uploads\/2021\/05\/Rueppel-Kinderstation-web-1-1024x783.jpg\" alt=\"Dr. Erna R\u00fcppel am Kinderkrankenbett\" class=\"wp-image-356\" srcset=\"https:\/\/max-leven-zentrum.de\/2021JLID\/wp-content\/uploads\/2021\/05\/Rueppel-Kinderstation-web-1-1024x783.jpg 1024w, https:\/\/max-leven-zentrum.de\/2021JLID\/wp-content\/uploads\/2021\/05\/Rueppel-Kinderstation-web-1-300x229.jpg 300w, https:\/\/max-leven-zentrum.de\/2021JLID\/wp-content\/uploads\/2021\/05\/Rueppel-Kinderstation-web-1-768x587.jpg 768w, https:\/\/max-leven-zentrum.de\/2021JLID\/wp-content\/uploads\/2021\/05\/Rueppel-Kinderstation-web-1.jpg 1200w\" sizes=\"auto, (max-width: 1024px) 100vw, 1024px\" \/><figcaption class=\"wp-element-caption\">Dr. Erna R\u00fcppel am Kinderkrankenbett, wohl Anfang der 1920er Jahre, Quelle: Horst Sassin\n<\/figcaption><\/figure>\n\n\n\n<hr class=\"wp-block-separator has-css-opacity\"\/>\n\n\n\n<p><strong>Derzeit nicht in Planung<\/strong> wegen Baustelle<\/p>\n\n\n\n<h3 class=\"wp-block-heading\">J\u00fcdische Kaufleute in Ohligs<\/h3>\n\n\n\n<p><em>mit Armin Schulte und Daniela Tobias<\/em><\/p>\n\n\n\n<p>Die D\u00fcsseldorfer Stra\u00dfe war in der Reichspogromnacht vom 9. auf den 10. November 1938 eines der Hauptziele von NS-Verb\u00e4nden, die j\u00fcdische Kaufh\u00e4user und Privatwohnungen verw\u00fcsteten und die Besitzer bedrohten und misshandelten. Damit begann die endg\u00fcltige Vertreibung der <a href=\"https:\/\/max-leven-zentrum.de\/2021JLID\/juedische-kaufleute-in-ohligs\/\">j\u00fcdischen Kaufleute aus Ohligs<\/a>, die seit Ende des 19. Jahrhunderts in die prosperierende Kleinstadt gezogen waren und sich hier eine Existenz aufgebaut hatten. Sie waren geachtete B\u00fcrgerinnen und B\u00fcrger, die sich in Vereinen, in der Kommunalpolitik und in Wirtschaftsverb\u00e4nden engagierten. Ihre Mode-, Schuh- und Manufakturwarenl\u00e4den waren f\u00fcr die Ohligser beliebte Einkaufsziele.<\/p>\n\n\n\n<p>Im Rahmen der F\u00fchrung wird das Buch \u201eJ\u00fcdische Kaufleute in Ohligs\u201c von Daniela Tobias und Armin Schulte vorgestellt. Es ist in den Ohligser Buchhandlungen erh\u00e4ltlich.<\/p>\n\n\n\n<p class=\"has-yellow-background-color has-background\"><strong>Treffpunkt ist an der D\u00fcsseldorfer Stra\u00dfe 40<\/strong>, Ecke Forststra\u00dfe. Die Teilnahme ist kostenlos.<\/p>\n\n\n\n<figure class=\"wp-block-image size-large\"><img loading=\"lazy\" decoding=\"async\" width=\"1024\" height=\"649\" src=\"https:\/\/max-leven-zentrum.de\/2021JLID\/wp-content\/uploads\/2021\/05\/Steeg_Paul_Duessel_1910_FotoStolp_BEAUNS-1024x649.jpg\" alt=\"\" class=\"wp-image-246\" srcset=\"https:\/\/max-leven-zentrum.de\/2021JLID\/wp-content\/uploads\/2021\/05\/Steeg_Paul_Duessel_1910_FotoStolp_BEAUNS-1024x649.jpg 1024w, https:\/\/max-leven-zentrum.de\/2021JLID\/wp-content\/uploads\/2021\/05\/Steeg_Paul_Duessel_1910_FotoStolp_BEAUNS-300x190.jpg 300w, https:\/\/max-leven-zentrum.de\/2021JLID\/wp-content\/uploads\/2021\/05\/Steeg_Paul_Duessel_1910_FotoStolp_BEAUNS-768x487.jpg 768w, https:\/\/max-leven-zentrum.de\/2021JLID\/wp-content\/uploads\/2021\/05\/Steeg_Paul_Duessel_1910_FotoStolp_BEAUNS-1536x974.jpg 1536w, https:\/\/max-leven-zentrum.de\/2021JLID\/wp-content\/uploads\/2021\/05\/Steeg_Paul_Duessel_1910_FotoStolp_BEAUNS-1568x994.jpg 1568w, https:\/\/max-leven-zentrum.de\/2021JLID\/wp-content\/uploads\/2021\/05\/Steeg_Paul_Duessel_1910_FotoStolp_BEAUNS.jpg 1620w\" sizes=\"auto, (max-width: 1024px) 100vw, 1024px\" \/><figcaption class=\"wp-element-caption\">Das Kaufhaus von Paul Steeg (links) bot g\u00fcnstige Spielwaren, Kristallwaren, Kunstgegenst\u00e4nde, Kleinm\u00f6bel, Haushaltswaren und Geschenkartikel an. Postkarte von ca. 1910. Quelle: Stadtarchiv Solingen, PK 2446<\/figcaption><\/figure>\n\n\n\n<hr class=\"wp-block-separator has-css-opacity\"\/>\n","protected":false},"excerpt":{"rendered":"<p>\u00d6ffentliche Rundg\u00e4nge werden in der Regel auf deutsch angeboten. Individuelle F\u00fchrungen \u2013 auch in englisch, t\u00fcrkisch oder einfacher Sprache \u2013 k\u00f6nnen unter info@max-leven-zentrum.de oder unter 0212\/5947080 vereinbart werden. Freitag, 24. Mai 2024, 16:30 Uhr Die Familie Coppel mit Dietmar Gaida und Simone Sassin Der Metzger und Handelsmann Coppel Samuel kam um 1770 aus dem Frankfurter&hellip; <a class=\"more-link\" href=\"https:\/\/max-leven-zentrum.de\/2021JLID\/termine-2\/\"><span class=\"screen-reader-text\">Termine<\/span> weiterlesen<\/a><\/p>\n","protected":false},"author":2,"featured_media":0,"parent":0,"menu_order":0,"comment_status":"closed","ping_status":"closed","template":"","meta":{"footnotes":""},"class_list":["post-938","page","type-page","status-publish","hentry","entry"],"_links":{"self":[{"href":"https:\/\/max-leven-zentrum.de\/2021JLID\/wp-json\/wp\/v2\/pages\/938","targetHints":{"allow":["GET"]}}],"collection":[{"href":"https:\/\/max-leven-zentrum.de\/2021JLID\/wp-json\/wp\/v2\/pages"}],"about":[{"href":"https:\/\/max-leven-zentrum.de\/2021JLID\/wp-json\/wp\/v2\/types\/page"}],"author":[{"embeddable":true,"href":"https:\/\/max-leven-zentrum.de\/2021JLID\/wp-json\/wp\/v2\/users\/2"}],"replies":[{"embeddable":true,"href":"https:\/\/max-leven-zentrum.de\/2021JLID\/wp-json\/wp\/v2\/comments?post=938"}],"version-history":[{"count":30,"href":"https:\/\/max-leven-zentrum.de\/2021JLID\/wp-json\/wp\/v2\/pages\/938\/revisions"}],"predecessor-version":[{"id":1455,"href":"https:\/\/max-leven-zentrum.de\/2021JLID\/wp-json\/wp\/v2\/pages\/938\/revisions\/1455"}],"wp:attachment":[{"href":"https:\/\/max-leven-zentrum.de\/2021JLID\/wp-json\/wp\/v2\/media?parent=938"}],"curies":[{"name":"wp","href":"https:\/\/api.w.org\/{rel}","templated":true}]}}