{"id":994,"date":"2021-10-06T15:14:13","date_gmt":"2021-10-06T13:14:13","guid":{"rendered":"https:\/\/max-leven-zentrum.de\/2021JLID\/?page_id=994"},"modified":"2021-11-17T10:44:19","modified_gmt":"2021-11-17T09:44:19","slug":"tarihleri","status":"publish","type":"page","link":"https:\/\/max-leven-zentrum.de\/2021JLID\/tr\/tarihleri\/","title":{"rendered":"Ba\u015fvuru"},"content":{"rendered":"\n<p>T\u00fcrk\u00e7e rehberli turlar i\u00e7in ba\u015fvuru: <a href=\"mailto:info@max-leven-zentrum.de\">info@max-leven-zentrum.de<\/a> veya +49 212 594 70 80.<\/p>\n","protected":false},"excerpt":{"rendered":"<p>T\u00fcrk\u00e7e rehberli turlar i\u00e7in ba\u015fvuru: info@max-leven-zentrum.de veya +49 212 594 70 80.<\/p>\n","protected":false},"author":2,"featured_media":0,"parent":0,"menu_order":0,"comment_status":"closed","ping_status":"closed","template":"","meta":{"footnotes":""},"class_list":["post-994","page","type-page","status-publish","hentry","entry"],"_links":{"self":[{"href":"https:\/\/max-leven-zentrum.de\/2021JLID\/wp-json\/wp\/v2\/pages\/994","targetHints":{"allow":["GET"]}}],"collection":[{"href":"https:\/\/max-leven-zentrum.de\/2021JLID\/wp-json\/wp\/v2\/pages"}],"about":[{"href":"https:\/\/max-leven-zentrum.de\/2021JLID\/wp-json\/wp\/v2\/types\/page"}],"author":[{"embeddable":true,"href":"https:\/\/max-leven-zentrum.de\/2021JLID\/wp-json\/wp\/v2\/users\/2"}],"replies":[{"embeddable":true,"href":"https:\/\/max-leven-zentrum.de\/2021JLID\/wp-json\/wp\/v2\/comments?post=994"}],"version-history":[{"count":5,"href":"https:\/\/max-leven-zentrum.de\/2021JLID\/wp-json\/wp\/v2\/pages\/994\/revisions"}],"predecessor-version":[{"id":1324,"href":"https:\/\/max-leven-zentrum.de\/2021JLID\/wp-json\/wp\/v2\/pages\/994\/revisions\/1324"}],"wp:attachment":[{"href":"https:\/\/max-leven-zentrum.de\/2021JLID\/wp-json\/wp\/v2\/media?parent=994"}],"curies":[{"name":"wp","href":"https:\/\/api.w.org\/{rel}","templated":true}]}}